{"id":5074,"date":"2024-10-24T09:40:22","date_gmt":"2024-10-24T14:40:22","guid":{"rendered":"https:\/\/www.katiakud.com\/?page_id=5074"},"modified":"2025-06-09T09:15:37","modified_gmt":"2025-06-09T14:15:37","slug":"abilis-website","status":"publish","type":"page","link":"https:\/\/www.katiakud.com\/fr\/abilis-website\/","title":{"rendered":"Abilis Website"},"content":{"rendered":"<div data-elementor-type=\"wp-page\" data-elementor-id=\"5074\" class=\"elementor elementor-5074\" data-elementor-post-type=\"page\">\n\t\t\t\t<div class=\"has_eae_slider elementor-element elementor-element-79c539a3 e-flex e-con-boxed wpr-particle-no wpr-jarallax-no wpr-parallax-no wpr-sticky-section-no wpr-equal-height-no e-con e-parent\" data-eae-slider=\"14067\" data-id=\"79c539a3\" data-element_type=\"container\" data-e-type=\"container\" data-settings=\"{&quot;background_background&quot;:&quot;classic&quot;}\">\n\t\t\t\t\t<div class=\"e-con-inner\">\n\t\t\t\t<div class=\"elementor-element elementor-element-746b1bdc elementor-widget elementor-widget-heading\" data-id=\"746b1bdc\" data-element_type=\"widget\" data-e-type=\"widget\" data-widget_type=\"heading.default\">\n\t\t\t\t<div class=\"elementor-widget-container\">\n\t\t\t\t\t<h1 class=\"elementor-heading-title elementor-size-default\">Refonte du site web d\u2019Abilis Solutions<\/h1>\t\t\t\t<\/div>\n\t\t\t\t<\/div>\n\t\t\t\t<div class=\"elementor-element elementor-element-4c1c8cbc elementor-widget elementor-widget-text-editor\" data-id=\"4c1c8cbc\" data-element_type=\"widget\" data-e-type=\"widget\" data-widget_type=\"text-editor.default\">\n\t\t\t\t<div class=\"elementor-widget-container translation-block\">Mon client, une entreprise de solutions informatiques, souhaitait moderniser son site web obsol\u00e8te afin de mieux refl\u00e9ter son expertise et son approche contemporaine. L\u2019objectif \u00e9tait de cr\u00e9er un site qui d\u00e9gage sophistication, autorit\u00e9 et confiance. En \u00e9troite collaboration avec mon client, nous avons con\u00e7u un site web qui r\u00e9pondait non seulement \u00e0 sa vision, mais aussi aux besoins de ses propres clients. Gr\u00e2ce \u00e0 une approche ax\u00e9e sur l\u2019exp\u00e9rience utilisateur, nous avons d\u00e9velopp\u00e9 un site \u00e9l\u00e9gant et intuitif qui atteint ces objectifs. Depuis son lancement, le site a g\u00e9n\u00e9r\u00e9 plus de trafic et renforc\u00e9 la position de l\u2019entreprise sur le march\u00e9. Vous pouvez d\u00e9couvrir le <a href=\"https:\/\/abilis-solutions.com\/\" target=\"_blank\" rel=\"noopener\"><span style=\"text-decoration: underline\"><strong>nouveau site d\u2019Abilis Solutions<\/strong><\/span><\/a>.<\/div>\n\t\t\t\t<\/div>\n\t\t\t\t<div class=\"elementor-element elementor-element-4ef3a9e elementor-widget elementor-widget-heading\" data-id=\"4ef3a9e\" data-element_type=\"widget\" data-e-type=\"widget\" data-widget_type=\"heading.default\">\n\t\t\t\t<div class=\"elementor-widget-container\">\n\t\t\t\t\t<h2 class=\"elementor-heading-title elementor-size-medium\">Design de site web | Design UX\/UI<\/h2>\t\t\t\t<\/div>\n\t\t\t\t<\/div>\n\t\t\t\t<div class=\"elementor-element elementor-element-4595c2f7 elementor-widget__width-initial elementor-widget elementor-widget-image\" data-id=\"4595c2f7\" data-element_type=\"widget\" data-e-type=\"widget\" data-widget_type=\"image.default\">\n\t\t\t\t<div class=\"elementor-widget-container\">\n\t\t\t\t\t\t\t\t\t\t\t\t\t\t\t<img fetchpriority=\"high\" decoding=\"async\" width=\"1024\" height=\"1024\" src=\"https:\/\/www.katiakud.com\/wp-content\/uploads\/2024\/10\/AbilisWebsite-Mockup-1024x1024.webp\" class=\"attachment-large size-large wp-image-5076\" alt=\"Abilis tech company various device mockups on\" srcset=\"https:\/\/www.katiakud.com\/wp-content\/uploads\/2024\/10\/AbilisWebsite-Mockup-1024x1024.webp 1024w, https:\/\/www.katiakud.com\/wp-content\/uploads\/2024\/10\/AbilisWebsite-Mockup-300x300.webp 300w, https:\/\/www.katiakud.com\/wp-content\/uploads\/2024\/10\/AbilisWebsite-Mockup-150x150.webp 150w, https:\/\/www.katiakud.com\/wp-content\/uploads\/2024\/10\/AbilisWebsite-Mockup-768x768.webp 768w, https:\/\/www.katiakud.com\/wp-content\/uploads\/2024\/10\/AbilisWebsite-Mockup.webp 1140w\" sizes=\"(max-width: 1024px) 100vw, 1024px\" \/>\t\t\t\t\t\t\t\t\t\t\t\t\t\t\t<\/div>\n\t\t\t\t<\/div>\n\t\t\t\t<div class=\"elementor-element elementor-element-91c33af elementor-widget__width-initial elementor-widget elementor-widget-image\" data-id=\"91c33af\" data-element_type=\"widget\" data-e-type=\"widget\" data-widget_type=\"image.default\">\n\t\t\t\t<div class=\"elementor-widget-container\">\n\t\t\t\t\t\t\t\t\t\t\t\t\t\t\t<img decoding=\"async\" width=\"1024\" height=\"1024\" src=\"https:\/\/www.katiakud.com\/wp-content\/uploads\/2024\/10\/AbilisWebsite-Mockup_1-1-1024x1024.webp\" class=\"attachment-large size-large wp-image-5080\" alt=\"Abilis tech company various device page mockups\" srcset=\"https:\/\/www.katiakud.com\/wp-content\/uploads\/2024\/10\/AbilisWebsite-Mockup_1-1-1024x1024.webp 1024w, https:\/\/www.katiakud.com\/wp-content\/uploads\/2024\/10\/AbilisWebsite-Mockup_1-1-300x300.webp 300w, https:\/\/www.katiakud.com\/wp-content\/uploads\/2024\/10\/AbilisWebsite-Mockup_1-1-150x150.webp 150w, https:\/\/www.katiakud.com\/wp-content\/uploads\/2024\/10\/AbilisWebsite-Mockup_1-1-768x768.webp 768w, https:\/\/www.katiakud.com\/wp-content\/uploads\/2024\/10\/AbilisWebsite-Mockup_1-1.webp 1140w\" sizes=\"(max-width: 1024px) 100vw, 1024px\" \/>\t\t\t\t\t\t\t\t\t\t\t\t\t\t\t<\/div>\n\t\t\t\t<\/div>\n\t\t\t\t<div class=\"elementor-element elementor-element-4782f32b elementor-widget__width-initial elementor-widget elementor-widget-image\" data-id=\"4782f32b\" data-element_type=\"widget\" data-e-type=\"widget\" data-widget_type=\"image.default\">\n\t\t\t\t<div class=\"elementor-widget-container\">\n\t\t\t\t\t\t\t\t\t\t\t\t\t\t\t<img decoding=\"async\" width=\"1024\" height=\"1024\" src=\"https:\/\/www.katiakud.com\/wp-content\/uploads\/2024\/10\/AbilisWebsite-Mockup_2-1-1024x1024.webp\" class=\"attachment-large size-large wp-image-5081\" alt=\"Abilis tech company various device section mockups\" srcset=\"https:\/\/www.katiakud.com\/wp-content\/uploads\/2024\/10\/AbilisWebsite-Mockup_2-1-1024x1024.webp 1024w, https:\/\/www.katiakud.com\/wp-content\/uploads\/2024\/10\/AbilisWebsite-Mockup_2-1-300x300.webp 300w, https:\/\/www.katiakud.com\/wp-content\/uploads\/2024\/10\/AbilisWebsite-Mockup_2-1-150x150.webp 150w, https:\/\/www.katiakud.com\/wp-content\/uploads\/2024\/10\/AbilisWebsite-Mockup_2-1-768x768.webp 768w, https:\/\/www.katiakud.com\/wp-content\/uploads\/2024\/10\/AbilisWebsite-Mockup_2-1.webp 1140w\" sizes=\"(max-width: 1024px) 100vw, 1024px\" \/>\t\t\t\t\t\t\t\t\t\t\t\t\t\t\t<\/div>\n\t\t\t\t<\/div>\n\t\t\t\t\t<\/div>\n\t\t\t\t<\/div>\n\t\t<div class=\"has_eae_slider elementor-element elementor-element-6ba48ae4 e-flex e-con-boxed wpr-particle-no wpr-jarallax-no wpr-parallax-no wpr-sticky-section-no wpr-equal-height-no e-con e-parent\" data-eae-slider=\"59069\" data-id=\"6ba48ae4\" data-element_type=\"container\" data-e-type=\"container\" data-settings=\"{&quot;background_background&quot;:&quot;classic&quot;}\">\n\t\t\t\t\t<div class=\"e-con-inner\">\n\t\t<div class=\"has_eae_slider elementor-element elementor-element-5384b89f e-con-full e-flex wpr-particle-no wpr-jarallax-no wpr-parallax-no wpr-sticky-section-no wpr-equal-height-no e-con e-child\" data-eae-slider=\"99728\" data-id=\"5384b89f\" data-element_type=\"container\" data-e-type=\"container\">\n\t\t\t\t<div class=\"elementor-element elementor-element-69399b5a elementor-widget elementor-widget-heading\" data-id=\"69399b5a\" data-element_type=\"widget\" data-e-type=\"widget\" data-widget_type=\"heading.default\">\n\t\t\t\t<div class=\"elementor-widget-container\">\n\t\t\t\t\t<h2 class=\"elementor-heading-title elementor-size-default\">Collaborons ensemble !<\/h2>\t\t\t\t<\/div>\n\t\t\t\t<\/div>\n\t\t\t\t<div class=\"elementor-element elementor-element-728fcee2 elementor-widget elementor-widget-text-editor\" data-id=\"728fcee2\" data-element_type=\"widget\" data-e-type=\"widget\" data-widget_type=\"text-editor.default\">\n\t\t\t\t<div class=\"elementor-widget-container translation-block\">Vous avez un projet en t\u00eate ? Je suis enthousiaste \u00e0 l\u2019id\u00e9e de discuter avec vous et d\u2019explorer comment  <strong><i>transformer vos id\u00e9es en quelque chose de vraiment cr\u00e9atif <\/strong><\/i>. Construisons quelque chose de formidable ensemble !<\/div>\n\t\t\t\t<\/div>\n\t\t\t\t<\/div>\n\t\t<div class=\"has_eae_slider elementor-element elementor-element-74e0228c e-con-full e-flex wpr-particle-no wpr-jarallax-no wpr-parallax-no wpr-sticky-section-no wpr-equal-height-no e-con e-child\" data-eae-slider=\"84767\" data-id=\"74e0228c\" data-element_type=\"container\" data-e-type=\"container\">\n\t\t\t\t<div class=\"elementor-element elementor-element-39b5377 elementor-align-center elementor-widget elementor-widget-button\" data-id=\"39b5377\" data-element_type=\"widget\" data-e-type=\"widget\" data-widget_type=\"button.default\">\n\t\t\t\t<div class=\"elementor-widget-container\">\n\t\t\t\t\t\t\t\t\t<div class=\"elementor-button-wrapper\">\n\t\t\t\t\t<a class=\"elementor-button elementor-button-link elementor-size-sm\" href=\"https:\/\/www.katiakud.com\/fr\/contact-katia-kud\/\" target=\"_blank\">\n\t\t\t\t\t\t<span class=\"elementor-button-content-wrapper\">\n\t\t\t\t\t\t\t\t\t<span class=\"elementor-button-text\">Connectons-nous<\/span>\n\t\t\t\t\t<\/span>\n\t\t\t\t\t<\/a>\n\t\t\t\t<\/div>\n\t\t\t\t\t\t\t\t<\/div>\n\t\t\t\t<\/div>\n\t\t\t\t<div class=\"elementor-element elementor-element-64a15a85 elementor-align-center elementor-widget elementor-widget-button\" data-id=\"64a15a85\" data-element_type=\"widget\" data-e-type=\"widget\" data-widget_type=\"button.default\">\n\t\t\t\t<div class=\"elementor-widget-container\">\n\t\t\t\t\t\t\t\t\t<div class=\"elementor-button-wrapper\">\n\t\t\t\t\t<a class=\"elementor-button elementor-button-link elementor-size-sm\" href=\"https:\/\/www.katiakud.com\/wp-content\/uploads\/2024\/09\/KatiaKudriavtsev-CV.pdf\" target=\"_blank\">\n\t\t\t\t\t\t<span class=\"elementor-button-content-wrapper\">\n\t\t\t\t\t\t\t\t\t<span class=\"elementor-button-text\">T\u00e9l\u00e9chargez mon CV<\/span>\n\t\t\t\t\t<\/span>\n\t\t\t\t\t<\/a>\n\t\t\t\t<\/div>\n\t\t\t\t\t\t\t\t<\/div>\n\t\t\t\t<\/div>\n\t\t\t\t<\/div>\n\t\t\t\t\t<\/div>\n\t\t\t\t<\/div>\n\t\t\t\t<\/div>","protected":false},"excerpt":{"rendered":"<p>Abilis Solutions Website Redesign My client, an IT solutions company, wanted to update their outdated website to better reflect their expertise and modern approach. The goal was to create a site that exudes sophistication, authority, and confidence. Collaborating closely with my client, we designed a website that not only met their vision but also addressed the needs of their clients. Using a UX-driven design process, we crafted a sleek and intuitive website that achieved these objectives. Since its launch, the site has attracted increased traffic and strengthened the company&#8217;s market position. You can explore the new site Abilis Solutions. website design | UX\/UI design Let\u2019s Collaborate! Have a project in mind? I\u2019m excited to connect and explore how we can turn your ideas into something truly creative. Let\u2019s build something great together! Let&#8217;s Connect Download my CV<\/p>","protected":false},"author":2,"featured_media":5085,"parent":0,"menu_order":0,"comment_status":"closed","ping_status":"closed","template":"","meta":{"_monsterinsights_skip_tracking":false,"_monsterinsights_sitenote_active":false,"_monsterinsights_sitenote_note":"","_monsterinsights_sitenote_category":0,"footnotes":""},"class_list":["post-5074","page","type-page","status-publish","has-post-thumbnail","hentry"],"blocksy_meta":[],"yoast_head":"<!-- This site is optimized with the Yoast SEO plugin v27.4 - https:\/\/yoast.com\/product\/yoast-seo-wordpress\/ -->\n<title>Abilis Website - Katia Kud Design | Graphic and Web Designer<\/title>\n<meta name=\"description\" content=\"We partnered with an IT solutions company to update their outdated website, focusing on a modern design that showcases expertise, authority, and a user-friendly experience. The result was a sleek, UX-driven website that increased traffic and enhanced the company&#039;s market presence.\" \/>\n<meta name=\"robots\" content=\"index, follow, max-snippet:-1, max-image-preview:large, max-video-preview:-1\" \/>\n<link rel=\"canonical\" href=\"https:\/\/www.katiakud.com\/fr\/abilis-website\/\" \/>\n<meta property=\"og:locale\" content=\"fr_CA\" \/>\n<meta property=\"og:type\" content=\"article\" \/>\n<meta property=\"og:title\" content=\"Abilis Website - Katia Kud Design | Graphic and Web Designer\" \/>\n<meta property=\"og:description\" content=\"We partnered with an IT solutions company to update their outdated website, focusing on a modern design that showcases expertise, authority, and a user-friendly experience. The result was a sleek, UX-driven website that increased traffic and enhanced the company&#039;s market presence.\" \/>\n<meta property=\"og:url\" content=\"https:\/\/www.katiakud.com\/fr\/abilis-website\/\" \/>\n<meta property=\"og:site_name\" content=\"Katia Kud Design | Graphic and Web Designer\" \/>\n<meta property=\"article:modified_time\" content=\"2025-06-09T14:15:37+00:00\" \/>\n<meta property=\"og:image\" content=\"https:\/\/www.katiakud.com\/wp-content\/uploads\/2024\/10\/AbilisWebsite-600x680-2.webp\" \/>\n\t<meta property=\"og:image:width\" content=\"600\" \/>\n\t<meta property=\"og:image:height\" content=\"680\" \/>\n\t<meta property=\"og:image:type\" content=\"image\/webp\" \/>\n<meta name=\"twitter:card\" content=\"summary_large_image\" \/>\n<meta name=\"twitter:label1\" content=\"Estimation du temps de lecture\" \/>\n\t<meta name=\"twitter:data1\" content=\"2 minutes\" \/>\n<script type=\"application\/ld+json\" class=\"yoast-schema-graph\">{\"@context\":\"https:\\\/\\\/schema.org\",\"@graph\":[{\"@type\":\"WebPage\",\"@id\":\"https:\\\/\\\/www.katiakud.com\\\/abilis-website\\\/\",\"url\":\"https:\\\/\\\/www.katiakud.com\\\/abilis-website\\\/\",\"name\":\"Abilis Website - Katia Kud Design | Graphic and Web Designer\",\"isPartOf\":{\"@id\":\"https:\\\/\\\/www.katiakud.com\\\/#website\"},\"primaryImageOfPage\":{\"@id\":\"https:\\\/\\\/www.katiakud.com\\\/abilis-website\\\/#primaryimage\"},\"image\":{\"@id\":\"https:\\\/\\\/www.katiakud.com\\\/abilis-website\\\/#primaryimage\"},\"thumbnailUrl\":\"https:\\\/\\\/www.katiakud.com\\\/wp-content\\\/uploads\\\/2024\\\/10\\\/AbilisWebsite-600x680-2.webp\",\"datePublished\":\"2024-10-24T14:40:22+00:00\",\"dateModified\":\"2025-06-09T14:15:37+00:00\",\"description\":\"We partnered with an IT solutions company to update their outdated website, focusing on a modern design that showcases expertise, authority, and a user-friendly experience. The result was a sleek, UX-driven website that increased traffic and enhanced the company's market presence.\",\"breadcrumb\":{\"@id\":\"https:\\\/\\\/www.katiakud.com\\\/abilis-website\\\/#breadcrumb\"},\"inLanguage\":\"fr-CA\",\"potentialAction\":[{\"@type\":\"ReadAction\",\"target\":[\"https:\\\/\\\/www.katiakud.com\\\/abilis-website\\\/\"]}]},{\"@type\":\"ImageObject\",\"inLanguage\":\"fr-CA\",\"@id\":\"https:\\\/\\\/www.katiakud.com\\\/abilis-website\\\/#primaryimage\",\"url\":\"https:\\\/\\\/www.katiakud.com\\\/wp-content\\\/uploads\\\/2024\\\/10\\\/AbilisWebsite-600x680-2.webp\",\"contentUrl\":\"https:\\\/\\\/www.katiakud.com\\\/wp-content\\\/uploads\\\/2024\\\/10\\\/AbilisWebsite-600x680-2.webp\",\"width\":600,\"height\":680,\"caption\":\"IT company website redesign\"},{\"@type\":\"BreadcrumbList\",\"@id\":\"https:\\\/\\\/www.katiakud.com\\\/abilis-website\\\/#breadcrumb\",\"itemListElement\":[{\"@type\":\"ListItem\",\"position\":1,\"name\":\"Home\",\"item\":\"https:\\\/\\\/www.katiakud.com\\\/\"},{\"@type\":\"ListItem\",\"position\":2,\"name\":\"Abilis Website\"}]},{\"@type\":\"WebSite\",\"@id\":\"https:\\\/\\\/www.katiakud.com\\\/#website\",\"url\":\"https:\\\/\\\/www.katiakud.com\\\/\",\"name\":\"Katia Kud Design | Graphic and Web Designer\",\"description\":\"Graphic &amp; Web Designer Creating Marketing Materials, Reports and Infographics\",\"publisher\":{\"@id\":\"https:\\\/\\\/www.katiakud.com\\\/#organization\"},\"potentialAction\":[{\"@type\":\"SearchAction\",\"target\":{\"@type\":\"EntryPoint\",\"urlTemplate\":\"https:\\\/\\\/www.katiakud.com\\\/?s={search_term_string}\"},\"query-input\":{\"@type\":\"PropertyValueSpecification\",\"valueRequired\":true,\"valueName\":\"search_term_string\"}}],\"inLanguage\":\"fr-CA\"},{\"@type\":\"Organization\",\"@id\":\"https:\\\/\\\/www.katiakud.com\\\/#organization\",\"name\":\"Katia Kud Design | Graphic and Web Designer\",\"url\":\"https:\\\/\\\/www.katiakud.com\\\/\",\"logo\":{\"@type\":\"ImageObject\",\"inLanguage\":\"fr-CA\",\"@id\":\"https:\\\/\\\/www.katiakud.com\\\/#\\\/schema\\\/logo\\\/image\\\/\",\"url\":\"https:\\\/\\\/www.katiakud.com\\\/wp-content\\\/uploads\\\/2024\\\/09\\\/KatiaKud_Rev.svg\",\"contentUrl\":\"https:\\\/\\\/www.katiakud.com\\\/wp-content\\\/uploads\\\/2024\\\/09\\\/KatiaKud_Rev.svg\",\"width\":666,\"height\":170,\"caption\":\"Katia Kud Design | Graphic and Web Designer\"},\"image\":{\"@id\":\"https:\\\/\\\/www.katiakud.com\\\/#\\\/schema\\\/logo\\\/image\\\/\"}}]}<\/script>\n<!-- \/ Yoast SEO plugin. -->","yoast_head_json":{"title":"Abilis Website - Katia Kud Design | Graphic and Web Designer","description":"We partnered with an IT solutions company to update their outdated website, focusing on a modern design that showcases expertise, authority, and a user-friendly experience. The result was a sleek, UX-driven website that increased traffic and enhanced the company's market presence.","robots":{"index":"index","follow":"follow","max-snippet":"max-snippet:-1","max-image-preview":"max-image-preview:large","max-video-preview":"max-video-preview:-1"},"canonical":"https:\/\/www.katiakud.com\/fr\/abilis-website\/","og_locale":"fr_CA","og_type":"article","og_title":"Abilis Website - Katia Kud Design | Graphic and Web Designer","og_description":"We partnered with an IT solutions company to update their outdated website, focusing on a modern design that showcases expertise, authority, and a user-friendly experience. The result was a sleek, UX-driven website that increased traffic and enhanced the company's market presence.","og_url":"https:\/\/www.katiakud.com\/fr\/abilis-website\/","og_site_name":"Katia Kud Design | Graphic and Web Designer","article_modified_time":"2025-06-09T14:15:37+00:00","og_image":[{"width":600,"height":680,"url":"https:\/\/www.katiakud.com\/wp-content\/uploads\/2024\/10\/AbilisWebsite-600x680-2.webp","type":"image\/webp"}],"twitter_card":"summary_large_image","twitter_misc":{"Estimation du temps de lecture":"2 minutes"},"schema":{"@context":"https:\/\/schema.org","@graph":[{"@type":"WebPage","@id":"https:\/\/www.katiakud.com\/abilis-website\/","url":"https:\/\/www.katiakud.com\/abilis-website\/","name":"Abilis Website - Katia Kud Design | Graphic and Web Designer","isPartOf":{"@id":"https:\/\/www.katiakud.com\/#website"},"primaryImageOfPage":{"@id":"https:\/\/www.katiakud.com\/abilis-website\/#primaryimage"},"image":{"@id":"https:\/\/www.katiakud.com\/abilis-website\/#primaryimage"},"thumbnailUrl":"https:\/\/www.katiakud.com\/wp-content\/uploads\/2024\/10\/AbilisWebsite-600x680-2.webp","datePublished":"2024-10-24T14:40:22+00:00","dateModified":"2025-06-09T14:15:37+00:00","description":"We partnered with an IT solutions company to update their outdated website, focusing on a modern design that showcases expertise, authority, and a user-friendly experience. The result was a sleek, UX-driven website that increased traffic and enhanced the company's market presence.","breadcrumb":{"@id":"https:\/\/www.katiakud.com\/abilis-website\/#breadcrumb"},"inLanguage":"fr-CA","potentialAction":[{"@type":"ReadAction","target":["https:\/\/www.katiakud.com\/abilis-website\/"]}]},{"@type":"ImageObject","inLanguage":"fr-CA","@id":"https:\/\/www.katiakud.com\/abilis-website\/#primaryimage","url":"https:\/\/www.katiakud.com\/wp-content\/uploads\/2024\/10\/AbilisWebsite-600x680-2.webp","contentUrl":"https:\/\/www.katiakud.com\/wp-content\/uploads\/2024\/10\/AbilisWebsite-600x680-2.webp","width":600,"height":680,"caption":"IT company website redesign"},{"@type":"BreadcrumbList","@id":"https:\/\/www.katiakud.com\/abilis-website\/#breadcrumb","itemListElement":[{"@type":"ListItem","position":1,"name":"Home","item":"https:\/\/www.katiakud.com\/"},{"@type":"ListItem","position":2,"name":"Abilis Website"}]},{"@type":"WebSite","@id":"https:\/\/www.katiakud.com\/#website","url":"https:\/\/www.katiakud.com\/","name":"Katia Kud Design | Graphic and Web Designer","description":"Graphic &amp; Web Designer Creating Marketing Materials, Reports and Infographics","publisher":{"@id":"https:\/\/www.katiakud.com\/#organization"},"potentialAction":[{"@type":"SearchAction","target":{"@type":"EntryPoint","urlTemplate":"https:\/\/www.katiakud.com\/?s={search_term_string}"},"query-input":{"@type":"PropertyValueSpecification","valueRequired":true,"valueName":"search_term_string"}}],"inLanguage":"fr-CA"},{"@type":"Organization","@id":"https:\/\/www.katiakud.com\/#organization","name":"Katia Kud Design | Graphic and Web Designer","url":"https:\/\/www.katiakud.com\/","logo":{"@type":"ImageObject","inLanguage":"fr-CA","@id":"https:\/\/www.katiakud.com\/#\/schema\/logo\/image\/","url":"https:\/\/www.katiakud.com\/wp-content\/uploads\/2024\/09\/KatiaKud_Rev.svg","contentUrl":"https:\/\/www.katiakud.com\/wp-content\/uploads\/2024\/09\/KatiaKud_Rev.svg","width":666,"height":170,"caption":"Katia Kud Design | Graphic and Web Designer"},"image":{"@id":"https:\/\/www.katiakud.com\/#\/schema\/logo\/image\/"}}]}},"_links":{"self":[{"href":"https:\/\/www.katiakud.com\/fr\/wp-json\/wp\/v2\/pages\/5074","targetHints":{"allow":["GET"]}}],"collection":[{"href":"https:\/\/www.katiakud.com\/fr\/wp-json\/wp\/v2\/pages"}],"about":[{"href":"https:\/\/www.katiakud.com\/fr\/wp-json\/wp\/v2\/types\/page"}],"author":[{"embeddable":true,"href":"https:\/\/www.katiakud.com\/fr\/wp-json\/wp\/v2\/users\/2"}],"replies":[{"embeddable":true,"href":"https:\/\/www.katiakud.com\/fr\/wp-json\/wp\/v2\/comments?post=5074"}],"version-history":[{"count":8,"href":"https:\/\/www.katiakud.com\/fr\/wp-json\/wp\/v2\/pages\/5074\/revisions"}],"predecessor-version":[{"id":5340,"href":"https:\/\/www.katiakud.com\/fr\/wp-json\/wp\/v2\/pages\/5074\/revisions\/5340"}],"wp:featuredmedia":[{"embeddable":true,"href":"https:\/\/www.katiakud.com\/fr\/wp-json\/wp\/v2\/media\/5085"}],"wp:attachment":[{"href":"https:\/\/www.katiakud.com\/fr\/wp-json\/wp\/v2\/media?parent=5074"}],"curies":[{"name":"wp","href":"https:\/\/api.w.org\/{rel}","templated":true}]}}