{"id":3839,"date":"2024-08-25T12:37:25","date_gmt":"2024-08-25T17:37:25","guid":{"rendered":"https:\/\/www.katiakud.com\/?page_id=3839"},"modified":"2025-06-09T09:18:47","modified_gmt":"2025-06-09T14:18:47","slug":"custom-wine-label","status":"publish","type":"page","link":"https:\/\/www.katiakud.com\/fr\/custom-wine-label\/","title":{"rendered":"\u00c9tiquette de vin personnalis\u00e9e"},"content":{"rendered":"<div data-elementor-type=\"wp-page\" data-elementor-id=\"3839\" class=\"elementor elementor-3839\" data-elementor-post-type=\"page\">\n\t\t\t\t<div class=\"has_eae_slider elementor-element elementor-element-79c539a3 e-flex e-con-boxed wpr-particle-no wpr-jarallax-no wpr-parallax-no wpr-sticky-section-no wpr-equal-height-no e-con e-parent\" data-eae-slider=\"41761\" data-id=\"79c539a3\" data-element_type=\"container\" data-e-type=\"container\" data-settings=\"{&quot;background_background&quot;:&quot;classic&quot;}\">\n\t\t\t\t\t<div class=\"e-con-inner\">\n\t\t\t\t<div class=\"elementor-element elementor-element-746b1bdc elementor-widget elementor-widget-heading\" data-id=\"746b1bdc\" data-element_type=\"widget\" data-e-type=\"widget\" data-widget_type=\"heading.default\">\n\t\t\t\t<div class=\"elementor-widget-container\">\n\t\t\t\t\t<h2 class=\"elementor-heading-title elementor-size-default\">Conception d\u2019\u00e9tiquette de vin personnalis\u00e9e<\/h2>\t\t\t\t<\/div>\n\t\t\t\t<\/div>\n\t\t\t\t<div class=\"elementor-element elementor-element-4c1c8cbc elementor-widget elementor-widget-text-editor\" data-id=\"4c1c8cbc\" data-element_type=\"widget\" data-e-type=\"widget\" data-widget_type=\"text-editor.default\">\n\t\t\t\t<div class=\"elementor-widget-container\">\n\t\t\t\t\t\t\t\t\t<p>J\u2019ai \u00e9t\u00e9 mandat\u00e9e pour concevoir une \u00e9tiquette de vin personnalis\u00e9e inspir\u00e9e par le croquis du client, avec une demande sp\u00e9cifique d\u2019int\u00e9grer un tracteur comme \u00e9l\u00e9ment central. Apr\u00e8s avoir s\u00e9lectionn\u00e9 une image de tracteur approuv\u00e9e, j\u2019ai cr\u00e9\u00e9 l\u2019illustration dans Adobe Illustrator, en \u00e9vitant volontairement une repr\u00e9sentation litt\u00e9rale afin d\u2019ajouter une touche cr\u00e9ative. La couleur rouge vif du tracteur a \u00e9t\u00e9 choisie pour qu\u2019il se d\u00e9marque clairement comme l\u2019\u00e9l\u00e9ment principal du design.<p>\n\n<p>Pour la police du titre, j\u2019ai utilis\u00e9 MTZ SpaceX, en m\u2019inspirant partiellement de SpaceX, la couleur du \u00ab X \u00bb \u00e9tant d\u00e9lib\u00e9r\u00e9ment choisie pour relier le titre \u00e0 l\u2019illustration. Le r\u00e9sultat final est une \u00e9tiquette de vin distinctive et m\u00e9morable, parfaitement adapt\u00e9e \u00e0 un cadeau unique.<p>\t\t\t\t\t\t\t\t<\/div>\n\t\t\t\t<\/div>\n\t\t\t\t<div class=\"elementor-element elementor-element-7a41e5d elementor-widget elementor-widget-heading\" data-id=\"7a41e5d\" data-element_type=\"widget\" data-e-type=\"widget\" data-widget_type=\"heading.default\">\n\t\t\t\t<div class=\"elementor-widget-container\">\n\t\t\t\t\t<h2 class=\"elementor-heading-title elementor-size-medium\">Image de marque | emballage<\/h2>\t\t\t\t<\/div>\n\t\t\t\t<\/div>\n\t\t\t\t<div class=\"elementor-element elementor-element-4595c2f7 elementor-widget__width-initial elementor-widget elementor-widget-image\" data-id=\"4595c2f7\" data-element_type=\"widget\" data-e-type=\"widget\" data-widget_type=\"image.default\">\n\t\t\t\t<div class=\"elementor-widget-container\">\n\t\t\t\t\t\t\t\t\t\t\t\t\t\t\t<img fetchpriority=\"high\" decoding=\"async\" width=\"1024\" height=\"1024\" src=\"https:\/\/www.katiakud.com\/wp-content\/uploads\/2024\/08\/MTZ-SpaceX-Sketch-1024x1024.webp\" class=\"attachment-large size-large wp-image-3843\" alt=\"Client&#039;s wine label sketch\" srcset=\"https:\/\/www.katiakud.com\/wp-content\/uploads\/2024\/08\/MTZ-SpaceX-Sketch-1024x1024.webp 1024w, https:\/\/www.katiakud.com\/wp-content\/uploads\/2024\/08\/MTZ-SpaceX-Sketch-300x300.webp 300w, https:\/\/www.katiakud.com\/wp-content\/uploads\/2024\/08\/MTZ-SpaceX-Sketch-150x150.webp 150w, https:\/\/www.katiakud.com\/wp-content\/uploads\/2024\/08\/MTZ-SpaceX-Sketch-768x768.webp 768w, https:\/\/www.katiakud.com\/wp-content\/uploads\/2024\/08\/MTZ-SpaceX-Sketch.webp 1140w\" sizes=\"(max-width: 1024px) 100vw, 1024px\" \/>\t\t\t\t\t\t\t\t\t\t\t\t\t\t\t<\/div>\n\t\t\t\t<\/div>\n\t\t\t\t<div class=\"elementor-element elementor-element-4782f32b elementor-widget__width-initial elementor-widget elementor-widget-image\" data-id=\"4782f32b\" data-element_type=\"widget\" data-e-type=\"widget\" data-widget_type=\"image.default\">\n\t\t\t\t<div class=\"elementor-widget-container\">\n\t\t\t\t\t\t\t\t\t\t\t\t\t\t\t<img decoding=\"async\" width=\"1024\" height=\"1024\" src=\"https:\/\/www.katiakud.com\/wp-content\/uploads\/2024\/08\/MTZ-SpaceX-CloseUp-1024x1024.webp\" class=\"attachment-large size-large wp-image-3842\" alt=\"The wine label closeup features a bright red tractor illustration with a hand-drawn landscape in the background. The title reads MTZ SpaceX.\" srcset=\"https:\/\/www.katiakud.com\/wp-content\/uploads\/2024\/08\/MTZ-SpaceX-CloseUp-1024x1024.webp 1024w, https:\/\/www.katiakud.com\/wp-content\/uploads\/2024\/08\/MTZ-SpaceX-CloseUp-300x300.webp 300w, https:\/\/www.katiakud.com\/wp-content\/uploads\/2024\/08\/MTZ-SpaceX-CloseUp-150x150.webp 150w, https:\/\/www.katiakud.com\/wp-content\/uploads\/2024\/08\/MTZ-SpaceX-CloseUp-768x768.webp 768w, https:\/\/www.katiakud.com\/wp-content\/uploads\/2024\/08\/MTZ-SpaceX-CloseUp.webp 1140w\" sizes=\"(max-width: 1024px) 100vw, 1024px\" \/>\t\t\t\t\t\t\t\t\t\t\t\t\t\t\t<\/div>\n\t\t\t\t<\/div>\n\t\t\t\t<div class=\"elementor-element elementor-element-708924e elementor-widget__width-initial elementor-widget elementor-widget-image\" data-id=\"708924e\" data-element_type=\"widget\" data-e-type=\"widget\" data-widget_type=\"image.default\">\n\t\t\t\t<div class=\"elementor-widget-container\">\n\t\t\t\t\t\t\t\t\t\t\t\t\t\t\t<img decoding=\"async\" width=\"1024\" height=\"1024\" src=\"https:\/\/www.katiakud.com\/wp-content\/uploads\/2024\/08\/MTZ-SpaceX-Bottle-1024x1024.webp\" class=\"attachment-large size-large wp-image-3840\" alt=\"Wine bottle with a red cap and a label featuring a bright red tractor illustration\" srcset=\"https:\/\/www.katiakud.com\/wp-content\/uploads\/2024\/08\/MTZ-SpaceX-Bottle-1024x1024.webp 1024w, https:\/\/www.katiakud.com\/wp-content\/uploads\/2024\/08\/MTZ-SpaceX-Bottle-300x300.webp 300w, https:\/\/www.katiakud.com\/wp-content\/uploads\/2024\/08\/MTZ-SpaceX-Bottle-150x150.webp 150w, https:\/\/www.katiakud.com\/wp-content\/uploads\/2024\/08\/MTZ-SpaceX-Bottle-768x768.webp 768w, https:\/\/www.katiakud.com\/wp-content\/uploads\/2024\/08\/MTZ-SpaceX-Bottle.webp 1140w\" sizes=\"(max-width: 1024px) 100vw, 1024px\" \/>\t\t\t\t\t\t\t\t\t\t\t\t\t\t\t<\/div>\n\t\t\t\t<\/div>\n\t\t\t\t\t<\/div>\n\t\t\t\t<\/div>\n\t\t<div class=\"has_eae_slider elementor-element elementor-element-4919fc94 e-flex e-con-boxed wpr-particle-no wpr-jarallax-no wpr-parallax-no wpr-sticky-section-no wpr-equal-height-no e-con e-parent\" data-eae-slider=\"73907\" data-id=\"4919fc94\" data-element_type=\"container\" data-e-type=\"container\" data-settings=\"{&quot;background_background&quot;:&quot;classic&quot;}\">\n\t\t\t\t\t<div class=\"e-con-inner\">\n\t\t<div class=\"has_eae_slider elementor-element elementor-element-550fef08 e-con-full e-flex wpr-particle-no wpr-jarallax-no wpr-parallax-no wpr-sticky-section-no wpr-equal-height-no e-con e-child\" data-eae-slider=\"74172\" data-id=\"550fef08\" data-element_type=\"container\" data-e-type=\"container\">\n\t\t\t\t<div class=\"elementor-element elementor-element-3ee6dee5 elementor-widget elementor-widget-heading\" data-id=\"3ee6dee5\" data-element_type=\"widget\" data-e-type=\"widget\" data-widget_type=\"heading.default\">\n\t\t\t\t<div class=\"elementor-widget-container\">\n\t\t\t\t\t<h2 class=\"elementor-heading-title elementor-size-default\">Collaborons ensemble !<\/h2>\t\t\t\t<\/div>\n\t\t\t\t<\/div>\n\t\t\t\t<div class=\"elementor-element elementor-element-2aa5ee28 elementor-widget elementor-widget-text-editor\" data-id=\"2aa5ee28\" data-element_type=\"widget\" data-e-type=\"widget\" data-widget_type=\"text-editor.default\">\n\t\t\t\t<div class=\"elementor-widget-container translation-block\">Vous avez un projet en t\u00eate ? Je suis enthousiaste \u00e0 l\u2019id\u00e9e de discuter avec vous et d\u2019explorer comment  <strong><i>transformer vos id\u00e9es en quelque chose de vraiment cr\u00e9atif <\/strong><\/i>. Construisons quelque chose de formidable ensemble !<\/div>\n\t\t\t\t<\/div>\n\t\t\t\t<\/div>\n\t\t<div class=\"has_eae_slider elementor-element elementor-element-a88edf5 e-con-full e-flex wpr-particle-no wpr-jarallax-no wpr-parallax-no wpr-sticky-section-no wpr-equal-height-no e-con e-child\" data-eae-slider=\"92239\" data-id=\"a88edf5\" data-element_type=\"container\" data-e-type=\"container\">\n\t\t\t\t<div class=\"elementor-element elementor-element-4babdc2f elementor-align-center elementor-widget elementor-widget-button\" data-id=\"4babdc2f\" data-element_type=\"widget\" data-e-type=\"widget\" data-widget_type=\"button.default\">\n\t\t\t\t<div class=\"elementor-widget-container\">\n\t\t\t\t\t\t\t\t\t<div class=\"elementor-button-wrapper\">\n\t\t\t\t\t<a class=\"elementor-button elementor-button-link elementor-size-sm\" href=\"https:\/\/www.katiakud.com\/fr\/contact-katia-kud\/\" target=\"_blank\">\n\t\t\t\t\t\t<span class=\"elementor-button-content-wrapper\">\n\t\t\t\t\t\t\t\t\t<span class=\"elementor-button-text\">Connectons-nous<\/span>\n\t\t\t\t\t<\/span>\n\t\t\t\t\t<\/a>\n\t\t\t\t<\/div>\n\t\t\t\t\t\t\t\t<\/div>\n\t\t\t\t<\/div>\n\t\t\t\t<div class=\"elementor-element elementor-element-6f2a9018 elementor-align-center elementor-widget elementor-widget-button\" data-id=\"6f2a9018\" data-element_type=\"widget\" data-e-type=\"widget\" data-widget_type=\"button.default\">\n\t\t\t\t<div class=\"elementor-widget-container\">\n\t\t\t\t\t\t\t\t\t<div class=\"elementor-button-wrapper\">\n\t\t\t\t\t<a class=\"elementor-button elementor-button-link elementor-size-sm\" href=\"https:\/\/www.katiakud.com\/wp-content\/uploads\/2024\/09\/KatiaKudriavtsev-CV.pdf\" target=\"_blank\">\n\t\t\t\t\t\t<span class=\"elementor-button-content-wrapper\">\n\t\t\t\t\t\t\t\t\t<span class=\"elementor-button-text\">T\u00e9l\u00e9chargez mon CV<\/span>\n\t\t\t\t\t<\/span>\n\t\t\t\t\t<\/a>\n\t\t\t\t<\/div>\n\t\t\t\t\t\t\t\t<\/div>\n\t\t\t\t<\/div>\n\t\t\t\t<\/div>\n\t\t\t\t\t<\/div>\n\t\t\t\t<\/div>\n\t\t\t\t<\/div>","protected":false},"excerpt":{"rendered":"<p>Custom Wine Label Design I was commissioned to design a custom wine label inspired by the client&#8217;s sketch, with a specific request to feature a tractor as the focal point. After selecting an approved tractor image, I created the illustration in Adobe Illustrator, intentionally avoiding a literal representation to add a creative twist. The tractor&#8217;s bright red colour was chosen to ensure it stood out as the main element of the design. For the title font, I used MTZ SpaceX, drawing partial inspiration from SpaceX, with the colour of the &#8216;X&#8217; deliberately tying the title to the illustration. The final result is a distinctive and memorable wine label, perfectly suited for a unique gift. branding | packaging\u200b\u200b Let\u2019s Collaborate! Have a project in mind? I\u2019m excited to connect and explore how we can turn your ideas into something truly creative. Let\u2019s build something great together! Let&#8217;s Connect Download my CV<\/p>","protected":false},"author":2,"featured_media":4074,"parent":0,"menu_order":0,"comment_status":"closed","ping_status":"closed","template":"","meta":{"_monsterinsights_skip_tracking":false,"_monsterinsights_sitenote_active":false,"_monsterinsights_sitenote_note":"","_monsterinsights_sitenote_category":0,"footnotes":""},"class_list":["post-3839","page","type-page","status-publish","has-post-thumbnail","hentry"],"blocksy_meta":[],"yoast_head":"<!-- This site is optimized with the Yoast SEO plugin v27.4 - https:\/\/yoast.com\/product\/yoast-seo-wordpress\/ -->\n<title>Custom Wine Label - Katia Kud Design | Graphic and Web Designer<\/title>\n<meta name=\"description\" content=\"Customer&#039;s Vision Realized: Custom Wine Label Design Inspired by Client&#039;s Sketch\" \/>\n<meta name=\"robots\" content=\"index, follow, max-snippet:-1, max-image-preview:large, max-video-preview:-1\" \/>\n<link rel=\"canonical\" href=\"https:\/\/www.katiakud.com\/fr\/custom-wine-label\/\" \/>\n<meta property=\"og:locale\" content=\"fr_CA\" \/>\n<meta property=\"og:type\" content=\"article\" \/>\n<meta property=\"og:title\" content=\"Custom Wine Label - Katia Kud Design | Graphic and Web Designer\" \/>\n<meta property=\"og:description\" content=\"Customer&#039;s Vision Realized: Custom Wine Label Design Inspired by Client&#039;s Sketch\" \/>\n<meta property=\"og:url\" content=\"https:\/\/www.katiakud.com\/fr\/custom-wine-label\/\" \/>\n<meta property=\"og:site_name\" content=\"Katia Kud Design | Graphic and Web Designer\" \/>\n<meta property=\"article:modified_time\" content=\"2025-06-09T14:18:47+00:00\" \/>\n<meta property=\"og:image\" content=\"https:\/\/www.katiakud.com\/wp-content\/uploads\/2024\/09\/MTZ-SpaceX-600x680-1.webp\" \/>\n\t<meta property=\"og:image:width\" content=\"600\" \/>\n\t<meta property=\"og:image:height\" content=\"680\" \/>\n\t<meta property=\"og:image:type\" content=\"image\/webp\" \/>\n<meta name=\"twitter:card\" content=\"summary_large_image\" \/>\n<meta name=\"twitter:label1\" content=\"Estimation du temps de lecture\" \/>\n\t<meta name=\"twitter:data1\" content=\"2 minutes\" \/>\n<script type=\"application\/ld+json\" class=\"yoast-schema-graph\">{\"@context\":\"https:\\\/\\\/schema.org\",\"@graph\":[{\"@type\":\"WebPage\",\"@id\":\"https:\\\/\\\/www.katiakud.com\\\/fr\\\/custom-wine-label\\\/\",\"url\":\"https:\\\/\\\/www.katiakud.com\\\/fr\\\/custom-wine-label\\\/\",\"name\":\"Custom Wine Label - Katia Kud Design | Graphic and Web Designer\",\"isPartOf\":{\"@id\":\"https:\\\/\\\/www.katiakud.com\\\/#website\"},\"primaryImageOfPage\":{\"@id\":\"https:\\\/\\\/www.katiakud.com\\\/fr\\\/custom-wine-label\\\/#primaryimage\"},\"image\":{\"@id\":\"https:\\\/\\\/www.katiakud.com\\\/fr\\\/custom-wine-label\\\/#primaryimage\"},\"thumbnailUrl\":\"https:\\\/\\\/www.katiakud.com\\\/wp-content\\\/uploads\\\/2024\\\/09\\\/MTZ-SpaceX-600x680-1.webp\",\"datePublished\":\"2024-08-25T17:37:25+00:00\",\"dateModified\":\"2025-06-09T14:18:47+00:00\",\"description\":\"Customer's Vision Realized: Custom Wine Label Design Inspired by Client's Sketch\",\"breadcrumb\":{\"@id\":\"https:\\\/\\\/www.katiakud.com\\\/fr\\\/custom-wine-label\\\/#breadcrumb\"},\"inLanguage\":\"fr-CA\",\"potentialAction\":[{\"@type\":\"ReadAction\",\"target\":[\"https:\\\/\\\/www.katiakud.com\\\/fr\\\/custom-wine-label\\\/\"]}]},{\"@type\":\"ImageObject\",\"inLanguage\":\"fr-CA\",\"@id\":\"https:\\\/\\\/www.katiakud.com\\\/fr\\\/custom-wine-label\\\/#primaryimage\",\"url\":\"https:\\\/\\\/www.katiakud.com\\\/wp-content\\\/uploads\\\/2024\\\/09\\\/MTZ-SpaceX-600x680-1.webp\",\"contentUrl\":\"https:\\\/\\\/www.katiakud.com\\\/wp-content\\\/uploads\\\/2024\\\/09\\\/MTZ-SpaceX-600x680-1.webp\",\"width\":600,\"height\":680,\"caption\":\"Wine bottle with a red cap and a label featuring a bright red tractor illustration\"},{\"@type\":\"BreadcrumbList\",\"@id\":\"https:\\\/\\\/www.katiakud.com\\\/fr\\\/custom-wine-label\\\/#breadcrumb\",\"itemListElement\":[{\"@type\":\"ListItem\",\"position\":1,\"name\":\"Home\",\"item\":\"https:\\\/\\\/www.katiakud.com\\\/\"},{\"@type\":\"ListItem\",\"position\":2,\"name\":\"Custom Wine Label\"}]},{\"@type\":\"WebSite\",\"@id\":\"https:\\\/\\\/www.katiakud.com\\\/#website\",\"url\":\"https:\\\/\\\/www.katiakud.com\\\/\",\"name\":\"Katia Kud Design | Graphic and Web Designer\",\"description\":\"Graphic &amp; Web Designer Creating Marketing Materials, Reports and Infographics\",\"publisher\":{\"@id\":\"https:\\\/\\\/www.katiakud.com\\\/#organization\"},\"potentialAction\":[{\"@type\":\"SearchAction\",\"target\":{\"@type\":\"EntryPoint\",\"urlTemplate\":\"https:\\\/\\\/www.katiakud.com\\\/?s={search_term_string}\"},\"query-input\":{\"@type\":\"PropertyValueSpecification\",\"valueRequired\":true,\"valueName\":\"search_term_string\"}}],\"inLanguage\":\"fr-CA\"},{\"@type\":\"Organization\",\"@id\":\"https:\\\/\\\/www.katiakud.com\\\/#organization\",\"name\":\"Katia Kud Design | Graphic and Web Designer\",\"url\":\"https:\\\/\\\/www.katiakud.com\\\/\",\"logo\":{\"@type\":\"ImageObject\",\"inLanguage\":\"fr-CA\",\"@id\":\"https:\\\/\\\/www.katiakud.com\\\/#\\\/schema\\\/logo\\\/image\\\/\",\"url\":\"https:\\\/\\\/www.katiakud.com\\\/wp-content\\\/uploads\\\/2024\\\/09\\\/KatiaKud_Rev.svg\",\"contentUrl\":\"https:\\\/\\\/www.katiakud.com\\\/wp-content\\\/uploads\\\/2024\\\/09\\\/KatiaKud_Rev.svg\",\"width\":666,\"height\":170,\"caption\":\"Katia Kud Design | Graphic and Web Designer\"},\"image\":{\"@id\":\"https:\\\/\\\/www.katiakud.com\\\/#\\\/schema\\\/logo\\\/image\\\/\"}}]}<\/script>\n<!-- \/ Yoast SEO plugin. -->","yoast_head_json":{"title":"Custom Wine Label - Katia Kud Design | Graphic and Web Designer","description":"Customer's Vision Realized: Custom Wine Label Design Inspired by Client's Sketch","robots":{"index":"index","follow":"follow","max-snippet":"max-snippet:-1","max-image-preview":"max-image-preview:large","max-video-preview":"max-video-preview:-1"},"canonical":"https:\/\/www.katiakud.com\/fr\/custom-wine-label\/","og_locale":"fr_CA","og_type":"article","og_title":"Custom Wine Label - Katia Kud Design | Graphic and Web Designer","og_description":"Customer's Vision Realized: Custom Wine Label Design Inspired by Client's Sketch","og_url":"https:\/\/www.katiakud.com\/fr\/custom-wine-label\/","og_site_name":"Katia Kud Design | Graphic and Web Designer","article_modified_time":"2025-06-09T14:18:47+00:00","og_image":[{"width":600,"height":680,"url":"https:\/\/www.katiakud.com\/wp-content\/uploads\/2024\/09\/MTZ-SpaceX-600x680-1.webp","type":"image\/webp"}],"twitter_card":"summary_large_image","twitter_misc":{"Estimation du temps de lecture":"2 minutes"},"schema":{"@context":"https:\/\/schema.org","@graph":[{"@type":"WebPage","@id":"https:\/\/www.katiakud.com\/fr\/custom-wine-label\/","url":"https:\/\/www.katiakud.com\/fr\/custom-wine-label\/","name":"Custom Wine Label - Katia Kud Design | Graphic and Web Designer","isPartOf":{"@id":"https:\/\/www.katiakud.com\/#website"},"primaryImageOfPage":{"@id":"https:\/\/www.katiakud.com\/fr\/custom-wine-label\/#primaryimage"},"image":{"@id":"https:\/\/www.katiakud.com\/fr\/custom-wine-label\/#primaryimage"},"thumbnailUrl":"https:\/\/www.katiakud.com\/wp-content\/uploads\/2024\/09\/MTZ-SpaceX-600x680-1.webp","datePublished":"2024-08-25T17:37:25+00:00","dateModified":"2025-06-09T14:18:47+00:00","description":"Customer's Vision Realized: Custom Wine Label Design Inspired by Client's Sketch","breadcrumb":{"@id":"https:\/\/www.katiakud.com\/fr\/custom-wine-label\/#breadcrumb"},"inLanguage":"fr-CA","potentialAction":[{"@type":"ReadAction","target":["https:\/\/www.katiakud.com\/fr\/custom-wine-label\/"]}]},{"@type":"ImageObject","inLanguage":"fr-CA","@id":"https:\/\/www.katiakud.com\/fr\/custom-wine-label\/#primaryimage","url":"https:\/\/www.katiakud.com\/wp-content\/uploads\/2024\/09\/MTZ-SpaceX-600x680-1.webp","contentUrl":"https:\/\/www.katiakud.com\/wp-content\/uploads\/2024\/09\/MTZ-SpaceX-600x680-1.webp","width":600,"height":680,"caption":"Wine bottle with a red cap and a label featuring a bright red tractor illustration"},{"@type":"BreadcrumbList","@id":"https:\/\/www.katiakud.com\/fr\/custom-wine-label\/#breadcrumb","itemListElement":[{"@type":"ListItem","position":1,"name":"Home","item":"https:\/\/www.katiakud.com\/"},{"@type":"ListItem","position":2,"name":"Custom Wine Label"}]},{"@type":"WebSite","@id":"https:\/\/www.katiakud.com\/#website","url":"https:\/\/www.katiakud.com\/","name":"Katia Kud Design | Graphic and Web Designer","description":"Graphic &amp; Web Designer Creating Marketing Materials, Reports and Infographics","publisher":{"@id":"https:\/\/www.katiakud.com\/#organization"},"potentialAction":[{"@type":"SearchAction","target":{"@type":"EntryPoint","urlTemplate":"https:\/\/www.katiakud.com\/?s={search_term_string}"},"query-input":{"@type":"PropertyValueSpecification","valueRequired":true,"valueName":"search_term_string"}}],"inLanguage":"fr-CA"},{"@type":"Organization","@id":"https:\/\/www.katiakud.com\/#organization","name":"Katia Kud Design | Graphic and Web Designer","url":"https:\/\/www.katiakud.com\/","logo":{"@type":"ImageObject","inLanguage":"fr-CA","@id":"https:\/\/www.katiakud.com\/#\/schema\/logo\/image\/","url":"https:\/\/www.katiakud.com\/wp-content\/uploads\/2024\/09\/KatiaKud_Rev.svg","contentUrl":"https:\/\/www.katiakud.com\/wp-content\/uploads\/2024\/09\/KatiaKud_Rev.svg","width":666,"height":170,"caption":"Katia Kud Design | Graphic and Web Designer"},"image":{"@id":"https:\/\/www.katiakud.com\/#\/schema\/logo\/image\/"}}]}},"_links":{"self":[{"href":"https:\/\/www.katiakud.com\/fr\/wp-json\/wp\/v2\/pages\/3839","targetHints":{"allow":["GET"]}}],"collection":[{"href":"https:\/\/www.katiakud.com\/fr\/wp-json\/wp\/v2\/pages"}],"about":[{"href":"https:\/\/www.katiakud.com\/fr\/wp-json\/wp\/v2\/types\/page"}],"author":[{"embeddable":true,"href":"https:\/\/www.katiakud.com\/fr\/wp-json\/wp\/v2\/users\/2"}],"replies":[{"embeddable":true,"href":"https:\/\/www.katiakud.com\/fr\/wp-json\/wp\/v2\/comments?post=3839"}],"version-history":[{"count":22,"href":"https:\/\/www.katiakud.com\/fr\/wp-json\/wp\/v2\/pages\/3839\/revisions"}],"predecessor-version":[{"id":5230,"href":"https:\/\/www.katiakud.com\/fr\/wp-json\/wp\/v2\/pages\/3839\/revisions\/5230"}],"wp:featuredmedia":[{"embeddable":true,"href":"https:\/\/www.katiakud.com\/fr\/wp-json\/wp\/v2\/media\/4074"}],"wp:attachment":[{"href":"https:\/\/www.katiakud.com\/fr\/wp-json\/wp\/v2\/media?parent=3839"}],"curies":[{"name":"wp","href":"https:\/\/api.w.org\/{rel}","templated":true}]}}