{"id":3603,"date":"2023-12-13T12:08:01","date_gmt":"2023-12-13T17:08:01","guid":{"rendered":"https:\/\/www.katiakud.com\/?page_id=3603"},"modified":"2025-07-21T18:49:15","modified_gmt":"2025-07-21T23:49:15","slug":"abilis-tradeshow","status":"publish","type":"page","link":"https:\/\/www.katiakud.com\/fr\/abilis-tradeshow\/","title":{"rendered":"Abilis Tradeshow"},"content":{"rendered":"<div data-elementor-type=\"wp-page\" data-elementor-id=\"3603\" class=\"elementor elementor-3603\" data-elementor-post-type=\"page\">\n\t\t\t\t<div class=\"has_eae_slider elementor-element elementor-element-79c539a3 e-flex e-con-boxed wpr-particle-no wpr-jarallax-no wpr-parallax-no wpr-sticky-section-no wpr-equal-height-no e-con e-parent\" data-eae-slider=\"14714\" data-id=\"79c539a3\" data-element_type=\"container\" data-e-type=\"container\" data-settings=\"{&quot;background_background&quot;:&quot;classic&quot;}\">\n\t\t\t\t\t<div class=\"e-con-inner\">\n\t\t\t\t<div class=\"elementor-element elementor-element-746b1bdc elementor-widget elementor-widget-heading\" data-id=\"746b1bdc\" data-element_type=\"widget\" data-e-type=\"widget\" data-widget_type=\"heading.default\">\n\t\t\t\t<div class=\"elementor-widget-container\">\n\t\t\t\t\t<h1 class=\"elementor-heading-title elementor-size-default\">Stand d\u2019exposition et livrables num\u00e9riques pour Abilis Solutions<\/h1>\t\t\t\t<\/div>\n\t\t\t\t<\/div>\n\t\t\t\t<div class=\"elementor-element elementor-element-4c1c8cbc elementor-widget elementor-widget-text-editor\" data-id=\"4c1c8cbc\" data-element_type=\"widget\" data-e-type=\"widget\" data-widget_type=\"text-editor.default\">\n\t\t\t\t<div class=\"elementor-widget-container\">\n\t\t\t\t\t\t\t\t\t<p>Charg\u00e9e de concevoir un stand d\u2019exposition \u00e0 la fine pointe ainsi que divers livrables num\u00e9riques pour le prochain Sommet technologique, j\u2019ai travaill\u00e9 avec un objectif clair de la part de mon client : affirmer visuellement sa position de leader dans l\u2019industrie et surpasser ses concurrents. Relev\u00e9 ce d\u00e9fi avec enthousiasme, j\u2019ai collabor\u00e9 \u00e9troitement avec mon client pour donner vie \u00e0 sa vision.<\/p>\n\n<p class=\"translation-block\">Le r\u00e9sultat de nos efforts a largement d\u00e9pass\u00e9 les attentes : le stand d\u00e9voil\u00e9 a non seulement captiv\u00e9 les participants de l\u2019\u00e9v\u00e9nement, mais a \u00e9galement remport\u00e9 le prestigieux  <a href=\"https:\/\/www.linkedin.com\/posts\/corrections-technology-association_corrtech2023-activity-7076636306885259264-jlav?utm_source=share&amp;utm_medium=member_desktop\" target=\"_blank\" rel=\"noopener\"><span style=\"text-decoration: underline\"><strong>prix du Meilleur stand<\/strong><\/span><\/a>. Cette reconnaissance t\u00e9moigne de notre r\u00e9ussite \u00e0 non seulement atteindre, mais surpasser les objectifs du client, en laissant une impression durable au sommet et en confirmant notre capacit\u00e9 \u00e0 cr\u00e9er des exp\u00e9riences percutantes et visuellement marquantes.<\/p>\t\t\t\t\t\t\t\t<\/div>\n\t\t\t\t<\/div>\n\t\t\t\t<div class=\"elementor-element elementor-element-4ef3a9e elementor-widget elementor-widget-heading\" data-id=\"4ef3a9e\" data-element_type=\"widget\" data-e-type=\"widget\" data-widget_type=\"heading.default\">\n\t\t\t\t<div class=\"elementor-widget-container\">\n\t\t\t\t\t<h2 class=\"elementor-heading-title elementor-size-medium\">Image de marque | Salon professionnel<\/h2>\t\t\t\t<\/div>\n\t\t\t\t<\/div>\n\t\t\t\t<div class=\"elementor-element elementor-element-4595c2f7 elementor-widget__width-initial elementor-widget elementor-widget-image\" data-id=\"4595c2f7\" data-element_type=\"widget\" data-e-type=\"widget\" data-widget_type=\"image.default\">\n\t\t\t\t<div class=\"elementor-widget-container\">\n\t\t\t\t\t\t\t\t\t\t\t\t\t\t\t<img fetchpriority=\"high\" decoding=\"async\" width=\"1024\" height=\"1024\" src=\"https:\/\/www.katiakud.com\/wp-content\/uploads\/2024\/02\/Tradeshow-Booth-1024x1024.jpg\" class=\"attachment-large size-large wp-image-3741\" alt=\"\" srcset=\"https:\/\/www.katiakud.com\/wp-content\/uploads\/2024\/02\/Tradeshow-Booth-1024x1024.jpg 1024w, https:\/\/www.katiakud.com\/wp-content\/uploads\/2024\/02\/Tradeshow-Booth-300x300.jpg 300w, https:\/\/www.katiakud.com\/wp-content\/uploads\/2024\/02\/Tradeshow-Booth-150x150.jpg 150w, https:\/\/www.katiakud.com\/wp-content\/uploads\/2024\/02\/Tradeshow-Booth-768x768.jpg 768w, https:\/\/www.katiakud.com\/wp-content\/uploads\/2024\/02\/Tradeshow-Booth.jpg 1140w\" sizes=\"(max-width: 1024px) 100vw, 1024px\" \/>\t\t\t\t\t\t\t\t\t\t\t\t\t\t\t<\/div>\n\t\t\t\t<\/div>\n\t\t\t\t<div class=\"elementor-element elementor-element-91c33af elementor-widget__width-initial elementor-widget elementor-widget-image\" data-id=\"91c33af\" data-element_type=\"widget\" data-e-type=\"widget\" data-widget_type=\"image.default\">\n\t\t\t\t<div class=\"elementor-widget-container\">\n\t\t\t\t\t\t\t\t\t\t\t\t\t\t\t<img decoding=\"async\" width=\"1024\" height=\"1024\" src=\"https:\/\/www.katiakud.com\/wp-content\/uploads\/2024\/02\/Tradeshow-PowerPoint-1-1024x1024.jpg\" class=\"attachment-large size-large wp-image-3737\" alt=\"\" srcset=\"https:\/\/www.katiakud.com\/wp-content\/uploads\/2024\/02\/Tradeshow-PowerPoint-1-1024x1024.jpg 1024w, https:\/\/www.katiakud.com\/wp-content\/uploads\/2024\/02\/Tradeshow-PowerPoint-1-300x300.jpg 300w, https:\/\/www.katiakud.com\/wp-content\/uploads\/2024\/02\/Tradeshow-PowerPoint-1-150x150.jpg 150w, https:\/\/www.katiakud.com\/wp-content\/uploads\/2024\/02\/Tradeshow-PowerPoint-1-768x768.jpg 768w, https:\/\/www.katiakud.com\/wp-content\/uploads\/2024\/02\/Tradeshow-PowerPoint-1.jpg 1140w\" sizes=\"(max-width: 1024px) 100vw, 1024px\" \/>\t\t\t\t\t\t\t\t\t\t\t\t\t\t\t<\/div>\n\t\t\t\t<\/div>\n\t\t\t\t<div class=\"elementor-element elementor-element-4782f32b elementor-widget__width-initial elementor-widget elementor-widget-image\" data-id=\"4782f32b\" data-element_type=\"widget\" data-e-type=\"widget\" data-widget_type=\"image.default\">\n\t\t\t\t<div class=\"elementor-widget-container\">\n\t\t\t\t\t\t\t\t\t\t\t\t\t\t\t<img decoding=\"async\" width=\"1024\" height=\"1024\" src=\"https:\/\/www.katiakud.com\/wp-content\/uploads\/2023\/12\/Tradeshow-Laptop-1024x1024.jpg\" class=\"attachment-large size-large wp-image-3607\" alt=\"\" srcset=\"https:\/\/www.katiakud.com\/wp-content\/uploads\/2023\/12\/Tradeshow-Laptop-1024x1024.jpg 1024w, https:\/\/www.katiakud.com\/wp-content\/uploads\/2023\/12\/Tradeshow-Laptop-300x300.jpg 300w, https:\/\/www.katiakud.com\/wp-content\/uploads\/2023\/12\/Tradeshow-Laptop-150x150.jpg 150w, https:\/\/www.katiakud.com\/wp-content\/uploads\/2023\/12\/Tradeshow-Laptop-768x768.jpg 768w, https:\/\/www.katiakud.com\/wp-content\/uploads\/2023\/12\/Tradeshow-Laptop.jpg 1140w\" sizes=\"(max-width: 1024px) 100vw, 1024px\" \/>\t\t\t\t\t\t\t\t\t\t\t\t\t\t\t<\/div>\n\t\t\t\t<\/div>\n\t\t\t\t\t<\/div>\n\t\t\t\t<\/div>\n\t\t<div class=\"has_eae_slider elementor-element elementor-element-6ba48ae4 e-flex e-con-boxed wpr-particle-no wpr-jarallax-no wpr-parallax-no wpr-sticky-section-no wpr-equal-height-no e-con e-parent\" data-eae-slider=\"73207\" data-id=\"6ba48ae4\" data-element_type=\"container\" data-e-type=\"container\" data-settings=\"{&quot;background_background&quot;:&quot;classic&quot;}\">\n\t\t\t\t\t<div class=\"e-con-inner\">\n\t\t<div class=\"has_eae_slider elementor-element elementor-element-5384b89f e-con-full e-flex wpr-particle-no wpr-jarallax-no wpr-parallax-no wpr-sticky-section-no wpr-equal-height-no e-con e-child\" data-eae-slider=\"935\" data-id=\"5384b89f\" data-element_type=\"container\" data-e-type=\"container\">\n\t\t\t\t<div class=\"elementor-element elementor-element-69399b5a elementor-widget elementor-widget-heading\" data-id=\"69399b5a\" data-element_type=\"widget\" data-e-type=\"widget\" data-widget_type=\"heading.default\">\n\t\t\t\t<div class=\"elementor-widget-container\">\n\t\t\t\t\t<h2 class=\"elementor-heading-title elementor-size-default\">Collaborons ensemble !<\/h2>\t\t\t\t<\/div>\n\t\t\t\t<\/div>\n\t\t\t\t<div class=\"elementor-element elementor-element-728fcee2 elementor-widget elementor-widget-text-editor\" data-id=\"728fcee2\" data-element_type=\"widget\" data-e-type=\"widget\" data-widget_type=\"text-editor.default\">\n\t\t\t\t<div class=\"elementor-widget-container translation-block\">Vous avez un projet en t\u00eate ? Je suis enthousiaste \u00e0 l\u2019id\u00e9e de discuter avec vous et d\u2019explorer comment  <strong><i>transformer vos id\u00e9es en quelque chose de vraiment cr\u00e9atif <\/strong><\/i>. Construisons quelque chose de formidable ensemble !<\/div>\n\t\t\t\t<\/div>\n\t\t\t\t<\/div>\n\t\t<div class=\"has_eae_slider elementor-element elementor-element-74e0228c e-con-full e-flex wpr-particle-no wpr-jarallax-no wpr-parallax-no wpr-sticky-section-no wpr-equal-height-no e-con e-child\" data-eae-slider=\"89514\" data-id=\"74e0228c\" data-element_type=\"container\" data-e-type=\"container\">\n\t\t\t\t<div class=\"elementor-element elementor-element-39b5377 elementor-align-center elementor-widget elementor-widget-button\" data-id=\"39b5377\" data-element_type=\"widget\" data-e-type=\"widget\" data-widget_type=\"button.default\">\n\t\t\t\t<div class=\"elementor-widget-container\">\n\t\t\t\t\t\t\t\t\t<div class=\"elementor-button-wrapper\">\n\t\t\t\t\t<a class=\"elementor-button elementor-button-link elementor-size-sm\" href=\"https:\/\/www.katiakud.com\/fr\/contact-katia-kud\/\" target=\"_blank\">\n\t\t\t\t\t\t<span class=\"elementor-button-content-wrapper\">\n\t\t\t\t\t\t\t\t\t<span class=\"elementor-button-text\">Connectons-nous<\/span>\n\t\t\t\t\t<\/span>\n\t\t\t\t\t<\/a>\n\t\t\t\t<\/div>\n\t\t\t\t\t\t\t\t<\/div>\n\t\t\t\t<\/div>\n\t\t\t\t<div class=\"elementor-element elementor-element-64a15a85 elementor-align-center elementor-widget elementor-widget-button\" data-id=\"64a15a85\" data-element_type=\"widget\" data-e-type=\"widget\" data-widget_type=\"button.default\">\n\t\t\t\t<div class=\"elementor-widget-container\">\n\t\t\t\t\t\t\t\t\t<div class=\"elementor-button-wrapper\">\n\t\t\t\t\t<a class=\"elementor-button elementor-button-link elementor-size-sm\" href=\"https:\/\/www.katiakud.com\/wp-content\/uploads\/2024\/09\/KatiaKudriavtsev-CV.pdf\" target=\"_blank\">\n\t\t\t\t\t\t<span class=\"elementor-button-content-wrapper\">\n\t\t\t\t\t\t\t\t\t<span class=\"elementor-button-text\">T\u00e9l\u00e9chargez mon CV<\/span>\n\t\t\t\t\t<\/span>\n\t\t\t\t\t<\/a>\n\t\t\t\t<\/div>\n\t\t\t\t\t\t\t\t<\/div>\n\t\t\t\t<\/div>\n\t\t\t\t<\/div>\n\t\t\t\t\t<\/div>\n\t\t\t\t<\/div>\n\t\t\t\t<\/div>","protected":false},"excerpt":{"rendered":"<p>Abilis Solutions Tradeshow booth &amp; Digital deliverables Tasked with creating a cutting-edge tradeshow booth and additional digital deliverables for the impending Technology Summit, my client&#8217;s primary objective was clear: to visually assert their industry dominance and surpass competitors. Embracing this challenge, I collaborated closely with my client to translate their vision into reality. The culmination of our efforts exceeded expectations, as the unveiled tradeshow booth not only captivated the event attendees but also earned us the prestigious Best Booth award. This recognition serves as a testament to our success in not only meeting but surpassing the client&#8217;s goals, leaving an indelible mark at the summit and affirming our ability to create impactful and visually striking experiences. branding | tradeshow Let\u2019s Collaborate! Have a project in mind? I\u2019m excited to connect and explore how we can turn your ideas into something truly creative. Let\u2019s build something great together! Let&#8217;s Connect Download my CV<\/p>","protected":false},"author":2,"featured_media":3653,"parent":0,"menu_order":0,"comment_status":"closed","ping_status":"closed","template":"","meta":{"_monsterinsights_skip_tracking":false,"_monsterinsights_sitenote_active":false,"_monsterinsights_sitenote_note":"","_monsterinsights_sitenote_category":0,"footnotes":""},"class_list":["post-3603","page","type-page","status-publish","has-post-thumbnail","hentry"],"blocksy_meta":[],"yoast_head":"<!-- This site is optimized with the Yoast SEO plugin v27.4 - https:\/\/yoast.com\/product\/yoast-seo-wordpress\/ -->\n<title>Abilis Tradeshow - Katia Kud Design | Graphic and Web Designer<\/title>\n<meta name=\"description\" content=\"Designed a cutting-edge tradeshow booth and digital assets for the Technology Summit, winning the Best Booth award. The design effectively showcased industry dominance and captivated attendees.\" \/>\n<meta name=\"robots\" content=\"index, follow, max-snippet:-1, max-image-preview:large, max-video-preview:-1\" \/>\n<link rel=\"canonical\" href=\"https:\/\/www.katiakud.com\/fr\/abilis-tradeshow\/\" \/>\n<meta property=\"og:locale\" content=\"fr_CA\" \/>\n<meta property=\"og:type\" content=\"article\" \/>\n<meta property=\"og:title\" content=\"Abilis Tradeshow - Katia Kud Design | Graphic and Web Designer\" \/>\n<meta property=\"og:description\" content=\"Designed a cutting-edge tradeshow booth and digital assets for the Technology Summit, winning the Best Booth award. The design effectively showcased industry dominance and captivated attendees.\" \/>\n<meta property=\"og:url\" content=\"https:\/\/www.katiakud.com\/fr\/abilis-tradeshow\/\" \/>\n<meta property=\"og:site_name\" content=\"Katia Kud Design | Graphic and Web Designer\" \/>\n<meta property=\"article:modified_time\" content=\"2025-07-21T23:49:15+00:00\" \/>\n<meta property=\"og:image\" content=\"https:\/\/www.katiakud.com\/wp-content\/uploads\/2023\/12\/AbilisGlobe-600x680-1.jpg\" \/>\n\t<meta property=\"og:image:width\" content=\"600\" \/>\n\t<meta property=\"og:image:height\" content=\"680\" \/>\n\t<meta property=\"og:image:type\" content=\"image\/jpeg\" \/>\n<meta name=\"twitter:card\" content=\"summary_large_image\" \/>\n<meta name=\"twitter:label1\" content=\"Estimation du temps de lecture\" \/>\n\t<meta name=\"twitter:data1\" content=\"2 minutes\" \/>\n<script type=\"application\/ld+json\" class=\"yoast-schema-graph\">{\"@context\":\"https:\\\/\\\/schema.org\",\"@graph\":[{\"@type\":\"WebPage\",\"@id\":\"https:\\\/\\\/www.katiakud.com\\\/abilis-tradeshow\\\/\",\"url\":\"https:\\\/\\\/www.katiakud.com\\\/abilis-tradeshow\\\/\",\"name\":\"Abilis Tradeshow - Katia Kud Design | Graphic and Web Designer\",\"isPartOf\":{\"@id\":\"https:\\\/\\\/www.katiakud.com\\\/#website\"},\"primaryImageOfPage\":{\"@id\":\"https:\\\/\\\/www.katiakud.com\\\/abilis-tradeshow\\\/#primaryimage\"},\"image\":{\"@id\":\"https:\\\/\\\/www.katiakud.com\\\/abilis-tradeshow\\\/#primaryimage\"},\"thumbnailUrl\":\"https:\\\/\\\/www.katiakud.com\\\/wp-content\\\/uploads\\\/2023\\\/12\\\/AbilisGlobe-600x680-1.jpg\",\"datePublished\":\"2023-12-13T17:08:01+00:00\",\"dateModified\":\"2025-07-21T23:49:15+00:00\",\"description\":\"Designed a cutting-edge tradeshow booth and digital assets for the Technology Summit, winning the Best Booth award. The design effectively showcased industry dominance and captivated attendees.\",\"breadcrumb\":{\"@id\":\"https:\\\/\\\/www.katiakud.com\\\/abilis-tradeshow\\\/#breadcrumb\"},\"inLanguage\":\"fr-CA\",\"potentialAction\":[{\"@type\":\"ReadAction\",\"target\":[\"https:\\\/\\\/www.katiakud.com\\\/abilis-tradeshow\\\/\"]}]},{\"@type\":\"ImageObject\",\"inLanguage\":\"fr-CA\",\"@id\":\"https:\\\/\\\/www.katiakud.com\\\/abilis-tradeshow\\\/#primaryimage\",\"url\":\"https:\\\/\\\/www.katiakud.com\\\/wp-content\\\/uploads\\\/2023\\\/12\\\/AbilisGlobe-600x680-1.jpg\",\"contentUrl\":\"https:\\\/\\\/www.katiakud.com\\\/wp-content\\\/uploads\\\/2023\\\/12\\\/AbilisGlobe-600x680-1.jpg\",\"width\":600,\"height\":680},{\"@type\":\"BreadcrumbList\",\"@id\":\"https:\\\/\\\/www.katiakud.com\\\/abilis-tradeshow\\\/#breadcrumb\",\"itemListElement\":[{\"@type\":\"ListItem\",\"position\":1,\"name\":\"Home\",\"item\":\"https:\\\/\\\/www.katiakud.com\\\/\"},{\"@type\":\"ListItem\",\"position\":2,\"name\":\"Abilis Tradeshow\"}]},{\"@type\":\"WebSite\",\"@id\":\"https:\\\/\\\/www.katiakud.com\\\/#website\",\"url\":\"https:\\\/\\\/www.katiakud.com\\\/\",\"name\":\"Katia Kud Design | Graphic and Web Designer\",\"description\":\"Graphic &amp; Web Designer Creating Marketing Materials, Reports and Infographics\",\"publisher\":{\"@id\":\"https:\\\/\\\/www.katiakud.com\\\/#organization\"},\"potentialAction\":[{\"@type\":\"SearchAction\",\"target\":{\"@type\":\"EntryPoint\",\"urlTemplate\":\"https:\\\/\\\/www.katiakud.com\\\/?s={search_term_string}\"},\"query-input\":{\"@type\":\"PropertyValueSpecification\",\"valueRequired\":true,\"valueName\":\"search_term_string\"}}],\"inLanguage\":\"fr-CA\"},{\"@type\":\"Organization\",\"@id\":\"https:\\\/\\\/www.katiakud.com\\\/#organization\",\"name\":\"Katia Kud Design | Graphic and Web Designer\",\"url\":\"https:\\\/\\\/www.katiakud.com\\\/\",\"logo\":{\"@type\":\"ImageObject\",\"inLanguage\":\"fr-CA\",\"@id\":\"https:\\\/\\\/www.katiakud.com\\\/#\\\/schema\\\/logo\\\/image\\\/\",\"url\":\"https:\\\/\\\/www.katiakud.com\\\/wp-content\\\/uploads\\\/2024\\\/09\\\/KatiaKud_Rev.svg\",\"contentUrl\":\"https:\\\/\\\/www.katiakud.com\\\/wp-content\\\/uploads\\\/2024\\\/09\\\/KatiaKud_Rev.svg\",\"width\":666,\"height\":170,\"caption\":\"Katia Kud Design | Graphic and Web Designer\"},\"image\":{\"@id\":\"https:\\\/\\\/www.katiakud.com\\\/#\\\/schema\\\/logo\\\/image\\\/\"}}]}<\/script>\n<!-- \/ Yoast SEO plugin. -->","yoast_head_json":{"title":"Abilis Tradeshow - Katia Kud Design | Graphic and Web Designer","description":"Designed a cutting-edge tradeshow booth and digital assets for the Technology Summit, winning the Best Booth award. The design effectively showcased industry dominance and captivated attendees.","robots":{"index":"index","follow":"follow","max-snippet":"max-snippet:-1","max-image-preview":"max-image-preview:large","max-video-preview":"max-video-preview:-1"},"canonical":"https:\/\/www.katiakud.com\/fr\/abilis-tradeshow\/","og_locale":"fr_CA","og_type":"article","og_title":"Abilis Tradeshow - Katia Kud Design | Graphic and Web Designer","og_description":"Designed a cutting-edge tradeshow booth and digital assets for the Technology Summit, winning the Best Booth award. The design effectively showcased industry dominance and captivated attendees.","og_url":"https:\/\/www.katiakud.com\/fr\/abilis-tradeshow\/","og_site_name":"Katia Kud Design | Graphic and Web Designer","article_modified_time":"2025-07-21T23:49:15+00:00","og_image":[{"width":600,"height":680,"url":"https:\/\/www.katiakud.com\/wp-content\/uploads\/2023\/12\/AbilisGlobe-600x680-1.jpg","type":"image\/jpeg"}],"twitter_card":"summary_large_image","twitter_misc":{"Estimation du temps de lecture":"2 minutes"},"schema":{"@context":"https:\/\/schema.org","@graph":[{"@type":"WebPage","@id":"https:\/\/www.katiakud.com\/abilis-tradeshow\/","url":"https:\/\/www.katiakud.com\/abilis-tradeshow\/","name":"Abilis Tradeshow - Katia Kud Design | Graphic and Web Designer","isPartOf":{"@id":"https:\/\/www.katiakud.com\/#website"},"primaryImageOfPage":{"@id":"https:\/\/www.katiakud.com\/abilis-tradeshow\/#primaryimage"},"image":{"@id":"https:\/\/www.katiakud.com\/abilis-tradeshow\/#primaryimage"},"thumbnailUrl":"https:\/\/www.katiakud.com\/wp-content\/uploads\/2023\/12\/AbilisGlobe-600x680-1.jpg","datePublished":"2023-12-13T17:08:01+00:00","dateModified":"2025-07-21T23:49:15+00:00","description":"Designed a cutting-edge tradeshow booth and digital assets for the Technology Summit, winning the Best Booth award. The design effectively showcased industry dominance and captivated attendees.","breadcrumb":{"@id":"https:\/\/www.katiakud.com\/abilis-tradeshow\/#breadcrumb"},"inLanguage":"fr-CA","potentialAction":[{"@type":"ReadAction","target":["https:\/\/www.katiakud.com\/abilis-tradeshow\/"]}]},{"@type":"ImageObject","inLanguage":"fr-CA","@id":"https:\/\/www.katiakud.com\/abilis-tradeshow\/#primaryimage","url":"https:\/\/www.katiakud.com\/wp-content\/uploads\/2023\/12\/AbilisGlobe-600x680-1.jpg","contentUrl":"https:\/\/www.katiakud.com\/wp-content\/uploads\/2023\/12\/AbilisGlobe-600x680-1.jpg","width":600,"height":680},{"@type":"BreadcrumbList","@id":"https:\/\/www.katiakud.com\/abilis-tradeshow\/#breadcrumb","itemListElement":[{"@type":"ListItem","position":1,"name":"Home","item":"https:\/\/www.katiakud.com\/"},{"@type":"ListItem","position":2,"name":"Abilis Tradeshow"}]},{"@type":"WebSite","@id":"https:\/\/www.katiakud.com\/#website","url":"https:\/\/www.katiakud.com\/","name":"Katia Kud Design | Graphic and Web Designer","description":"Graphic &amp; Web Designer Creating Marketing Materials, Reports and Infographics","publisher":{"@id":"https:\/\/www.katiakud.com\/#organization"},"potentialAction":[{"@type":"SearchAction","target":{"@type":"EntryPoint","urlTemplate":"https:\/\/www.katiakud.com\/?s={search_term_string}"},"query-input":{"@type":"PropertyValueSpecification","valueRequired":true,"valueName":"search_term_string"}}],"inLanguage":"fr-CA"},{"@type":"Organization","@id":"https:\/\/www.katiakud.com\/#organization","name":"Katia Kud Design | Graphic and Web Designer","url":"https:\/\/www.katiakud.com\/","logo":{"@type":"ImageObject","inLanguage":"fr-CA","@id":"https:\/\/www.katiakud.com\/#\/schema\/logo\/image\/","url":"https:\/\/www.katiakud.com\/wp-content\/uploads\/2024\/09\/KatiaKud_Rev.svg","contentUrl":"https:\/\/www.katiakud.com\/wp-content\/uploads\/2024\/09\/KatiaKud_Rev.svg","width":666,"height":170,"caption":"Katia Kud Design | Graphic and Web Designer"},"image":{"@id":"https:\/\/www.katiakud.com\/#\/schema\/logo\/image\/"}}]}},"_links":{"self":[{"href":"https:\/\/www.katiakud.com\/fr\/wp-json\/wp\/v2\/pages\/3603","targetHints":{"allow":["GET"]}}],"collection":[{"href":"https:\/\/www.katiakud.com\/fr\/wp-json\/wp\/v2\/pages"}],"about":[{"href":"https:\/\/www.katiakud.com\/fr\/wp-json\/wp\/v2\/types\/page"}],"author":[{"embeddable":true,"href":"https:\/\/www.katiakud.com\/fr\/wp-json\/wp\/v2\/users\/2"}],"replies":[{"embeddable":true,"href":"https:\/\/www.katiakud.com\/fr\/wp-json\/wp\/v2\/comments?post=3603"}],"version-history":[{"count":50,"href":"https:\/\/www.katiakud.com\/fr\/wp-json\/wp\/v2\/pages\/3603\/revisions"}],"predecessor-version":[{"id":5369,"href":"https:\/\/www.katiakud.com\/fr\/wp-json\/wp\/v2\/pages\/3603\/revisions\/5369"}],"wp:featuredmedia":[{"embeddable":true,"href":"https:\/\/www.katiakud.com\/fr\/wp-json\/wp\/v2\/media\/3653"}],"wp:attachment":[{"href":"https:\/\/www.katiakud.com\/fr\/wp-json\/wp\/v2\/media?parent=3603"}],"curies":[{"name":"wp","href":"https:\/\/api.w.org\/{rel}","templated":true}]}}