{"id":3592,"date":"2023-12-12T14:23:03","date_gmt":"2023-12-12T19:23:03","guid":{"rendered":"https:\/\/www.katiakud.com\/?page_id=3592"},"modified":"2026-03-25T09:06:12","modified_gmt":"2026-03-25T14:06:12","slug":"coris-symposium","status":"publish","type":"page","link":"https:\/\/www.katiakud.com\/fr\/coris-symposium\/","title":{"rendered":"Symposium Coris 2023"},"content":{"rendered":"<div data-elementor-type=\"wp-page\" data-elementor-id=\"3592\" class=\"elementor elementor-3592\" data-elementor-post-type=\"page\">\n\t\t\t\t<div class=\"has_eae_slider elementor-element elementor-element-79c539a3 e-flex e-con-boxed wpr-particle-no wpr-jarallax-no wpr-parallax-no wpr-sticky-section-no wpr-equal-height-no e-con e-parent\" data-eae-slider=\"89272\" data-id=\"79c539a3\" data-element_type=\"container\" data-e-type=\"container\" data-settings=\"{&quot;background_background&quot;:&quot;classic&quot;}\">\n\t\t\t\t\t<div class=\"e-con-inner\">\n\t\t\t\t<div class=\"elementor-element elementor-element-746b1bdc elementor-widget elementor-widget-heading\" data-id=\"746b1bdc\" data-element_type=\"widget\" data-e-type=\"widget\" data-widget_type=\"heading.default\">\n\t\t\t\t<div class=\"elementor-widget-container\">\n\t\t\t\t\t<h1 class=\"elementor-heading-title elementor-size-default translation-block\">Identit\u00e9 visuelle du Symposium communautaire CORIS<sup>\u00ae<\/sup>  2023<\/h1>\t\t\t\t<\/div>\n\t\t\t\t<\/div>\n\t\t\t\t<div class=\"elementor-element elementor-element-4c1c8cbc elementor-widget elementor-widget-text-editor\" data-id=\"4c1c8cbc\" data-element_type=\"widget\" data-e-type=\"widget\" data-widget_type=\"text-editor.default\">\n\t\t\t\t<div class=\"elementor-widget-container\">\n\t\t\t\t\t\t\t\t\t<p>J\u2019ai aid\u00e9 mon client \u00e0 d\u00e9finir un th\u00e8me percutant et une identit\u00e9 visuelle forte pour son symposium client. La palette de couleurs choisie s\u2019alignait parfaitement avec l\u2019image de marque de l\u2019entreprise, cr\u00e9ant ainsi une esth\u00e9tique coh\u00e9rente et marquante. Les photos s\u00e9lectionn\u00e9es compl\u00e9taient non seulement le th\u00e8me g\u00e9n\u00e9ral, mais traduisaient aussi efficacement l\u2019esprit de communication et d\u2019\u00e9change d\u2019id\u00e9es entre les agences et les fournisseurs de solutions.<\/p><p>En termes de livrables, le projet comprenait une dizaine d\u2019\u00e9l\u00e9ments vari\u00e9s, dont des banni\u00e8res d\u00e9roulantes, des mod\u00e8les PowerPoint et des supports promotionnels. La r\u00e9action positive des participants a largement d\u00e9pass\u00e9 les attentes initiales de mon client, t\u00e9moignant du succ\u00e8s de la mise en \u0153uvre du th\u00e8me et de l\u2019identit\u00e9 visuelle d\u00e9finis.<\/p>\t\t\t\t\t\t\t\t<\/div>\n\t\t\t\t<\/div>\n\t\t\t\t<div class=\"elementor-element elementor-element-4ef3a9e elementor-widget elementor-widget-heading\" data-id=\"4ef3a9e\" data-element_type=\"widget\" data-e-type=\"widget\" data-widget_type=\"heading.default\">\n\t\t\t\t<div class=\"elementor-widget-container\">\n\t\t\t\t\t<h2 class=\"elementor-heading-title elementor-size-medium\">Image de marque \u00e9v\u00e9nementielle<\/h2>\t\t\t\t<\/div>\n\t\t\t\t<\/div>\n\t\t\t\t<div class=\"elementor-element elementor-element-4595c2f7 elementor-widget__width-initial elementor-widget elementor-widget-image\" data-id=\"4595c2f7\" data-element_type=\"widget\" data-e-type=\"widget\" data-widget_type=\"image.default\">\n\t\t\t\t<div class=\"elementor-widget-container\">\n\t\t\t\t\t\t\t\t\t\t\t\t\t\t\t<img fetchpriority=\"high\" decoding=\"async\" width=\"1024\" height=\"1024\" src=\"https:\/\/www.katiakud.com\/wp-content\/uploads\/2023\/12\/SymposiumBanner-1024x1024.jpg\" class=\"attachment-large size-large wp-image-3594\" alt=\"Marketing for Coris 2023 Symposium gray and orange floor pullout banner.\" srcset=\"https:\/\/www.katiakud.com\/wp-content\/uploads\/2023\/12\/SymposiumBanner-1024x1024.jpg 1024w, https:\/\/www.katiakud.com\/wp-content\/uploads\/2023\/12\/SymposiumBanner-300x300.jpg 300w, https:\/\/www.katiakud.com\/wp-content\/uploads\/2023\/12\/SymposiumBanner-150x150.jpg 150w, https:\/\/www.katiakud.com\/wp-content\/uploads\/2023\/12\/SymposiumBanner-768x768.jpg 768w, https:\/\/www.katiakud.com\/wp-content\/uploads\/2023\/12\/SymposiumBanner.jpg 1140w\" sizes=\"(max-width: 1024px) 100vw, 1024px\" \/>\t\t\t\t\t\t\t\t\t\t\t\t\t\t\t<\/div>\n\t\t\t\t<\/div>\n\t\t\t\t<div class=\"elementor-element elementor-element-4782f32b elementor-widget__width-initial elementor-widget elementor-widget-image\" data-id=\"4782f32b\" data-element_type=\"widget\" data-e-type=\"widget\" data-widget_type=\"image.default\">\n\t\t\t\t<div class=\"elementor-widget-container\">\n\t\t\t\t\t\t\t\t\t\t\t\t\t\t\t<img decoding=\"async\" width=\"1024\" height=\"1024\" src=\"https:\/\/www.katiakud.com\/wp-content\/uploads\/2023\/12\/SymposiumPowerPoint-1024x1024.jpg\" class=\"attachment-large size-large wp-image-3595\" alt=\"Coris 2023 Symposium gray and orange PowerPoint Title slide.\" srcset=\"https:\/\/www.katiakud.com\/wp-content\/uploads\/2023\/12\/SymposiumPowerPoint-1024x1024.jpg 1024w, https:\/\/www.katiakud.com\/wp-content\/uploads\/2023\/12\/SymposiumPowerPoint-300x300.jpg 300w, https:\/\/www.katiakud.com\/wp-content\/uploads\/2023\/12\/SymposiumPowerPoint-150x150.jpg 150w, https:\/\/www.katiakud.com\/wp-content\/uploads\/2023\/12\/SymposiumPowerPoint-768x768.jpg 768w, https:\/\/www.katiakud.com\/wp-content\/uploads\/2023\/12\/SymposiumPowerPoint.jpg 1140w\" sizes=\"(max-width: 1024px) 100vw, 1024px\" \/>\t\t\t\t\t\t\t\t\t\t\t\t\t\t\t<\/div>\n\t\t\t\t<\/div>\n\t\t\t\t<div class=\"elementor-element elementor-element-91c33af elementor-widget__width-initial elementor-widget elementor-widget-image\" data-id=\"91c33af\" data-element_type=\"widget\" data-e-type=\"widget\" data-widget_type=\"image.default\">\n\t\t\t\t<div class=\"elementor-widget-container\">\n\t\t\t\t\t\t\t\t\t\t\t\t\t\t\t<img decoding=\"async\" width=\"1024\" height=\"1024\" src=\"https:\/\/www.katiakud.com\/wp-content\/uploads\/2023\/12\/SymposiumWelcomeTag-1024x1024.jpg\" class=\"attachment-large size-large wp-image-3597\" alt=\"Coris 2023 Symposium gray and orange welcome tags.\" srcset=\"https:\/\/www.katiakud.com\/wp-content\/uploads\/2023\/12\/SymposiumWelcomeTag-1024x1024.jpg 1024w, https:\/\/www.katiakud.com\/wp-content\/uploads\/2023\/12\/SymposiumWelcomeTag-300x300.jpg 300w, https:\/\/www.katiakud.com\/wp-content\/uploads\/2023\/12\/SymposiumWelcomeTag-150x150.jpg 150w, https:\/\/www.katiakud.com\/wp-content\/uploads\/2023\/12\/SymposiumWelcomeTag-768x768.jpg 768w, https:\/\/www.katiakud.com\/wp-content\/uploads\/2023\/12\/SymposiumWelcomeTag.jpg 1140w\" sizes=\"(max-width: 1024px) 100vw, 1024px\" \/>\t\t\t\t\t\t\t\t\t\t\t\t\t\t\t<\/div>\n\t\t\t\t<\/div>\n\t\t\t\t<div class=\"elementor-element elementor-element-521fc9f0 elementor-widget__width-initial elementor-widget elementor-widget-image\" data-id=\"521fc9f0\" data-element_type=\"widget\" data-e-type=\"widget\" data-widget_type=\"image.default\">\n\t\t\t\t<div class=\"elementor-widget-container\">\n\t\t\t\t\t\t\t\t\t\t\t\t\t\t\t<img loading=\"lazy\" decoding=\"async\" width=\"1024\" height=\"1024\" src=\"https:\/\/www.katiakud.com\/wp-content\/uploads\/2023\/12\/SymposiumFolder-Mockup-1024x1024.jpg\" class=\"attachment-large size-large wp-image-3598\" alt=\"Coris 2023 Symposium gray and orange document folder.\" srcset=\"https:\/\/www.katiakud.com\/wp-content\/uploads\/2023\/12\/SymposiumFolder-Mockup-1024x1024.jpg 1024w, https:\/\/www.katiakud.com\/wp-content\/uploads\/2023\/12\/SymposiumFolder-Mockup-300x300.jpg 300w, https:\/\/www.katiakud.com\/wp-content\/uploads\/2023\/12\/SymposiumFolder-Mockup-150x150.jpg 150w, https:\/\/www.katiakud.com\/wp-content\/uploads\/2023\/12\/SymposiumFolder-Mockup-768x768.jpg 768w, https:\/\/www.katiakud.com\/wp-content\/uploads\/2023\/12\/SymposiumFolder-Mockup.jpg 1140w\" sizes=\"(max-width: 1024px) 100vw, 1024px\" \/>\t\t\t\t\t\t\t\t\t\t\t\t\t\t\t<\/div>\n\t\t\t\t<\/div>\n\t\t\t\t<div class=\"elementor-element elementor-element-3197bea elementor-widget__width-initial elementor-widget elementor-widget-image\" data-id=\"3197bea\" data-element_type=\"widget\" data-e-type=\"widget\" data-widget_type=\"image.default\">\n\t\t\t\t<div class=\"elementor-widget-container\">\n\t\t\t\t\t\t\t\t\t\t\t\t\t\t\t<img loading=\"lazy\" decoding=\"async\" width=\"1024\" height=\"1024\" src=\"https:\/\/www.katiakud.com\/wp-content\/uploads\/2023\/12\/SymposiumLanyard-1024x1024.jpg\" class=\"attachment-large size-large wp-image-3599\" alt=\"\" srcset=\"https:\/\/www.katiakud.com\/wp-content\/uploads\/2023\/12\/SymposiumLanyard-1024x1024.jpg 1024w, https:\/\/www.katiakud.com\/wp-content\/uploads\/2023\/12\/SymposiumLanyard-300x300.jpg 300w, https:\/\/www.katiakud.com\/wp-content\/uploads\/2023\/12\/SymposiumLanyard-150x150.jpg 150w, https:\/\/www.katiakud.com\/wp-content\/uploads\/2023\/12\/SymposiumLanyard-768x768.jpg 768w, https:\/\/www.katiakud.com\/wp-content\/uploads\/2023\/12\/SymposiumLanyard.jpg 1140w\" sizes=\"(max-width: 1024px) 100vw, 1024px\" \/>\t\t\t\t\t\t\t\t\t\t\t\t\t\t\t<\/div>\n\t\t\t\t<\/div>\n\t\t\t\t\t<\/div>\n\t\t\t\t<\/div>\n\t\t<div class=\"has_eae_slider elementor-element elementor-element-124ad85 e-flex e-con-boxed wpr-particle-no wpr-jarallax-no wpr-parallax-no wpr-sticky-section-no wpr-equal-height-no e-con e-parent\" data-eae-slider=\"93949\" data-id=\"124ad85\" data-element_type=\"container\" data-e-type=\"container\" data-settings=\"{&quot;background_background&quot;:&quot;classic&quot;}\">\n\t\t\t\t\t<div class=\"e-con-inner\">\n\t\t<div class=\"has_eae_slider elementor-element elementor-element-3eeb71cb e-con-full e-flex wpr-particle-no wpr-jarallax-no wpr-parallax-no wpr-sticky-section-no wpr-equal-height-no e-con e-child\" data-eae-slider=\"93963\" data-id=\"3eeb71cb\" data-element_type=\"container\" data-e-type=\"container\">\n\t\t\t\t<div class=\"elementor-element elementor-element-67b43141 elementor-widget elementor-widget-heading\" data-id=\"67b43141\" data-element_type=\"widget\" data-e-type=\"widget\" data-widget_type=\"heading.default\">\n\t\t\t\t<div class=\"elementor-widget-container\">\n\t\t\t\t\t<h2 class=\"elementor-heading-title elementor-size-default\">Collaborons ensemble !<\/h2>\t\t\t\t<\/div>\n\t\t\t\t<\/div>\n\t\t\t\t<div class=\"elementor-element elementor-element-6d1f4bd2 elementor-widget elementor-widget-text-editor\" data-id=\"6d1f4bd2\" data-element_type=\"widget\" data-e-type=\"widget\" data-widget_type=\"text-editor.default\">\n\t\t\t\t<div class=\"elementor-widget-container translation-block\">Vous avez un projet en t\u00eate ? Je suis enthousiaste \u00e0 l\u2019id\u00e9e de discuter avec vous et d\u2019explorer comment  <strong><i>transformer vos id\u00e9es en quelque chose de vraiment cr\u00e9atif <\/strong><\/i>. Construisons quelque chose de formidable ensemble !<\/div>\n\t\t\t\t<\/div>\n\t\t\t\t<\/div>\n\t\t<div class=\"has_eae_slider elementor-element elementor-element-52b3bf78 e-con-full e-flex wpr-particle-no wpr-jarallax-no wpr-parallax-no wpr-sticky-section-no wpr-equal-height-no e-con e-child\" data-eae-slider=\"55498\" data-id=\"52b3bf78\" data-element_type=\"container\" data-e-type=\"container\">\n\t\t\t\t<div class=\"elementor-element elementor-element-387a2713 elementor-align-center elementor-widget elementor-widget-button\" data-id=\"387a2713\" data-element_type=\"widget\" data-e-type=\"widget\" data-widget_type=\"button.default\">\n\t\t\t\t<div class=\"elementor-widget-container\">\n\t\t\t\t\t\t\t\t\t<div class=\"elementor-button-wrapper\">\n\t\t\t\t\t<a class=\"elementor-button elementor-button-link elementor-size-sm\" href=\"https:\/\/www.katiakud.com\/fr\/contact-katia-kud\/\" target=\"_blank\">\n\t\t\t\t\t\t<span class=\"elementor-button-content-wrapper\">\n\t\t\t\t\t\t\t\t\t<span class=\"elementor-button-text\">Connectons-nous<\/span>\n\t\t\t\t\t<\/span>\n\t\t\t\t\t<\/a>\n\t\t\t\t<\/div>\n\t\t\t\t\t\t\t\t<\/div>\n\t\t\t\t<\/div>\n\t\t\t\t<div class=\"elementor-element elementor-element-28182b30 elementor-align-center elementor-widget elementor-widget-button\" data-id=\"28182b30\" data-element_type=\"widget\" data-e-type=\"widget\" data-widget_type=\"button.default\">\n\t\t\t\t<div class=\"elementor-widget-container\">\n\t\t\t\t\t\t\t\t\t<div class=\"elementor-button-wrapper\">\n\t\t\t\t\t<a class=\"elementor-button elementor-button-link elementor-size-sm\" href=\"https:\/\/www.katiakud.com\/wp-content\/uploads\/2024\/09\/KatiaKudriavtsev-CV.pdf\" target=\"_blank\">\n\t\t\t\t\t\t<span class=\"elementor-button-content-wrapper\">\n\t\t\t\t\t\t\t\t\t<span class=\"elementor-button-text\">T\u00e9l\u00e9chargez mon CV<\/span>\n\t\t\t\t\t<\/span>\n\t\t\t\t\t<\/a>\n\t\t\t\t<\/div>\n\t\t\t\t\t\t\t\t<\/div>\n\t\t\t\t<\/div>\n\t\t\t\t<\/div>\n\t\t\t\t\t<\/div>\n\t\t\t\t<\/div>\n\t\t\t\t<\/div>","protected":false},"excerpt":{"rendered":"<p>CORIS\u00ae Community Symposium 2023 Visual Branding I assisted my client in defining a compelling theme and visual identity for their customer symposium. The chosen colour scheme seamlessly aligned with the company&#8217;s branding, creating a cohesive and impactful aesthetic. The photography selected not only complemented the overall theme but also effectively conveyed the essence of communication and idea exchange between agencies and solution providers. In terms of deliverables, the project encompassed a diverse range of over ten items, including pull-out banners, PowerPoint templates, and promotional materials. The positive response from attendees surpassed my client&#8217;s initial expectations, indicating a highly successful implementation of the established theme and visual branding. event branding Let\u2019s Collaborate! Have a project in mind? I\u2019m excited to connect and explore how we can turn your ideas into something truly creative. Let\u2019s build something great together! Let&#8217;s Connect Download my CV<\/p>","protected":false},"author":2,"featured_media":0,"parent":0,"menu_order":0,"comment_status":"closed","ping_status":"closed","template":"","meta":{"_monsterinsights_skip_tracking":false,"_monsterinsights_sitenote_active":false,"_monsterinsights_sitenote_note":"","_monsterinsights_sitenote_category":0,"footnotes":""},"class_list":["post-3592","page","type-page","status-publish","hentry"],"blocksy_meta":[],"yoast_head":"<!-- This site is optimized with the Yoast SEO plugin v27.4 - https:\/\/yoast.com\/product\/yoast-seo-wordpress\/ -->\n<title>Coris Symposium 2023 - Katia Kud Design | Graphic and Web Designer<\/title>\n<meta name=\"robots\" content=\"index, follow, max-snippet:-1, max-image-preview:large, max-video-preview:-1\" \/>\n<link rel=\"canonical\" href=\"https:\/\/www.katiakud.com\/fr\/coris-symposium\/\" \/>\n<meta property=\"og:locale\" content=\"fr_CA\" \/>\n<meta property=\"og:type\" content=\"article\" \/>\n<meta property=\"og:title\" content=\"Coris Symposium 2023 - Katia Kud Design | Graphic and Web Designer\" \/>\n<meta property=\"og:description\" content=\"CORIS\u00ae Community Symposium 2023 Visual Branding I assisted my client in defining a compelling theme and visual identity for their customer symposium. The chosen colour scheme seamlessly aligned with the company&#8217;s branding, creating a cohesive and impactful aesthetic. The photography selected not only complemented the overall theme but also effectively conveyed the essence of communication and idea exchange between agencies and solution providers. In terms of deliverables, the project encompassed a diverse range of over ten items, including pull-out banners, PowerPoint templates, and promotional materials. The positive response from attendees surpassed my client&#8217;s initial expectations, indicating a highly successful implementation of the established theme and visual branding. event branding Let\u2019s Collaborate! Have a project in mind? I\u2019m excited to connect and explore how we can turn your ideas into something truly creative. Let\u2019s build something great together! Let&#8217;s Connect Download my CV\" \/>\n<meta property=\"og:url\" content=\"https:\/\/www.katiakud.com\/fr\/coris-symposium\/\" \/>\n<meta property=\"og:site_name\" content=\"Katia Kud Design | Graphic and Web Designer\" \/>\n<meta property=\"article:modified_time\" content=\"2026-03-25T14:06:12+00:00\" \/>\n<meta property=\"og:image\" content=\"https:\/\/www.katiakud.com\/wp-content\/uploads\/2023\/12\/SymposiumBanner-1024x1024.jpg\" \/>\n<meta name=\"twitter:card\" content=\"summary_large_image\" \/>\n<meta name=\"twitter:label1\" content=\"Estimation du temps de lecture\" \/>\n\t<meta name=\"twitter:data1\" content=\"2 minutes\" \/>\n<script type=\"application\/ld+json\" class=\"yoast-schema-graph\">{\"@context\":\"https:\\\/\\\/schema.org\",\"@graph\":[{\"@type\":\"WebPage\",\"@id\":\"https:\\\/\\\/www.katiakud.com\\\/coris-symposium\\\/\",\"url\":\"https:\\\/\\\/www.katiakud.com\\\/coris-symposium\\\/\",\"name\":\"Coris Symposium 2023 - Katia Kud Design | Graphic and Web Designer\",\"isPartOf\":{\"@id\":\"https:\\\/\\\/www.katiakud.com\\\/#website\"},\"primaryImageOfPage\":{\"@id\":\"https:\\\/\\\/www.katiakud.com\\\/coris-symposium\\\/#primaryimage\"},\"image\":{\"@id\":\"https:\\\/\\\/www.katiakud.com\\\/coris-symposium\\\/#primaryimage\"},\"thumbnailUrl\":\"https:\\\/\\\/www.katiakud.com\\\/wp-content\\\/uploads\\\/2023\\\/12\\\/SymposiumBanner-1024x1024.jpg\",\"datePublished\":\"2023-12-12T19:23:03+00:00\",\"dateModified\":\"2026-03-25T14:06:12+00:00\",\"breadcrumb\":{\"@id\":\"https:\\\/\\\/www.katiakud.com\\\/coris-symposium\\\/#breadcrumb\"},\"inLanguage\":\"fr-CA\",\"potentialAction\":[{\"@type\":\"ReadAction\",\"target\":[\"https:\\\/\\\/www.katiakud.com\\\/coris-symposium\\\/\"]}]},{\"@type\":\"ImageObject\",\"inLanguage\":\"fr-CA\",\"@id\":\"https:\\\/\\\/www.katiakud.com\\\/coris-symposium\\\/#primaryimage\",\"url\":\"https:\\\/\\\/www.katiakud.com\\\/wp-content\\\/uploads\\\/2023\\\/12\\\/SymposiumBanner-1024x1024.jpg\",\"contentUrl\":\"https:\\\/\\\/www.katiakud.com\\\/wp-content\\\/uploads\\\/2023\\\/12\\\/SymposiumBanner-1024x1024.jpg\"},{\"@type\":\"BreadcrumbList\",\"@id\":\"https:\\\/\\\/www.katiakud.com\\\/coris-symposium\\\/#breadcrumb\",\"itemListElement\":[{\"@type\":\"ListItem\",\"position\":1,\"name\":\"Home\",\"item\":\"https:\\\/\\\/www.katiakud.com\\\/\"},{\"@type\":\"ListItem\",\"position\":2,\"name\":\"Coris Symposium 2023\"}]},{\"@type\":\"WebSite\",\"@id\":\"https:\\\/\\\/www.katiakud.com\\\/#website\",\"url\":\"https:\\\/\\\/www.katiakud.com\\\/\",\"name\":\"Katia Kud Design | Graphic and Web Designer\",\"description\":\"Graphic &amp; Web Designer Creating Marketing Materials, Reports and Infographics\",\"publisher\":{\"@id\":\"https:\\\/\\\/www.katiakud.com\\\/#organization\"},\"potentialAction\":[{\"@type\":\"SearchAction\",\"target\":{\"@type\":\"EntryPoint\",\"urlTemplate\":\"https:\\\/\\\/www.katiakud.com\\\/?s={search_term_string}\"},\"query-input\":{\"@type\":\"PropertyValueSpecification\",\"valueRequired\":true,\"valueName\":\"search_term_string\"}}],\"inLanguage\":\"fr-CA\"},{\"@type\":\"Organization\",\"@id\":\"https:\\\/\\\/www.katiakud.com\\\/#organization\",\"name\":\"Katia Kud Design | Graphic and Web Designer\",\"url\":\"https:\\\/\\\/www.katiakud.com\\\/\",\"logo\":{\"@type\":\"ImageObject\",\"inLanguage\":\"fr-CA\",\"@id\":\"https:\\\/\\\/www.katiakud.com\\\/#\\\/schema\\\/logo\\\/image\\\/\",\"url\":\"https:\\\/\\\/www.katiakud.com\\\/wp-content\\\/uploads\\\/2024\\\/09\\\/KatiaKud_Rev.svg\",\"contentUrl\":\"https:\\\/\\\/www.katiakud.com\\\/wp-content\\\/uploads\\\/2024\\\/09\\\/KatiaKud_Rev.svg\",\"width\":666,\"height\":170,\"caption\":\"Katia Kud Design | Graphic and Web Designer\"},\"image\":{\"@id\":\"https:\\\/\\\/www.katiakud.com\\\/#\\\/schema\\\/logo\\\/image\\\/\"}}]}<\/script>\n<!-- \/ Yoast SEO plugin. -->","yoast_head_json":{"title":"Coris Symposium 2023 - Katia Kud Design | Graphic and Web Designer","robots":{"index":"index","follow":"follow","max-snippet":"max-snippet:-1","max-image-preview":"max-image-preview:large","max-video-preview":"max-video-preview:-1"},"canonical":"https:\/\/www.katiakud.com\/fr\/coris-symposium\/","og_locale":"fr_CA","og_type":"article","og_title":"Coris Symposium 2023 - Katia Kud Design | Graphic and Web Designer","og_description":"CORIS\u00ae Community Symposium 2023 Visual Branding I assisted my client in defining a compelling theme and visual identity for their customer symposium. The chosen colour scheme seamlessly aligned with the company&#8217;s branding, creating a cohesive and impactful aesthetic. The photography selected not only complemented the overall theme but also effectively conveyed the essence of communication and idea exchange between agencies and solution providers. In terms of deliverables, the project encompassed a diverse range of over ten items, including pull-out banners, PowerPoint templates, and promotional materials. The positive response from attendees surpassed my client&#8217;s initial expectations, indicating a highly successful implementation of the established theme and visual branding. event branding Let\u2019s Collaborate! Have a project in mind? I\u2019m excited to connect and explore how we can turn your ideas into something truly creative. Let\u2019s build something great together! Let&#8217;s Connect Download my CV","og_url":"https:\/\/www.katiakud.com\/fr\/coris-symposium\/","og_site_name":"Katia Kud Design | Graphic and Web Designer","article_modified_time":"2026-03-25T14:06:12+00:00","og_image":[{"url":"https:\/\/www.katiakud.com\/wp-content\/uploads\/2023\/12\/SymposiumBanner-1024x1024.jpg","type":"","width":"","height":""}],"twitter_card":"summary_large_image","twitter_misc":{"Estimation du temps de lecture":"2 minutes"},"schema":{"@context":"https:\/\/schema.org","@graph":[{"@type":"WebPage","@id":"https:\/\/www.katiakud.com\/coris-symposium\/","url":"https:\/\/www.katiakud.com\/coris-symposium\/","name":"Coris Symposium 2023 - Katia Kud Design | Graphic and Web Designer","isPartOf":{"@id":"https:\/\/www.katiakud.com\/#website"},"primaryImageOfPage":{"@id":"https:\/\/www.katiakud.com\/coris-symposium\/#primaryimage"},"image":{"@id":"https:\/\/www.katiakud.com\/coris-symposium\/#primaryimage"},"thumbnailUrl":"https:\/\/www.katiakud.com\/wp-content\/uploads\/2023\/12\/SymposiumBanner-1024x1024.jpg","datePublished":"2023-12-12T19:23:03+00:00","dateModified":"2026-03-25T14:06:12+00:00","breadcrumb":{"@id":"https:\/\/www.katiakud.com\/coris-symposium\/#breadcrumb"},"inLanguage":"fr-CA","potentialAction":[{"@type":"ReadAction","target":["https:\/\/www.katiakud.com\/coris-symposium\/"]}]},{"@type":"ImageObject","inLanguage":"fr-CA","@id":"https:\/\/www.katiakud.com\/coris-symposium\/#primaryimage","url":"https:\/\/www.katiakud.com\/wp-content\/uploads\/2023\/12\/SymposiumBanner-1024x1024.jpg","contentUrl":"https:\/\/www.katiakud.com\/wp-content\/uploads\/2023\/12\/SymposiumBanner-1024x1024.jpg"},{"@type":"BreadcrumbList","@id":"https:\/\/www.katiakud.com\/coris-symposium\/#breadcrumb","itemListElement":[{"@type":"ListItem","position":1,"name":"Home","item":"https:\/\/www.katiakud.com\/"},{"@type":"ListItem","position":2,"name":"Coris Symposium 2023"}]},{"@type":"WebSite","@id":"https:\/\/www.katiakud.com\/#website","url":"https:\/\/www.katiakud.com\/","name":"Katia Kud Design | Graphic and Web Designer","description":"Graphic &amp; Web Designer Creating Marketing Materials, Reports and Infographics","publisher":{"@id":"https:\/\/www.katiakud.com\/#organization"},"potentialAction":[{"@type":"SearchAction","target":{"@type":"EntryPoint","urlTemplate":"https:\/\/www.katiakud.com\/?s={search_term_string}"},"query-input":{"@type":"PropertyValueSpecification","valueRequired":true,"valueName":"search_term_string"}}],"inLanguage":"fr-CA"},{"@type":"Organization","@id":"https:\/\/www.katiakud.com\/#organization","name":"Katia Kud Design | Graphic and Web Designer","url":"https:\/\/www.katiakud.com\/","logo":{"@type":"ImageObject","inLanguage":"fr-CA","@id":"https:\/\/www.katiakud.com\/#\/schema\/logo\/image\/","url":"https:\/\/www.katiakud.com\/wp-content\/uploads\/2024\/09\/KatiaKud_Rev.svg","contentUrl":"https:\/\/www.katiakud.com\/wp-content\/uploads\/2024\/09\/KatiaKud_Rev.svg","width":666,"height":170,"caption":"Katia Kud Design | Graphic and Web Designer"},"image":{"@id":"https:\/\/www.katiakud.com\/#\/schema\/logo\/image\/"}}]}},"_links":{"self":[{"href":"https:\/\/www.katiakud.com\/fr\/wp-json\/wp\/v2\/pages\/3592","targetHints":{"allow":["GET"]}}],"collection":[{"href":"https:\/\/www.katiakud.com\/fr\/wp-json\/wp\/v2\/pages"}],"about":[{"href":"https:\/\/www.katiakud.com\/fr\/wp-json\/wp\/v2\/types\/page"}],"author":[{"embeddable":true,"href":"https:\/\/www.katiakud.com\/fr\/wp-json\/wp\/v2\/users\/2"}],"replies":[{"embeddable":true,"href":"https:\/\/www.katiakud.com\/fr\/wp-json\/wp\/v2\/comments?post=3592"}],"version-history":[{"count":72,"href":"https:\/\/www.katiakud.com\/fr\/wp-json\/wp\/v2\/pages\/3592\/revisions"}],"predecessor-version":[{"id":5488,"href":"https:\/\/www.katiakud.com\/fr\/wp-json\/wp\/v2\/pages\/3592\/revisions\/5488"}],"wp:attachment":[{"href":"https:\/\/www.katiakud.com\/fr\/wp-json\/wp\/v2\/media?parent=3592"}],"curies":[{"name":"wp","href":"https:\/\/api.w.org\/{rel}","templated":true}]}}