{"id":3371,"date":"2023-07-19T12:24:34","date_gmt":"2023-07-19T17:24:34","guid":{"rendered":"http:\/\/3.94.137.79\/?page_id=3371"},"modified":"2026-03-25T09:07:47","modified_gmt":"2026-03-25T14:07:47","slug":"nutrience-catalogue-design","status":"publish","type":"page","link":"https:\/\/www.katiakud.com\/fr\/nutrience-catalogue-design\/","title":{"rendered":"Nutrience"},"content":{"rendered":"<div data-elementor-type=\"wp-page\" data-elementor-id=\"3371\" class=\"elementor elementor-3371\" data-elementor-post-type=\"page\">\n\t\t\t\t<div class=\"has_eae_slider elementor-element elementor-element-79c539a3 e-flex e-con-boxed wpr-particle-no wpr-jarallax-no wpr-parallax-no wpr-sticky-section-no wpr-equal-height-no e-con e-parent\" data-eae-slider=\"59567\" data-id=\"79c539a3\" data-element_type=\"container\" data-e-type=\"container\" data-settings=\"{&quot;background_background&quot;:&quot;classic&quot;}\">\n\t\t\t\t\t<div class=\"e-con-inner\">\n\t\t\t\t<div class=\"elementor-element elementor-element-746b1bdc elementor-widget elementor-widget-heading\" data-id=\"746b1bdc\" data-element_type=\"widget\" data-e-type=\"widget\" data-widget_type=\"heading.default\">\n\t\t\t\t<div class=\"elementor-widget-container\">\n\t\t\t\t\t<h1 class=\"elementor-heading-title elementor-size-default\">Catalogue de produits Nutrience<\/h1>\t\t\t\t<\/div>\n\t\t\t\t<\/div>\n\t\t\t\t<div class=\"elementor-element elementor-element-4c1c8cbc elementor-widget elementor-widget-text-editor\" data-id=\"4c1c8cbc\" data-element_type=\"widget\" data-e-type=\"widget\" data-widget_type=\"text-editor.default\">\n\t\t\t\t<div class=\"elementor-widget-container\">\n\t\t\t\t\t\t\t\t\t<p>J\u2019ai \u00e9t\u00e9 charg\u00e9e de concevoir un catalogue complet pour un fabricant canadien d\u2019aliments premium pour chiens et chats, int\u00e9grant toutes leurs sous-marques avec des styles distincts. Le d\u00e9fi consistait \u00e0 unifier les marques tout en pr\u00e9servant leurs identit\u00e9s uniques. Gr\u00e2ce \u00e0 une planification minutieuse et une strat\u00e9gie de design r\u00e9fl\u00e9chie, j\u2019ai cr\u00e9\u00e9 un catalogue visuellement attrayant qui pr\u00e9sente de mani\u00e8re coh\u00e9rente la diversit\u00e9 de la gamme de produits.\u00a0<\/p><p>Le r\u00e9sultat final est un catalogue remarquable qui pr\u00e9sente non seulement efficacement l\u2019ensemble du portefeuille de produits de l\u2019entreprise, mais qui met aussi en valeur l\u2019essence propre \u00e0 chaque sous-marque. Ce projet m\u2019a permis de d\u00e9montrer ma capacit\u00e9 \u00e0 allier cr\u00e9ativit\u00e9 et pragmatisme, en r\u00e9alisant une publication qui r\u00e9pond aux besoins du client tout en laissant une impression durable aupr\u00e8s de ses clients.<\/p>\t\t\t\t\t\t\t\t<\/div>\n\t\t\t\t<\/div>\n\t\t\t\t<div class=\"elementor-element elementor-element-d21adf9 elementor-widget elementor-widget-heading\" data-id=\"d21adf9\" data-element_type=\"widget\" data-e-type=\"widget\" data-widget_type=\"heading.default\">\n\t\t\t\t<div class=\"elementor-widget-container\">\n\t\t\t\t\t<h2 class=\"elementor-heading-title elementor-size-medium\">Mise en page | publications<\/h2>\t\t\t\t<\/div>\n\t\t\t\t<\/div>\n\t\t\t\t<div class=\"elementor-element elementor-element-4595c2f7 elementor-widget__width-initial elementor-widget elementor-widget-image\" data-id=\"4595c2f7\" data-element_type=\"widget\" data-e-type=\"widget\" data-widget_type=\"image.default\">\n\t\t\t\t<div class=\"elementor-widget-container\">\n\t\t\t\t\t\t\t\t\t\t\t\t\t\t\t<img fetchpriority=\"high\" decoding=\"async\" width=\"1024\" height=\"1024\" src=\"https:\/\/www.katiakud.com\/wp-content\/uploads\/2023\/07\/Nutrience_Cover-1024x1024.jpg\" class=\"attachment-large size-large wp-image-3383\" alt=\"Nutrience Product catalogue cover\" srcset=\"https:\/\/www.katiakud.com\/wp-content\/uploads\/2023\/07\/Nutrience_Cover-1024x1024.jpg 1024w, https:\/\/www.katiakud.com\/wp-content\/uploads\/2023\/07\/Nutrience_Cover-300x300.jpg 300w, https:\/\/www.katiakud.com\/wp-content\/uploads\/2023\/07\/Nutrience_Cover-150x150.jpg 150w, https:\/\/www.katiakud.com\/wp-content\/uploads\/2023\/07\/Nutrience_Cover-768x768.jpg 768w, https:\/\/www.katiakud.com\/wp-content\/uploads\/2023\/07\/Nutrience_Cover.jpg 1140w\" sizes=\"(max-width: 1024px) 100vw, 1024px\" \/>\t\t\t\t\t\t\t\t\t\t\t\t\t\t\t<\/div>\n\t\t\t\t<\/div>\n\t\t\t\t<div class=\"elementor-element elementor-element-4782f32b elementor-widget__width-initial elementor-widget elementor-widget-image\" data-id=\"4782f32b\" data-element_type=\"widget\" data-e-type=\"widget\" data-widget_type=\"image.default\">\n\t\t\t\t<div class=\"elementor-widget-container\">\n\t\t\t\t\t\t\t\t\t\t\t\t\t\t\t<img decoding=\"async\" width=\"1024\" height=\"1024\" src=\"https:\/\/www.katiakud.com\/wp-content\/uploads\/2023\/07\/Nutrience_Table-of-Content-1024x1024.jpg\" class=\"attachment-large size-large wp-image-3384\" alt=\"Nutrience Product catalogue Table to contents and chart spread\" srcset=\"https:\/\/www.katiakud.com\/wp-content\/uploads\/2023\/07\/Nutrience_Table-of-Content-1024x1024.jpg 1024w, https:\/\/www.katiakud.com\/wp-content\/uploads\/2023\/07\/Nutrience_Table-of-Content-300x300.jpg 300w, https:\/\/www.katiakud.com\/wp-content\/uploads\/2023\/07\/Nutrience_Table-of-Content-150x150.jpg 150w, https:\/\/www.katiakud.com\/wp-content\/uploads\/2023\/07\/Nutrience_Table-of-Content-768x768.jpg 768w, https:\/\/www.katiakud.com\/wp-content\/uploads\/2023\/07\/Nutrience_Table-of-Content.jpg 1140w\" sizes=\"(max-width: 1024px) 100vw, 1024px\" \/>\t\t\t\t\t\t\t\t\t\t\t\t\t\t\t<\/div>\n\t\t\t\t<\/div>\n\t\t\t\t<div class=\"elementor-element elementor-element-91c33af elementor-widget__width-initial elementor-widget elementor-widget-image\" data-id=\"91c33af\" data-element_type=\"widget\" data-e-type=\"widget\" data-widget_type=\"image.default\">\n\t\t\t\t<div class=\"elementor-widget-container\">\n\t\t\t\t\t\t\t\t\t\t\t\t\t\t\t<img decoding=\"async\" width=\"1024\" height=\"1024\" src=\"https:\/\/www.katiakud.com\/wp-content\/uploads\/2023\/07\/Nutrience_GrainFree-1024x1024.jpg\" class=\"attachment-large size-large wp-image-3385\" alt=\"Nutrience Product catalogue Section devider\" srcset=\"https:\/\/www.katiakud.com\/wp-content\/uploads\/2023\/07\/Nutrience_GrainFree-1024x1024.jpg 1024w, https:\/\/www.katiakud.com\/wp-content\/uploads\/2023\/07\/Nutrience_GrainFree-300x300.jpg 300w, https:\/\/www.katiakud.com\/wp-content\/uploads\/2023\/07\/Nutrience_GrainFree-150x150.jpg 150w, https:\/\/www.katiakud.com\/wp-content\/uploads\/2023\/07\/Nutrience_GrainFree-768x768.jpg 768w, https:\/\/www.katiakud.com\/wp-content\/uploads\/2023\/07\/Nutrience_GrainFree.jpg 1140w\" sizes=\"(max-width: 1024px) 100vw, 1024px\" \/>\t\t\t\t\t\t\t\t\t\t\t\t\t\t\t<\/div>\n\t\t\t\t<\/div>\n\t\t\t\t<div class=\"elementor-element elementor-element-550a475 elementor-widget__width-initial elementor-widget elementor-widget-image\" data-id=\"550a475\" data-element_type=\"widget\" data-e-type=\"widget\" data-widget_type=\"image.default\">\n\t\t\t\t<div class=\"elementor-widget-container\">\n\t\t\t\t\t\t\t\t\t\t\t\t\t\t\t<img loading=\"lazy\" decoding=\"async\" width=\"1024\" height=\"1024\" src=\"https:\/\/www.katiakud.com\/wp-content\/uploads\/2023\/07\/Nutrience_FAQ-1024x1024.jpg\" class=\"attachment-large size-large wp-image-3386\" alt=\"Nutrience Product catalogue Care Plus inside spread\" srcset=\"https:\/\/www.katiakud.com\/wp-content\/uploads\/2023\/07\/Nutrience_FAQ-1024x1024.jpg 1024w, https:\/\/www.katiakud.com\/wp-content\/uploads\/2023\/07\/Nutrience_FAQ-300x300.jpg 300w, https:\/\/www.katiakud.com\/wp-content\/uploads\/2023\/07\/Nutrience_FAQ-150x150.jpg 150w, https:\/\/www.katiakud.com\/wp-content\/uploads\/2023\/07\/Nutrience_FAQ-768x768.jpg 768w, https:\/\/www.katiakud.com\/wp-content\/uploads\/2023\/07\/Nutrience_FAQ.jpg 1140w\" sizes=\"(max-width: 1024px) 100vw, 1024px\" \/>\t\t\t\t\t\t\t\t\t\t\t\t\t\t\t<\/div>\n\t\t\t\t<\/div>\n\t\t\t\t\t<\/div>\n\t\t\t\t<\/div>\n\t\t<div class=\"has_eae_slider elementor-element elementor-element-67edb698 e-flex e-con-boxed wpr-particle-no wpr-jarallax-no wpr-parallax-no wpr-sticky-section-no wpr-equal-height-no e-con e-parent\" data-eae-slider=\"55075\" data-id=\"67edb698\" data-element_type=\"container\" data-e-type=\"container\" data-settings=\"{&quot;background_background&quot;:&quot;classic&quot;}\">\n\t\t\t\t\t<div class=\"e-con-inner\">\n\t\t<div class=\"has_eae_slider elementor-element elementor-element-5d9b8483 e-con-full e-flex wpr-particle-no wpr-jarallax-no wpr-parallax-no wpr-sticky-section-no wpr-equal-height-no e-con e-child\" data-eae-slider=\"94584\" data-id=\"5d9b8483\" data-element_type=\"container\" data-e-type=\"container\">\n\t\t\t\t<div class=\"elementor-element elementor-element-81a378b elementor-widget elementor-widget-heading\" data-id=\"81a378b\" data-element_type=\"widget\" data-e-type=\"widget\" data-widget_type=\"heading.default\">\n\t\t\t\t<div class=\"elementor-widget-container\">\n\t\t\t\t\t<h2 class=\"elementor-heading-title elementor-size-default\">Collaborons ensemble !<\/h2>\t\t\t\t<\/div>\n\t\t\t\t<\/div>\n\t\t\t\t<div class=\"elementor-element elementor-element-6e1ef05e elementor-widget elementor-widget-text-editor\" data-id=\"6e1ef05e\" data-element_type=\"widget\" data-e-type=\"widget\" data-widget_type=\"text-editor.default\">\n\t\t\t\t<div class=\"elementor-widget-container translation-block\">Vous avez un projet en t\u00eate ? Je suis enthousiaste \u00e0 l\u2019id\u00e9e de discuter avec vous et d\u2019explorer comment  <strong><i>transformer vos id\u00e9es en quelque chose de vraiment cr\u00e9atif <\/strong><\/i>. Construisons quelque chose de formidable ensemble !<\/div>\n\t\t\t\t<\/div>\n\t\t\t\t<\/div>\n\t\t<div class=\"has_eae_slider elementor-element elementor-element-11f196d0 e-con-full e-flex wpr-particle-no wpr-jarallax-no wpr-parallax-no wpr-sticky-section-no wpr-equal-height-no e-con e-child\" data-eae-slider=\"4225\" data-id=\"11f196d0\" data-element_type=\"container\" data-e-type=\"container\">\n\t\t\t\t<div class=\"elementor-element elementor-element-487c3810 elementor-align-center elementor-widget elementor-widget-button\" data-id=\"487c3810\" data-element_type=\"widget\" data-e-type=\"widget\" data-widget_type=\"button.default\">\n\t\t\t\t<div class=\"elementor-widget-container\">\n\t\t\t\t\t\t\t\t\t<div class=\"elementor-button-wrapper\">\n\t\t\t\t\t<a class=\"elementor-button elementor-button-link elementor-size-sm\" href=\"https:\/\/www.katiakud.com\/fr\/contact-katia-kud\/\" target=\"_blank\">\n\t\t\t\t\t\t<span class=\"elementor-button-content-wrapper\">\n\t\t\t\t\t\t\t\t\t<span class=\"elementor-button-text\">Connectons-nous<\/span>\n\t\t\t\t\t<\/span>\n\t\t\t\t\t<\/a>\n\t\t\t\t<\/div>\n\t\t\t\t\t\t\t\t<\/div>\n\t\t\t\t<\/div>\n\t\t\t\t<div class=\"elementor-element elementor-element-13f630e2 elementor-align-center elementor-widget elementor-widget-button\" data-id=\"13f630e2\" data-element_type=\"widget\" data-e-type=\"widget\" data-widget_type=\"button.default\">\n\t\t\t\t<div class=\"elementor-widget-container\">\n\t\t\t\t\t\t\t\t\t<div class=\"elementor-button-wrapper\">\n\t\t\t\t\t<a class=\"elementor-button elementor-button-link elementor-size-sm\" href=\"https:\/\/www.katiakud.com\/wp-content\/uploads\/2024\/09\/KatiaKudriavtsev-CV.pdf\" target=\"_blank\">\n\t\t\t\t\t\t<span class=\"elementor-button-content-wrapper\">\n\t\t\t\t\t\t\t\t\t<span class=\"elementor-button-text\">T\u00e9l\u00e9chargez mon CV<\/span>\n\t\t\t\t\t<\/span>\n\t\t\t\t\t<\/a>\n\t\t\t\t<\/div>\n\t\t\t\t\t\t\t\t<\/div>\n\t\t\t\t<\/div>\n\t\t\t\t<\/div>\n\t\t\t\t\t<\/div>\n\t\t\t\t<\/div>\n\t\t\t\t<\/div>","protected":false},"excerpt":{"rendered":"<p>Nutrience Product Catalogue I was tasked with designing a comprehensive catalogue for a Canadian premium dog and cat food manufacturer, incorporating all of their sub-brands with distinct looks. The challenge was to unify the brands while preserving their unique identities. Through meticulous planning and design strategy, I created a visually engaging catalogue that showcased the diverse product range cohesively.\u00a0 The end result was a stunning catalogue that not only presented the company&#8217;s entire product portfolio effectively but also celebrated the individual essence of each sub-brand. Navigating through this project allowed me to showcase my ability to blend artistry with practicality, producing a publication that not only met the client&#8217;s needs but also left a lasting impression on their customers. layout design | publications Let\u2019s Collaborate! Have a project in mind? I\u2019m excited to connect and explore how we can turn your ideas into something truly creative. Let\u2019s build something great together! Let&#8217;s Connect Download my CV<\/p>","protected":false},"author":2,"featured_media":0,"parent":0,"menu_order":0,"comment_status":"closed","ping_status":"closed","template":"","meta":{"_monsterinsights_skip_tracking":false,"_monsterinsights_sitenote_active":false,"_monsterinsights_sitenote_note":"","_monsterinsights_sitenote_category":0,"footnotes":""},"class_list":["post-3371","page","type-page","status-publish","hentry"],"blocksy_meta":[],"yoast_head":"<!-- This site is optimized with the Yoast SEO plugin v27.4 - https:\/\/yoast.com\/product\/yoast-seo-wordpress\/ -->\n<title>Nutrience - Katia Kud Design | Graphic and Web Designer<\/title>\n<meta name=\"description\" content=\"Designed a comprehensive catalogue for a Canadian premium pet food manufacturer, unifying sub-brands while celebrating their unique identities. The result is a visually engaging publication showcasing the entire product range.\" \/>\n<meta name=\"robots\" content=\"index, follow, max-snippet:-1, max-image-preview:large, max-video-preview:-1\" \/>\n<link rel=\"canonical\" href=\"https:\/\/www.katiakud.com\/fr\/nutrience-catalogue-design\/\" \/>\n<meta property=\"og:locale\" content=\"fr_CA\" \/>\n<meta property=\"og:type\" content=\"article\" \/>\n<meta property=\"og:title\" content=\"Nutrience - Katia Kud Design | Graphic and Web Designer\" \/>\n<meta property=\"og:description\" content=\"Designed a comprehensive catalogue for a Canadian premium pet food manufacturer, unifying sub-brands while celebrating their unique identities. The result is a visually engaging publication showcasing the entire product range.\" \/>\n<meta property=\"og:url\" content=\"https:\/\/www.katiakud.com\/fr\/nutrience-catalogue-design\/\" \/>\n<meta property=\"og:site_name\" content=\"Katia Kud Design | Graphic and Web Designer\" \/>\n<meta property=\"article:modified_time\" content=\"2026-03-25T14:07:47+00:00\" \/>\n<meta property=\"og:image\" content=\"https:\/\/www.katiakud.com\/wp-content\/uploads\/2023\/07\/Nutrience_Cover-1024x1024.jpg\" \/>\n<meta name=\"twitter:card\" content=\"summary_large_image\" \/>\n<meta name=\"twitter:label1\" content=\"Estimation du temps de lecture\" \/>\n\t<meta name=\"twitter:data1\" content=\"2 minutes\" \/>\n<script type=\"application\/ld+json\" class=\"yoast-schema-graph\">{\"@context\":\"https:\\\/\\\/schema.org\",\"@graph\":[{\"@type\":\"WebPage\",\"@id\":\"https:\\\/\\\/www.katiakud.com\\\/nutrience-catalogue-design\\\/\",\"url\":\"https:\\\/\\\/www.katiakud.com\\\/nutrience-catalogue-design\\\/\",\"name\":\"Nutrience - Katia Kud Design | Graphic and Web Designer\",\"isPartOf\":{\"@id\":\"https:\\\/\\\/www.katiakud.com\\\/#website\"},\"primaryImageOfPage\":{\"@id\":\"https:\\\/\\\/www.katiakud.com\\\/nutrience-catalogue-design\\\/#primaryimage\"},\"image\":{\"@id\":\"https:\\\/\\\/www.katiakud.com\\\/nutrience-catalogue-design\\\/#primaryimage\"},\"thumbnailUrl\":\"https:\\\/\\\/www.katiakud.com\\\/wp-content\\\/uploads\\\/2023\\\/07\\\/Nutrience_Cover-1024x1024.jpg\",\"datePublished\":\"2023-07-19T17:24:34+00:00\",\"dateModified\":\"2026-03-25T14:07:47+00:00\",\"description\":\"Designed a comprehensive catalogue for a Canadian premium pet food manufacturer, unifying sub-brands while celebrating their unique identities. The result is a visually engaging publication showcasing the entire product range.\",\"breadcrumb\":{\"@id\":\"https:\\\/\\\/www.katiakud.com\\\/nutrience-catalogue-design\\\/#breadcrumb\"},\"inLanguage\":\"fr-CA\",\"potentialAction\":[{\"@type\":\"ReadAction\",\"target\":[\"https:\\\/\\\/www.katiakud.com\\\/nutrience-catalogue-design\\\/\"]}]},{\"@type\":\"ImageObject\",\"inLanguage\":\"fr-CA\",\"@id\":\"https:\\\/\\\/www.katiakud.com\\\/nutrience-catalogue-design\\\/#primaryimage\",\"url\":\"https:\\\/\\\/www.katiakud.com\\\/wp-content\\\/uploads\\\/2023\\\/07\\\/Nutrience_Cover-1024x1024.jpg\",\"contentUrl\":\"https:\\\/\\\/www.katiakud.com\\\/wp-content\\\/uploads\\\/2023\\\/07\\\/Nutrience_Cover-1024x1024.jpg\"},{\"@type\":\"BreadcrumbList\",\"@id\":\"https:\\\/\\\/www.katiakud.com\\\/nutrience-catalogue-design\\\/#breadcrumb\",\"itemListElement\":[{\"@type\":\"ListItem\",\"position\":1,\"name\":\"Home\",\"item\":\"https:\\\/\\\/www.katiakud.com\\\/\"},{\"@type\":\"ListItem\",\"position\":2,\"name\":\"Nutrience\"}]},{\"@type\":\"WebSite\",\"@id\":\"https:\\\/\\\/www.katiakud.com\\\/#website\",\"url\":\"https:\\\/\\\/www.katiakud.com\\\/\",\"name\":\"Katia Kud Design | Graphic and Web Designer\",\"description\":\"Graphic &amp; Web Designer Creating Marketing Materials, Reports and Infographics\",\"publisher\":{\"@id\":\"https:\\\/\\\/www.katiakud.com\\\/#organization\"},\"potentialAction\":[{\"@type\":\"SearchAction\",\"target\":{\"@type\":\"EntryPoint\",\"urlTemplate\":\"https:\\\/\\\/www.katiakud.com\\\/?s={search_term_string}\"},\"query-input\":{\"@type\":\"PropertyValueSpecification\",\"valueRequired\":true,\"valueName\":\"search_term_string\"}}],\"inLanguage\":\"fr-CA\"},{\"@type\":\"Organization\",\"@id\":\"https:\\\/\\\/www.katiakud.com\\\/#organization\",\"name\":\"Katia Kud Design | Graphic and Web Designer\",\"url\":\"https:\\\/\\\/www.katiakud.com\\\/\",\"logo\":{\"@type\":\"ImageObject\",\"inLanguage\":\"fr-CA\",\"@id\":\"https:\\\/\\\/www.katiakud.com\\\/#\\\/schema\\\/logo\\\/image\\\/\",\"url\":\"https:\\\/\\\/www.katiakud.com\\\/wp-content\\\/uploads\\\/2024\\\/09\\\/KatiaKud_Rev.svg\",\"contentUrl\":\"https:\\\/\\\/www.katiakud.com\\\/wp-content\\\/uploads\\\/2024\\\/09\\\/KatiaKud_Rev.svg\",\"width\":666,\"height\":170,\"caption\":\"Katia Kud Design | Graphic and Web Designer\"},\"image\":{\"@id\":\"https:\\\/\\\/www.katiakud.com\\\/#\\\/schema\\\/logo\\\/image\\\/\"}}]}<\/script>\n<!-- \/ Yoast SEO plugin. -->","yoast_head_json":{"title":"Nutrience - Katia Kud Design | Graphic and Web Designer","description":"Designed a comprehensive catalogue for a Canadian premium pet food manufacturer, unifying sub-brands while celebrating their unique identities. The result is a visually engaging publication showcasing the entire product range.","robots":{"index":"index","follow":"follow","max-snippet":"max-snippet:-1","max-image-preview":"max-image-preview:large","max-video-preview":"max-video-preview:-1"},"canonical":"https:\/\/www.katiakud.com\/fr\/nutrience-catalogue-design\/","og_locale":"fr_CA","og_type":"article","og_title":"Nutrience - Katia Kud Design | Graphic and Web Designer","og_description":"Designed a comprehensive catalogue for a Canadian premium pet food manufacturer, unifying sub-brands while celebrating their unique identities. The result is a visually engaging publication showcasing the entire product range.","og_url":"https:\/\/www.katiakud.com\/fr\/nutrience-catalogue-design\/","og_site_name":"Katia Kud Design | Graphic and Web Designer","article_modified_time":"2026-03-25T14:07:47+00:00","og_image":[{"url":"https:\/\/www.katiakud.com\/wp-content\/uploads\/2023\/07\/Nutrience_Cover-1024x1024.jpg","type":"","width":"","height":""}],"twitter_card":"summary_large_image","twitter_misc":{"Estimation du temps de lecture":"2 minutes"},"schema":{"@context":"https:\/\/schema.org","@graph":[{"@type":"WebPage","@id":"https:\/\/www.katiakud.com\/nutrience-catalogue-design\/","url":"https:\/\/www.katiakud.com\/nutrience-catalogue-design\/","name":"Nutrience - Katia Kud Design | Graphic and Web Designer","isPartOf":{"@id":"https:\/\/www.katiakud.com\/#website"},"primaryImageOfPage":{"@id":"https:\/\/www.katiakud.com\/nutrience-catalogue-design\/#primaryimage"},"image":{"@id":"https:\/\/www.katiakud.com\/nutrience-catalogue-design\/#primaryimage"},"thumbnailUrl":"https:\/\/www.katiakud.com\/wp-content\/uploads\/2023\/07\/Nutrience_Cover-1024x1024.jpg","datePublished":"2023-07-19T17:24:34+00:00","dateModified":"2026-03-25T14:07:47+00:00","description":"Designed a comprehensive catalogue for a Canadian premium pet food manufacturer, unifying sub-brands while celebrating their unique identities. The result is a visually engaging publication showcasing the entire product range.","breadcrumb":{"@id":"https:\/\/www.katiakud.com\/nutrience-catalogue-design\/#breadcrumb"},"inLanguage":"fr-CA","potentialAction":[{"@type":"ReadAction","target":["https:\/\/www.katiakud.com\/nutrience-catalogue-design\/"]}]},{"@type":"ImageObject","inLanguage":"fr-CA","@id":"https:\/\/www.katiakud.com\/nutrience-catalogue-design\/#primaryimage","url":"https:\/\/www.katiakud.com\/wp-content\/uploads\/2023\/07\/Nutrience_Cover-1024x1024.jpg","contentUrl":"https:\/\/www.katiakud.com\/wp-content\/uploads\/2023\/07\/Nutrience_Cover-1024x1024.jpg"},{"@type":"BreadcrumbList","@id":"https:\/\/www.katiakud.com\/nutrience-catalogue-design\/#breadcrumb","itemListElement":[{"@type":"ListItem","position":1,"name":"Home","item":"https:\/\/www.katiakud.com\/"},{"@type":"ListItem","position":2,"name":"Nutrience"}]},{"@type":"WebSite","@id":"https:\/\/www.katiakud.com\/#website","url":"https:\/\/www.katiakud.com\/","name":"Katia Kud Design | Graphic and Web Designer","description":"Graphic &amp; Web Designer Creating Marketing Materials, Reports and Infographics","publisher":{"@id":"https:\/\/www.katiakud.com\/#organization"},"potentialAction":[{"@type":"SearchAction","target":{"@type":"EntryPoint","urlTemplate":"https:\/\/www.katiakud.com\/?s={search_term_string}"},"query-input":{"@type":"PropertyValueSpecification","valueRequired":true,"valueName":"search_term_string"}}],"inLanguage":"fr-CA"},{"@type":"Organization","@id":"https:\/\/www.katiakud.com\/#organization","name":"Katia Kud Design | Graphic and Web Designer","url":"https:\/\/www.katiakud.com\/","logo":{"@type":"ImageObject","inLanguage":"fr-CA","@id":"https:\/\/www.katiakud.com\/#\/schema\/logo\/image\/","url":"https:\/\/www.katiakud.com\/wp-content\/uploads\/2024\/09\/KatiaKud_Rev.svg","contentUrl":"https:\/\/www.katiakud.com\/wp-content\/uploads\/2024\/09\/KatiaKud_Rev.svg","width":666,"height":170,"caption":"Katia Kud Design | Graphic and Web Designer"},"image":{"@id":"https:\/\/www.katiakud.com\/#\/schema\/logo\/image\/"}}]}},"_links":{"self":[{"href":"https:\/\/www.katiakud.com\/fr\/wp-json\/wp\/v2\/pages\/3371","targetHints":{"allow":["GET"]}}],"collection":[{"href":"https:\/\/www.katiakud.com\/fr\/wp-json\/wp\/v2\/pages"}],"about":[{"href":"https:\/\/www.katiakud.com\/fr\/wp-json\/wp\/v2\/types\/page"}],"author":[{"embeddable":true,"href":"https:\/\/www.katiakud.com\/fr\/wp-json\/wp\/v2\/users\/2"}],"replies":[{"embeddable":true,"href":"https:\/\/www.katiakud.com\/fr\/wp-json\/wp\/v2\/comments?post=3371"}],"version-history":[{"count":49,"href":"https:\/\/www.katiakud.com\/fr\/wp-json\/wp\/v2\/pages\/3371\/revisions"}],"predecessor-version":[{"id":5504,"href":"https:\/\/www.katiakud.com\/fr\/wp-json\/wp\/v2\/pages\/3371\/revisions\/5504"}],"wp:attachment":[{"href":"https:\/\/www.katiakud.com\/fr\/wp-json\/wp\/v2\/media?parent=3371"}],"curies":[{"name":"wp","href":"https:\/\/api.w.org\/{rel}","templated":true}]}}