{"id":3298,"date":"2023-07-18T15:06:44","date_gmt":"2023-07-18T20:06:44","guid":{"rendered":"http:\/\/3.94.137.79\/?page_id=3298"},"modified":"2026-03-25T09:08:04","modified_gmt":"2026-03-25T14:08:04","slug":"shaolin-kempo","status":"publish","type":"page","link":"https:\/\/www.katiakud.com\/fr\/shaolin-kempo\/","title":{"rendered":"Shaolin Kempo"},"content":{"rendered":"<div data-elementor-type=\"wp-page\" data-elementor-id=\"3298\" class=\"elementor elementor-3298\" data-elementor-post-type=\"page\">\n\t\t\t\t<div class=\"has_eae_slider elementor-element elementor-element-79c539a3 e-flex e-con-boxed wpr-particle-no wpr-jarallax-no wpr-parallax-no wpr-sticky-section-no wpr-equal-height-no e-con e-parent\" data-eae-slider=\"46072\" data-id=\"79c539a3\" data-element_type=\"container\" data-e-type=\"container\" data-settings=\"{&quot;background_background&quot;:&quot;classic&quot;}\">\n\t\t\t\t\t<div class=\"e-con-inner\">\n\t\t\t\t<div class=\"elementor-element elementor-element-746b1bdc elementor-widget elementor-widget-heading\" data-id=\"746b1bdc\" data-element_type=\"widget\" data-e-type=\"widget\" data-widget_type=\"heading.default\">\n\t\t\t\t<div class=\"elementor-widget-container\">\n\t\t\t\t\t<h1 class=\"elementor-heading-title elementor-size-default\">Site web Shaolin Kempo<\/h1>\t\t\t\t<\/div>\n\t\t\t\t<\/div>\n\t\t\t\t<div class=\"elementor-element elementor-element-4c1c8cbc elementor-widget elementor-widget-text-editor\" data-id=\"4c1c8cbc\" data-element_type=\"widget\" data-e-type=\"widget\" data-widget_type=\"text-editor.default\">\n\t\t\t\t<div class=\"elementor-widget-container translation-block\">Le <span style=\"text-decoration: underline\"><strong><a href=\"https:\/\/shaolinkempo.ca\/\" target=\"_blank\" rel=\"noopener\"><span style=\"text-decoration: underline\">site web Shaolin Kempo<\/strong><\/span><\/a>est le fruit d\u2019une collaboration avec une amie designer, visant \u00e0 aider le client \u00e0 promouvoir son studio d\u2019arts martiaux tout en informant les visiteurs sur l\u2019histoire et la philosophie de l\u2019\u00e9cole. Le r\u00e9sultat est une plateforme immersive qui cr\u00e9e un lien profond avec cet art martial, offrant aux visiteurs des informations pr\u00e9cieuses \u00e0 d\u00e9couvrir et \u00e0 appr\u00e9cier.<\/div>\n\t\t\t\t<\/div>\n\t\t\t\t<div class=\"elementor-element elementor-element-0a77251 elementor-widget elementor-widget-heading\" data-id=\"0a77251\" data-element_type=\"widget\" data-e-type=\"widget\" data-widget_type=\"heading.default\">\n\t\t\t\t<div class=\"elementor-widget-container\">\n\t\t\t\t\t<h2 class=\"elementor-heading-title elementor-size-medium\">website design<\/h2>\t\t\t\t<\/div>\n\t\t\t\t<\/div>\n\t\t\t\t<div class=\"elementor-element elementor-element-4595c2f7 elementor-widget__width-initial elementor-widget elementor-widget-image\" data-id=\"4595c2f7\" data-element_type=\"widget\" data-e-type=\"widget\" data-widget_type=\"image.default\">\n\t\t\t\t<div class=\"elementor-widget-container\">\n\t\t\t\t\t\t\t\t\t\t\t\t\t\t\t<img fetchpriority=\"high\" decoding=\"async\" width=\"1024\" height=\"1024\" src=\"https:\/\/www.katiakud.com\/wp-content\/uploads\/2023\/07\/Kempo_Showcase_Home-1024x1024.jpg\" class=\"attachment-large size-large wp-image-3306\" alt=\"Karate Studio website Home page\" srcset=\"https:\/\/www.katiakud.com\/wp-content\/uploads\/2023\/07\/Kempo_Showcase_Home-1024x1024.jpg 1024w, https:\/\/www.katiakud.com\/wp-content\/uploads\/2023\/07\/Kempo_Showcase_Home-300x300.jpg 300w, https:\/\/www.katiakud.com\/wp-content\/uploads\/2023\/07\/Kempo_Showcase_Home-150x150.jpg 150w, https:\/\/www.katiakud.com\/wp-content\/uploads\/2023\/07\/Kempo_Showcase_Home-768x768.jpg 768w, https:\/\/www.katiakud.com\/wp-content\/uploads\/2023\/07\/Kempo_Showcase_Home.jpg 1140w\" sizes=\"(max-width: 1024px) 100vw, 1024px\" \/>\t\t\t\t\t\t\t\t\t\t\t\t\t\t\t<\/div>\n\t\t\t\t<\/div>\n\t\t\t\t<div class=\"elementor-element elementor-element-4782f32b elementor-widget__width-initial elementor-widget elementor-widget-image\" data-id=\"4782f32b\" data-element_type=\"widget\" data-e-type=\"widget\" data-widget_type=\"image.default\">\n\t\t\t\t<div class=\"elementor-widget-container\">\n\t\t\t\t\t\t\t\t\t\t\t\t\t\t\t<img decoding=\"async\" width=\"1024\" height=\"1024\" src=\"https:\/\/www.katiakud.com\/wp-content\/uploads\/2023\/07\/Kempo_Showcase_Inside-1024x1024.jpg\" class=\"attachment-large size-large wp-image-3307\" alt=\"Karate Studio website Tablet view\" srcset=\"https:\/\/www.katiakud.com\/wp-content\/uploads\/2023\/07\/Kempo_Showcase_Inside-1024x1024.jpg 1024w, https:\/\/www.katiakud.com\/wp-content\/uploads\/2023\/07\/Kempo_Showcase_Inside-300x300.jpg 300w, https:\/\/www.katiakud.com\/wp-content\/uploads\/2023\/07\/Kempo_Showcase_Inside-150x150.jpg 150w, https:\/\/www.katiakud.com\/wp-content\/uploads\/2023\/07\/Kempo_Showcase_Inside-768x768.jpg 768w, https:\/\/www.katiakud.com\/wp-content\/uploads\/2023\/07\/Kempo_Showcase_Inside.jpg 1140w\" sizes=\"(max-width: 1024px) 100vw, 1024px\" \/>\t\t\t\t\t\t\t\t\t\t\t\t\t\t\t<\/div>\n\t\t\t\t<\/div>\n\t\t\t\t\t<\/div>\n\t\t\t\t<\/div>\n\t\t<div class=\"has_eae_slider elementor-element elementor-element-7112f68a e-flex e-con-boxed wpr-particle-no wpr-jarallax-no wpr-parallax-no wpr-sticky-section-no wpr-equal-height-no e-con e-parent\" data-eae-slider=\"16670\" data-id=\"7112f68a\" data-element_type=\"container\" data-e-type=\"container\" data-settings=\"{&quot;background_background&quot;:&quot;classic&quot;}\">\n\t\t\t\t\t<div class=\"e-con-inner\">\n\t\t<div class=\"has_eae_slider elementor-element elementor-element-1404d035 e-con-full e-flex wpr-particle-no wpr-jarallax-no wpr-parallax-no wpr-sticky-section-no wpr-equal-height-no e-con e-child\" data-eae-slider=\"48570\" data-id=\"1404d035\" data-element_type=\"container\" data-e-type=\"container\">\n\t\t\t\t<div class=\"elementor-element elementor-element-e92c16b elementor-widget elementor-widget-heading\" data-id=\"e92c16b\" data-element_type=\"widget\" data-e-type=\"widget\" data-widget_type=\"heading.default\">\n\t\t\t\t<div class=\"elementor-widget-container\">\n\t\t\t\t\t<h2 class=\"elementor-heading-title elementor-size-default\">Collaborons ensemble !<\/h2>\t\t\t\t<\/div>\n\t\t\t\t<\/div>\n\t\t\t\t<div class=\"elementor-element elementor-element-373e0b10 elementor-widget elementor-widget-text-editor\" data-id=\"373e0b10\" data-element_type=\"widget\" data-e-type=\"widget\" data-widget_type=\"text-editor.default\">\n\t\t\t\t<div class=\"elementor-widget-container translation-block\">Vous avez un projet en t\u00eate ? Je suis enthousiaste \u00e0 l\u2019id\u00e9e de discuter avec vous et d\u2019explorer comment  <strong><i>transformer vos id\u00e9es en quelque chose de vraiment cr\u00e9atif <\/strong><\/i>. Construisons quelque chose de formidable ensemble !<\/div>\n\t\t\t\t<\/div>\n\t\t\t\t<\/div>\n\t\t<div class=\"has_eae_slider elementor-element elementor-element-271b4fc3 e-con-full e-flex wpr-particle-no wpr-jarallax-no wpr-parallax-no wpr-sticky-section-no wpr-equal-height-no e-con e-child\" data-eae-slider=\"3114\" data-id=\"271b4fc3\" data-element_type=\"container\" data-e-type=\"container\">\n\t\t\t\t<div class=\"elementor-element elementor-element-59c8b4f2 elementor-align-center elementor-widget elementor-widget-button\" data-id=\"59c8b4f2\" data-element_type=\"widget\" data-e-type=\"widget\" data-widget_type=\"button.default\">\n\t\t\t\t<div class=\"elementor-widget-container\">\n\t\t\t\t\t\t\t\t\t<div class=\"elementor-button-wrapper\">\n\t\t\t\t\t<a class=\"elementor-button elementor-button-link elementor-size-sm\" href=\"https:\/\/www.katiakud.com\/fr\/contact-katia-kud\/\" target=\"_blank\">\n\t\t\t\t\t\t<span class=\"elementor-button-content-wrapper\">\n\t\t\t\t\t\t\t\t\t<span class=\"elementor-button-text\">Connectons-nous<\/span>\n\t\t\t\t\t<\/span>\n\t\t\t\t\t<\/a>\n\t\t\t\t<\/div>\n\t\t\t\t\t\t\t\t<\/div>\n\t\t\t\t<\/div>\n\t\t\t\t<div class=\"elementor-element elementor-element-73b7c182 elementor-align-center elementor-widget elementor-widget-button\" data-id=\"73b7c182\" data-element_type=\"widget\" data-e-type=\"widget\" data-widget_type=\"button.default\">\n\t\t\t\t<div class=\"elementor-widget-container\">\n\t\t\t\t\t\t\t\t\t<div class=\"elementor-button-wrapper\">\n\t\t\t\t\t<a class=\"elementor-button elementor-button-link elementor-size-sm\" href=\"https:\/\/www.katiakud.com\/wp-content\/uploads\/2024\/09\/KatiaKudriavtsev-CV.pdf\" target=\"_blank\">\n\t\t\t\t\t\t<span class=\"elementor-button-content-wrapper\">\n\t\t\t\t\t\t\t\t\t<span class=\"elementor-button-text\">T\u00e9l\u00e9chargez mon CV<\/span>\n\t\t\t\t\t<\/span>\n\t\t\t\t\t<\/a>\n\t\t\t\t<\/div>\n\t\t\t\t\t\t\t\t<\/div>\n\t\t\t\t<\/div>\n\t\t\t\t<\/div>\n\t\t\t\t\t<\/div>\n\t\t\t\t<\/div>\n\t\t\t\t<\/div>","protected":false},"excerpt":{"rendered":"<p>Shaolin Kempo Website The Shaolin Kempo Website is the product of a collaboration with a fellow designer friend, aimed at helping the client promote their martial arts studio while educating users about the school&#8217;s history and philosophy. The result is an immersive platform that fosters a profound connection with the art form, offering valuable insights for visitors to explore and appreciate. website design Let\u2019s Collaborate! Have a project in mind? I\u2019m excited to connect and explore how we can turn your ideas into something truly creative. Let\u2019s build something great together! Let&#8217;s Connect Download my CV<\/p>","protected":false},"author":2,"featured_media":3290,"parent":0,"menu_order":0,"comment_status":"closed","ping_status":"closed","template":"","meta":{"_monsterinsights_skip_tracking":false,"_monsterinsights_sitenote_active":false,"_monsterinsights_sitenote_note":"","_monsterinsights_sitenote_category":0,"footnotes":""},"class_list":["post-3298","page","type-page","status-publish","has-post-thumbnail","hentry"],"blocksy_meta":[],"yoast_head":"<!-- This site is optimized with the Yoast SEO plugin v27.4 - https:\/\/yoast.com\/product\/yoast-seo-wordpress\/ -->\n<title>Shaolin Kempo - Katia Kud Design | Graphic and Web Designer<\/title>\n<meta name=\"description\" content=\"Collaborated on the Shaolin Kempo website for a West Island, Montreal martial arts studio. The site promotes the studio and provides insights into its history and philosophy, offering an immersive experience.\" \/>\n<meta name=\"robots\" content=\"index, follow, max-snippet:-1, max-image-preview:large, max-video-preview:-1\" \/>\n<link rel=\"canonical\" href=\"https:\/\/www.katiakud.com\/fr\/shaolin-kempo\/\" \/>\n<meta property=\"og:locale\" content=\"fr_CA\" \/>\n<meta property=\"og:type\" content=\"article\" \/>\n<meta property=\"og:title\" content=\"Shaolin Kempo - Katia Kud Design | Graphic and Web Designer\" \/>\n<meta property=\"og:description\" content=\"Collaborated on the Shaolin Kempo website for a West Island, Montreal martial arts studio. The site promotes the studio and provides insights into its history and philosophy, offering an immersive experience.\" \/>\n<meta property=\"og:url\" content=\"https:\/\/www.katiakud.com\/fr\/shaolin-kempo\/\" \/>\n<meta property=\"og:site_name\" content=\"Katia Kud Design | Graphic and Web Designer\" \/>\n<meta property=\"article:modified_time\" content=\"2026-03-25T14:08:04+00:00\" \/>\n<meta property=\"og:image\" content=\"https:\/\/www.katiakud.com\/wp-content\/uploads\/2023\/07\/Kempo-600x680-1.jpg\" \/>\n\t<meta property=\"og:image:width\" content=\"600\" \/>\n\t<meta property=\"og:image:height\" content=\"680\" \/>\n\t<meta property=\"og:image:type\" content=\"image\/jpeg\" \/>\n<meta name=\"twitter:card\" content=\"summary_large_image\" \/>\n<meta name=\"twitter:label1\" content=\"Estimation du temps de lecture\" \/>\n\t<meta name=\"twitter:data1\" content=\"1 minute\" \/>\n<script type=\"application\/ld+json\" class=\"yoast-schema-graph\">{\"@context\":\"https:\\\/\\\/schema.org\",\"@graph\":[{\"@type\":\"WebPage\",\"@id\":\"https:\\\/\\\/www.katiakud.com\\\/shaolin-kempo\\\/\",\"url\":\"https:\\\/\\\/www.katiakud.com\\\/shaolin-kempo\\\/\",\"name\":\"Shaolin Kempo - Katia Kud Design | Graphic and Web Designer\",\"isPartOf\":{\"@id\":\"https:\\\/\\\/www.katiakud.com\\\/#website\"},\"primaryImageOfPage\":{\"@id\":\"https:\\\/\\\/www.katiakud.com\\\/shaolin-kempo\\\/#primaryimage\"},\"image\":{\"@id\":\"https:\\\/\\\/www.katiakud.com\\\/shaolin-kempo\\\/#primaryimage\"},\"thumbnailUrl\":\"https:\\\/\\\/www.katiakud.com\\\/wp-content\\\/uploads\\\/2023\\\/07\\\/Kempo-600x680-1.jpg\",\"datePublished\":\"2023-07-18T20:06:44+00:00\",\"dateModified\":\"2026-03-25T14:08:04+00:00\",\"description\":\"Collaborated on the Shaolin Kempo website for a West Island, Montreal martial arts studio. The site promotes the studio and provides insights into its history and philosophy, offering an immersive experience.\",\"breadcrumb\":{\"@id\":\"https:\\\/\\\/www.katiakud.com\\\/shaolin-kempo\\\/#breadcrumb\"},\"inLanguage\":\"fr-CA\",\"potentialAction\":[{\"@type\":\"ReadAction\",\"target\":[\"https:\\\/\\\/www.katiakud.com\\\/shaolin-kempo\\\/\"]}]},{\"@type\":\"ImageObject\",\"inLanguage\":\"fr-CA\",\"@id\":\"https:\\\/\\\/www.katiakud.com\\\/shaolin-kempo\\\/#primaryimage\",\"url\":\"https:\\\/\\\/www.katiakud.com\\\/wp-content\\\/uploads\\\/2023\\\/07\\\/Kempo-600x680-1.jpg\",\"contentUrl\":\"https:\\\/\\\/www.katiakud.com\\\/wp-content\\\/uploads\\\/2023\\\/07\\\/Kempo-600x680-1.jpg\",\"width\":600,\"height\":680,\"caption\":\"A martial art studio website displayed on a white computer monitor\"},{\"@type\":\"BreadcrumbList\",\"@id\":\"https:\\\/\\\/www.katiakud.com\\\/shaolin-kempo\\\/#breadcrumb\",\"itemListElement\":[{\"@type\":\"ListItem\",\"position\":1,\"name\":\"Home\",\"item\":\"https:\\\/\\\/www.katiakud.com\\\/\"},{\"@type\":\"ListItem\",\"position\":2,\"name\":\"Shaolin Kempo\"}]},{\"@type\":\"WebSite\",\"@id\":\"https:\\\/\\\/www.katiakud.com\\\/#website\",\"url\":\"https:\\\/\\\/www.katiakud.com\\\/\",\"name\":\"Katia Kud Design | Graphic and Web Designer\",\"description\":\"Graphic &amp; Web Designer Creating Marketing Materials, Reports and Infographics\",\"publisher\":{\"@id\":\"https:\\\/\\\/www.katiakud.com\\\/#organization\"},\"potentialAction\":[{\"@type\":\"SearchAction\",\"target\":{\"@type\":\"EntryPoint\",\"urlTemplate\":\"https:\\\/\\\/www.katiakud.com\\\/?s={search_term_string}\"},\"query-input\":{\"@type\":\"PropertyValueSpecification\",\"valueRequired\":true,\"valueName\":\"search_term_string\"}}],\"inLanguage\":\"fr-CA\"},{\"@type\":\"Organization\",\"@id\":\"https:\\\/\\\/www.katiakud.com\\\/#organization\",\"name\":\"Katia Kud Design | Graphic and Web Designer\",\"url\":\"https:\\\/\\\/www.katiakud.com\\\/\",\"logo\":{\"@type\":\"ImageObject\",\"inLanguage\":\"fr-CA\",\"@id\":\"https:\\\/\\\/www.katiakud.com\\\/#\\\/schema\\\/logo\\\/image\\\/\",\"url\":\"https:\\\/\\\/www.katiakud.com\\\/wp-content\\\/uploads\\\/2024\\\/09\\\/KatiaKud_Rev.svg\",\"contentUrl\":\"https:\\\/\\\/www.katiakud.com\\\/wp-content\\\/uploads\\\/2024\\\/09\\\/KatiaKud_Rev.svg\",\"width\":666,\"height\":170,\"caption\":\"Katia Kud Design | Graphic and Web Designer\"},\"image\":{\"@id\":\"https:\\\/\\\/www.katiakud.com\\\/#\\\/schema\\\/logo\\\/image\\\/\"}}]}<\/script>\n<!-- \/ Yoast SEO plugin. -->","yoast_head_json":{"title":"Shaolin Kempo - Katia Kud Design | Graphic and Web Designer","description":"Collaborated on the Shaolin Kempo website for a West Island, Montreal martial arts studio. The site promotes the studio and provides insights into its history and philosophy, offering an immersive experience.","robots":{"index":"index","follow":"follow","max-snippet":"max-snippet:-1","max-image-preview":"max-image-preview:large","max-video-preview":"max-video-preview:-1"},"canonical":"https:\/\/www.katiakud.com\/fr\/shaolin-kempo\/","og_locale":"fr_CA","og_type":"article","og_title":"Shaolin Kempo - Katia Kud Design | Graphic and Web Designer","og_description":"Collaborated on the Shaolin Kempo website for a West Island, Montreal martial arts studio. The site promotes the studio and provides insights into its history and philosophy, offering an immersive experience.","og_url":"https:\/\/www.katiakud.com\/fr\/shaolin-kempo\/","og_site_name":"Katia Kud Design | Graphic and Web Designer","article_modified_time":"2026-03-25T14:08:04+00:00","og_image":[{"width":600,"height":680,"url":"https:\/\/www.katiakud.com\/wp-content\/uploads\/2023\/07\/Kempo-600x680-1.jpg","type":"image\/jpeg"}],"twitter_card":"summary_large_image","twitter_misc":{"Estimation du temps de lecture":"1 minute"},"schema":{"@context":"https:\/\/schema.org","@graph":[{"@type":"WebPage","@id":"https:\/\/www.katiakud.com\/shaolin-kempo\/","url":"https:\/\/www.katiakud.com\/shaolin-kempo\/","name":"Shaolin Kempo - Katia Kud Design | Graphic and Web Designer","isPartOf":{"@id":"https:\/\/www.katiakud.com\/#website"},"primaryImageOfPage":{"@id":"https:\/\/www.katiakud.com\/shaolin-kempo\/#primaryimage"},"image":{"@id":"https:\/\/www.katiakud.com\/shaolin-kempo\/#primaryimage"},"thumbnailUrl":"https:\/\/www.katiakud.com\/wp-content\/uploads\/2023\/07\/Kempo-600x680-1.jpg","datePublished":"2023-07-18T20:06:44+00:00","dateModified":"2026-03-25T14:08:04+00:00","description":"Collaborated on the Shaolin Kempo website for a West Island, Montreal martial arts studio. The site promotes the studio and provides insights into its history and philosophy, offering an immersive experience.","breadcrumb":{"@id":"https:\/\/www.katiakud.com\/shaolin-kempo\/#breadcrumb"},"inLanguage":"fr-CA","potentialAction":[{"@type":"ReadAction","target":["https:\/\/www.katiakud.com\/shaolin-kempo\/"]}]},{"@type":"ImageObject","inLanguage":"fr-CA","@id":"https:\/\/www.katiakud.com\/shaolin-kempo\/#primaryimage","url":"https:\/\/www.katiakud.com\/wp-content\/uploads\/2023\/07\/Kempo-600x680-1.jpg","contentUrl":"https:\/\/www.katiakud.com\/wp-content\/uploads\/2023\/07\/Kempo-600x680-1.jpg","width":600,"height":680,"caption":"A martial art studio website displayed on a white computer monitor"},{"@type":"BreadcrumbList","@id":"https:\/\/www.katiakud.com\/shaolin-kempo\/#breadcrumb","itemListElement":[{"@type":"ListItem","position":1,"name":"Home","item":"https:\/\/www.katiakud.com\/"},{"@type":"ListItem","position":2,"name":"Shaolin Kempo"}]},{"@type":"WebSite","@id":"https:\/\/www.katiakud.com\/#website","url":"https:\/\/www.katiakud.com\/","name":"Katia Kud Design | Graphic and Web Designer","description":"Graphic &amp; Web Designer Creating Marketing Materials, Reports and Infographics","publisher":{"@id":"https:\/\/www.katiakud.com\/#organization"},"potentialAction":[{"@type":"SearchAction","target":{"@type":"EntryPoint","urlTemplate":"https:\/\/www.katiakud.com\/?s={search_term_string}"},"query-input":{"@type":"PropertyValueSpecification","valueRequired":true,"valueName":"search_term_string"}}],"inLanguage":"fr-CA"},{"@type":"Organization","@id":"https:\/\/www.katiakud.com\/#organization","name":"Katia Kud Design | Graphic and Web Designer","url":"https:\/\/www.katiakud.com\/","logo":{"@type":"ImageObject","inLanguage":"fr-CA","@id":"https:\/\/www.katiakud.com\/#\/schema\/logo\/image\/","url":"https:\/\/www.katiakud.com\/wp-content\/uploads\/2024\/09\/KatiaKud_Rev.svg","contentUrl":"https:\/\/www.katiakud.com\/wp-content\/uploads\/2024\/09\/KatiaKud_Rev.svg","width":666,"height":170,"caption":"Katia Kud Design | Graphic and Web Designer"},"image":{"@id":"https:\/\/www.katiakud.com\/#\/schema\/logo\/image\/"}}]}},"_links":{"self":[{"href":"https:\/\/www.katiakud.com\/fr\/wp-json\/wp\/v2\/pages\/3298","targetHints":{"allow":["GET"]}}],"collection":[{"href":"https:\/\/www.katiakud.com\/fr\/wp-json\/wp\/v2\/pages"}],"about":[{"href":"https:\/\/www.katiakud.com\/fr\/wp-json\/wp\/v2\/types\/page"}],"author":[{"embeddable":true,"href":"https:\/\/www.katiakud.com\/fr\/wp-json\/wp\/v2\/users\/2"}],"replies":[{"embeddable":true,"href":"https:\/\/www.katiakud.com\/fr\/wp-json\/wp\/v2\/comments?post=3298"}],"version-history":[{"count":53,"href":"https:\/\/www.katiakud.com\/fr\/wp-json\/wp\/v2\/pages\/3298\/revisions"}],"predecessor-version":[{"id":5507,"href":"https:\/\/www.katiakud.com\/fr\/wp-json\/wp\/v2\/pages\/3298\/revisions\/5507"}],"wp:featuredmedia":[{"embeddable":true,"href":"https:\/\/www.katiakud.com\/fr\/wp-json\/wp\/v2\/media\/3290"}],"wp:attachment":[{"href":"https:\/\/www.katiakud.com\/fr\/wp-json\/wp\/v2\/media?parent=3298"}],"curies":[{"name":"wp","href":"https:\/\/api.w.org\/{rel}","templated":true}]}}