{"id":3240,"date":"2023-07-17T16:40:56","date_gmt":"2023-07-17T21:40:56","guid":{"rendered":"http:\/\/3.94.137.79\/?page_id=3240"},"modified":"2025-06-09T09:24:23","modified_gmt":"2025-06-09T14:24:23","slug":"living-world-playground-series","status":"publish","type":"page","link":"https:\/\/www.katiakud.com\/fr\/living-world-playground-series\/","title":{"rendered":"S\u00e9rie Living World Aire de jeux"},"content":{"rendered":"<div data-elementor-type=\"wp-page\" data-elementor-id=\"3240\" class=\"elementor elementor-3240\" data-elementor-post-type=\"page\">\n\t\t\t\t<div class=\"has_eae_slider elementor-element elementor-element-79c539a3 e-flex e-con-boxed wpr-particle-no wpr-jarallax-no wpr-parallax-no wpr-sticky-section-no wpr-equal-height-no e-con e-parent\" data-eae-slider=\"7724\" data-id=\"79c539a3\" data-element_type=\"container\" data-e-type=\"container\" data-settings=\"{&quot;background_background&quot;:&quot;classic&quot;}\">\n\t\t\t\t\t<div class=\"e-con-inner\">\n\t\t\t\t<div class=\"elementor-element elementor-element-746b1bdc elementor-widget elementor-widget-heading\" data-id=\"746b1bdc\" data-element_type=\"widget\" data-e-type=\"widget\" data-widget_type=\"heading.default\">\n\t\t\t\t<div class=\"elementor-widget-container\">\n\t\t\t\t\t<h2 class=\"elementor-heading-title elementor-size-default\">S\u00e9rie Living World Aire de jeux<\/h2>\t\t\t\t<\/div>\n\t\t\t\t<\/div>\n\t\t\t\t<div class=\"elementor-element elementor-element-4c1c8cbc elementor-widget elementor-widget-text-editor\" data-id=\"4c1c8cbc\" data-element_type=\"widget\" data-e-type=\"widget\" data-widget_type=\"text-editor.default\">\n\t\t\t\t<div class=\"elementor-widget-container\">\n\t\t\t\t\t\t\t\t\t<p>La s\u00e9rie Living World Playground propose un assortiment id\u00e9al d\u2019accessoires pour divertir sans fin votre petit animal tout en garantissant un jeu s\u00e9curis\u00e9. L\u2019emballage est soigneusement con\u00e7u, mettant en avant des images captivantes issues d\u2019une s\u00e9ance photo dynamique avec de vrais animaux, illustrant l\u2019attrait et la fonctionnalit\u00e9 des produits. Avec un design ludique et engageant, l\u2019emballage transmet que m\u00eame les plus petits animaux m\u00e9ritent de vivre joie et excitation dans leur habitat.<\/p><p>Le design captivant et la repr\u00e9sentation authentique des animaux dans leur environnement montrent clairement que cette s\u00e9rie est le choix id\u00e9al pour offrir aux petits animaux la joie et le bonheur qu\u2019ils m\u00e9ritent vraiment.<\/p>\t\t\t\t\t\t\t\t<\/div>\n\t\t\t\t<\/div>\n\t\t\t\t<div class=\"elementor-element elementor-element-12f4ac6 elementor-widget elementor-widget-heading\" data-id=\"12f4ac6\" data-element_type=\"widget\" data-e-type=\"widget\" data-widget_type=\"heading.default\">\n\t\t\t\t<div class=\"elementor-widget-container\">\n\t\t\t\t\t<h2 class=\"elementor-heading-title elementor-size-medium\">Image de marque | emballage<\/h2>\t\t\t\t<\/div>\n\t\t\t\t<\/div>\n\t\t\t\t<div class=\"elementor-element elementor-element-4595c2f7 elementor-widget__width-initial elementor-widget elementor-widget-image\" data-id=\"4595c2f7\" data-element_type=\"widget\" data-e-type=\"widget\" data-widget_type=\"image.default\">\n\t\t\t\t<div class=\"elementor-widget-container\">\n\t\t\t\t\t\t\t\t\t\t\t\t\t\t\t<img fetchpriority=\"high\" decoding=\"async\" width=\"1024\" height=\"1024\" src=\"https:\/\/www.katiakud.com\/wp-content\/uploads\/2023\/07\/Playground_4-1024x1024.jpg\" class=\"attachment-large size-large wp-image-3245\" alt=\"Living World Play House packaging design\" srcset=\"https:\/\/www.katiakud.com\/wp-content\/uploads\/2023\/07\/Playground_4-1024x1024.jpg 1024w, https:\/\/www.katiakud.com\/wp-content\/uploads\/2023\/07\/Playground_4-300x300.jpg 300w, https:\/\/www.katiakud.com\/wp-content\/uploads\/2023\/07\/Playground_4-150x150.jpg 150w, https:\/\/www.katiakud.com\/wp-content\/uploads\/2023\/07\/Playground_4-768x768.jpg 768w, https:\/\/www.katiakud.com\/wp-content\/uploads\/2023\/07\/Playground_4.jpg 1140w\" sizes=\"(max-width: 1024px) 100vw, 1024px\" \/>\t\t\t\t\t\t\t\t\t\t\t\t\t\t\t<\/div>\n\t\t\t\t<\/div>\n\t\t\t\t<div class=\"elementor-element elementor-element-4782f32b elementor-widget__width-initial elementor-widget elementor-widget-image\" data-id=\"4782f32b\" data-element_type=\"widget\" data-e-type=\"widget\" data-widget_type=\"image.default\">\n\t\t\t\t<div class=\"elementor-widget-container\">\n\t\t\t\t\t\t\t\t\t\t\t\t\t\t\t<img decoding=\"async\" width=\"1024\" height=\"1024\" src=\"https:\/\/www.katiakud.com\/wp-content\/uploads\/2023\/07\/Playground_3-1024x1024.jpg\" class=\"attachment-large size-large wp-image-3244\" alt=\"Living World Swing packaging design\" srcset=\"https:\/\/www.katiakud.com\/wp-content\/uploads\/2023\/07\/Playground_3-1024x1024.jpg 1024w, https:\/\/www.katiakud.com\/wp-content\/uploads\/2023\/07\/Playground_3-300x300.jpg 300w, https:\/\/www.katiakud.com\/wp-content\/uploads\/2023\/07\/Playground_3-150x150.jpg 150w, https:\/\/www.katiakud.com\/wp-content\/uploads\/2023\/07\/Playground_3-768x768.jpg 768w, https:\/\/www.katiakud.com\/wp-content\/uploads\/2023\/07\/Playground_3.jpg 1140w\" sizes=\"(max-width: 1024px) 100vw, 1024px\" \/>\t\t\t\t\t\t\t\t\t\t\t\t\t\t\t<\/div>\n\t\t\t\t<\/div>\n\t\t\t\t<div class=\"elementor-element elementor-element-91c33af elementor-widget__width-initial elementor-widget elementor-widget-image\" data-id=\"91c33af\" data-element_type=\"widget\" data-e-type=\"widget\" data-widget_type=\"image.default\">\n\t\t\t\t<div class=\"elementor-widget-container\">\n\t\t\t\t\t\t\t\t\t\t\t\t\t\t\t<img decoding=\"async\" width=\"1024\" height=\"1024\" src=\"https:\/\/www.katiakud.com\/wp-content\/uploads\/2023\/07\/Playground_1-1024x1024.jpg\" class=\"attachment-large size-large wp-image-3242\" alt=\"Living World Swwsaw packaging design\" srcset=\"https:\/\/www.katiakud.com\/wp-content\/uploads\/2023\/07\/Playground_1-1024x1024.jpg 1024w, https:\/\/www.katiakud.com\/wp-content\/uploads\/2023\/07\/Playground_1-300x300.jpg 300w, https:\/\/www.katiakud.com\/wp-content\/uploads\/2023\/07\/Playground_1-150x150.jpg 150w, https:\/\/www.katiakud.com\/wp-content\/uploads\/2023\/07\/Playground_1-768x768.jpg 768w, https:\/\/www.katiakud.com\/wp-content\/uploads\/2023\/07\/Playground_1.jpg 1140w\" sizes=\"(max-width: 1024px) 100vw, 1024px\" \/>\t\t\t\t\t\t\t\t\t\t\t\t\t\t\t<\/div>\n\t\t\t\t<\/div>\n\t\t\t\t<div class=\"elementor-element elementor-element-6f5577a elementor-widget__width-initial elementor-widget elementor-widget-image\" data-id=\"6f5577a\" data-element_type=\"widget\" data-e-type=\"widget\" data-widget_type=\"image.default\">\n\t\t\t\t<div class=\"elementor-widget-container\">\n\t\t\t\t\t\t\t\t\t\t\t\t\t\t\t<img loading=\"lazy\" decoding=\"async\" width=\"1024\" height=\"1024\" src=\"https:\/\/www.katiakud.com\/wp-content\/uploads\/2023\/07\/Playground_2-1024x1024.jpg\" class=\"attachment-large size-large wp-image-3243\" alt=\"Living World Play House 2 packaging design\" srcset=\"https:\/\/www.katiakud.com\/wp-content\/uploads\/2023\/07\/Playground_2-1024x1024.jpg 1024w, https:\/\/www.katiakud.com\/wp-content\/uploads\/2023\/07\/Playground_2-300x300.jpg 300w, https:\/\/www.katiakud.com\/wp-content\/uploads\/2023\/07\/Playground_2-150x150.jpg 150w, https:\/\/www.katiakud.com\/wp-content\/uploads\/2023\/07\/Playground_2-768x768.jpg 768w, https:\/\/www.katiakud.com\/wp-content\/uploads\/2023\/07\/Playground_2.jpg 1140w\" sizes=\"(max-width: 1024px) 100vw, 1024px\" \/>\t\t\t\t\t\t\t\t\t\t\t\t\t\t\t<\/div>\n\t\t\t\t<\/div>\n\t\t\t\t\t<\/div>\n\t\t\t\t<\/div>\n\t\t<div class=\"has_eae_slider elementor-element elementor-element-5a3fe414 e-flex e-con-boxed wpr-particle-no wpr-jarallax-no wpr-parallax-no wpr-sticky-section-no wpr-equal-height-no e-con e-parent\" data-eae-slider=\"68633\" data-id=\"5a3fe414\" data-element_type=\"container\" data-e-type=\"container\" data-settings=\"{&quot;background_background&quot;:&quot;classic&quot;}\">\n\t\t\t\t\t<div class=\"e-con-inner\">\n\t\t<div class=\"has_eae_slider elementor-element elementor-element-172c8643 e-con-full e-flex wpr-particle-no wpr-jarallax-no wpr-parallax-no wpr-sticky-section-no wpr-equal-height-no e-con e-child\" data-eae-slider=\"43261\" data-id=\"172c8643\" data-element_type=\"container\" data-e-type=\"container\">\n\t\t\t\t<div class=\"elementor-element elementor-element-7285e3ca elementor-widget elementor-widget-heading\" data-id=\"7285e3ca\" data-element_type=\"widget\" data-e-type=\"widget\" data-widget_type=\"heading.default\">\n\t\t\t\t<div class=\"elementor-widget-container\">\n\t\t\t\t\t<h2 class=\"elementor-heading-title elementor-size-default\">Collaborons ensemble !<\/h2>\t\t\t\t<\/div>\n\t\t\t\t<\/div>\n\t\t\t\t<div class=\"elementor-element elementor-element-4cf87545 elementor-widget elementor-widget-text-editor\" data-id=\"4cf87545\" data-element_type=\"widget\" data-e-type=\"widget\" data-widget_type=\"text-editor.default\">\n\t\t\t\t<div class=\"elementor-widget-container translation-block\">Vous avez un projet en t\u00eate ? Je suis enthousiaste \u00e0 l\u2019id\u00e9e de discuter avec vous et d\u2019explorer comment  <strong><i>transformer vos id\u00e9es en quelque chose de vraiment cr\u00e9atif <\/strong><\/i>. Construisons quelque chose de formidable ensemble !<\/div>\n\t\t\t\t<\/div>\n\t\t\t\t<\/div>\n\t\t<div class=\"has_eae_slider elementor-element elementor-element-6b6e965f e-con-full e-flex wpr-particle-no wpr-jarallax-no wpr-parallax-no wpr-sticky-section-no wpr-equal-height-no e-con e-child\" data-eae-slider=\"84642\" data-id=\"6b6e965f\" data-element_type=\"container\" data-e-type=\"container\">\n\t\t\t\t<div class=\"elementor-element elementor-element-5097966 elementor-align-center elementor-widget elementor-widget-button\" data-id=\"5097966\" data-element_type=\"widget\" data-e-type=\"widget\" data-widget_type=\"button.default\">\n\t\t\t\t<div class=\"elementor-widget-container\">\n\t\t\t\t\t\t\t\t\t<div class=\"elementor-button-wrapper\">\n\t\t\t\t\t<a class=\"elementor-button elementor-button-link elementor-size-sm\" href=\"https:\/\/www.katiakud.com\/fr\/contact-katia-kud\/\" target=\"_blank\">\n\t\t\t\t\t\t<span class=\"elementor-button-content-wrapper\">\n\t\t\t\t\t\t\t\t\t<span class=\"elementor-button-text\">Connectons-nous<\/span>\n\t\t\t\t\t<\/span>\n\t\t\t\t\t<\/a>\n\t\t\t\t<\/div>\n\t\t\t\t\t\t\t\t<\/div>\n\t\t\t\t<\/div>\n\t\t\t\t<div class=\"elementor-element elementor-element-64c62e63 elementor-align-center elementor-widget elementor-widget-button\" data-id=\"64c62e63\" data-element_type=\"widget\" data-e-type=\"widget\" data-widget_type=\"button.default\">\n\t\t\t\t<div class=\"elementor-widget-container\">\n\t\t\t\t\t\t\t\t\t<div class=\"elementor-button-wrapper\">\n\t\t\t\t\t<a class=\"elementor-button elementor-button-link elementor-size-sm\" href=\"https:\/\/www.katiakud.com\/wp-content\/uploads\/2024\/09\/KatiaKudriavtsev-CV.pdf\" target=\"_blank\">\n\t\t\t\t\t\t<span class=\"elementor-button-content-wrapper\">\n\t\t\t\t\t\t\t\t\t<span class=\"elementor-button-text\">T\u00e9l\u00e9chargez mon CV<\/span>\n\t\t\t\t\t<\/span>\n\t\t\t\t\t<\/a>\n\t\t\t\t<\/div>\n\t\t\t\t\t\t\t\t<\/div>\n\t\t\t\t<\/div>\n\t\t\t\t<\/div>\n\t\t\t\t\t<\/div>\n\t\t\t\t<\/div>\n\t\t\t\t<\/div>","protected":false},"excerpt":{"rendered":"<p>Living World Playground Series The Living World Playground Series offers the ideal assortment of accessories to keep your small pet endlessly entertained while ensuring secure playtime. The packaging is thoughtfully designed, featuring captivating images from a lively photoshoot with real animals, showcasing the products&#8217; appeal and functionality. With a fun and engaging design, the packaging communicates that even the smallest animals deserve to experience joy and excitement in their habitat. The captivating design and genuine portrayal of animals in their element make it evident that this series is the perfect choice for ensuring that small pets experience the joy and delight they truly deserve. branding | packaging\u200b\u200b Let\u2019s Collaborate! Have a project in mind? I\u2019m excited to connect and explore how we can turn your ideas into something truly creative. Let\u2019s build something great together! Let&#8217;s Connect Download my CV<\/p>","protected":false},"author":2,"featured_media":0,"parent":0,"menu_order":0,"comment_status":"closed","ping_status":"closed","template":"","meta":{"_monsterinsights_skip_tracking":false,"_monsterinsights_sitenote_active":false,"_monsterinsights_sitenote_note":"","_monsterinsights_sitenote_category":0,"footnotes":""},"class_list":["post-3240","page","type-page","status-publish","hentry"],"blocksy_meta":[],"yoast_head":"<!-- This site is optimized with the Yoast SEO plugin v27.4 - https:\/\/yoast.com\/product\/yoast-seo-wordpress\/ -->\n<title>Living World Playground Series - Katia Kud Design | Graphic and Web Designer<\/title>\n<meta name=\"description\" content=\"Packaging for the Living World Playground Series features captivating images of real animals and a fun design, highlighting the range of accessories that ensure secure and entertaining playtime for small pets.\" \/>\n<meta name=\"robots\" content=\"index, follow, max-snippet:-1, max-image-preview:large, max-video-preview:-1\" \/>\n<link rel=\"canonical\" href=\"https:\/\/www.katiakud.com\/fr\/living-world-playground-series\/\" \/>\n<meta property=\"og:locale\" content=\"fr_CA\" \/>\n<meta property=\"og:type\" content=\"article\" \/>\n<meta property=\"og:title\" content=\"Living World Playground Series - Katia Kud Design | Graphic and Web Designer\" \/>\n<meta property=\"og:description\" content=\"Packaging for the Living World Playground Series features captivating images of real animals and a fun design, highlighting the range of accessories that ensure secure and entertaining playtime for small pets.\" \/>\n<meta property=\"og:url\" content=\"https:\/\/www.katiakud.com\/fr\/living-world-playground-series\/\" \/>\n<meta property=\"og:site_name\" content=\"Katia Kud Design | Graphic and Web Designer\" \/>\n<meta property=\"article:modified_time\" content=\"2025-06-09T14:24:23+00:00\" \/>\n<meta property=\"og:image\" content=\"https:\/\/www.katiakud.com\/wp-content\/uploads\/2023\/07\/Playground_4-1024x1024.jpg\" \/>\n<meta name=\"twitter:card\" content=\"summary_large_image\" \/>\n<meta name=\"twitter:label1\" content=\"Estimation du temps de lecture\" \/>\n\t<meta name=\"twitter:data1\" content=\"2 minutes\" \/>\n<script type=\"application\/ld+json\" class=\"yoast-schema-graph\">{\"@context\":\"https:\\\/\\\/schema.org\",\"@graph\":[{\"@type\":\"WebPage\",\"@id\":\"https:\\\/\\\/www.katiakud.com\\\/fr\\\/living-world-playground-series\\\/\",\"url\":\"https:\\\/\\\/www.katiakud.com\\\/fr\\\/living-world-playground-series\\\/\",\"name\":\"Living World Playground Series - Katia Kud Design | Graphic and Web Designer\",\"isPartOf\":{\"@id\":\"https:\\\/\\\/www.katiakud.com\\\/#website\"},\"primaryImageOfPage\":{\"@id\":\"https:\\\/\\\/www.katiakud.com\\\/fr\\\/living-world-playground-series\\\/#primaryimage\"},\"image\":{\"@id\":\"https:\\\/\\\/www.katiakud.com\\\/fr\\\/living-world-playground-series\\\/#primaryimage\"},\"thumbnailUrl\":\"https:\\\/\\\/www.katiakud.com\\\/wp-content\\\/uploads\\\/2023\\\/07\\\/Playground_4-1024x1024.jpg\",\"datePublished\":\"2023-07-17T21:40:56+00:00\",\"dateModified\":\"2025-06-09T14:24:23+00:00\",\"description\":\"Packaging for the Living World Playground Series features captivating images of real animals and a fun design, highlighting the range of accessories that ensure secure and entertaining playtime for small pets.\",\"breadcrumb\":{\"@id\":\"https:\\\/\\\/www.katiakud.com\\\/fr\\\/living-world-playground-series\\\/#breadcrumb\"},\"inLanguage\":\"fr-CA\",\"potentialAction\":[{\"@type\":\"ReadAction\",\"target\":[\"https:\\\/\\\/www.katiakud.com\\\/fr\\\/living-world-playground-series\\\/\"]}]},{\"@type\":\"ImageObject\",\"inLanguage\":\"fr-CA\",\"@id\":\"https:\\\/\\\/www.katiakud.com\\\/fr\\\/living-world-playground-series\\\/#primaryimage\",\"url\":\"https:\\\/\\\/www.katiakud.com\\\/wp-content\\\/uploads\\\/2023\\\/07\\\/Playground_4-1024x1024.jpg\",\"contentUrl\":\"https:\\\/\\\/www.katiakud.com\\\/wp-content\\\/uploads\\\/2023\\\/07\\\/Playground_4-1024x1024.jpg\"},{\"@type\":\"BreadcrumbList\",\"@id\":\"https:\\\/\\\/www.katiakud.com\\\/fr\\\/living-world-playground-series\\\/#breadcrumb\",\"itemListElement\":[{\"@type\":\"ListItem\",\"position\":1,\"name\":\"Home\",\"item\":\"https:\\\/\\\/www.katiakud.com\\\/\"},{\"@type\":\"ListItem\",\"position\":2,\"name\":\"Living World Playground Series\"}]},{\"@type\":\"WebSite\",\"@id\":\"https:\\\/\\\/www.katiakud.com\\\/#website\",\"url\":\"https:\\\/\\\/www.katiakud.com\\\/\",\"name\":\"Katia Kud Design | Graphic and Web Designer\",\"description\":\"Graphic &amp; Web Designer Creating Marketing Materials, Reports and Infographics\",\"publisher\":{\"@id\":\"https:\\\/\\\/www.katiakud.com\\\/#organization\"},\"potentialAction\":[{\"@type\":\"SearchAction\",\"target\":{\"@type\":\"EntryPoint\",\"urlTemplate\":\"https:\\\/\\\/www.katiakud.com\\\/?s={search_term_string}\"},\"query-input\":{\"@type\":\"PropertyValueSpecification\",\"valueRequired\":true,\"valueName\":\"search_term_string\"}}],\"inLanguage\":\"fr-CA\"},{\"@type\":\"Organization\",\"@id\":\"https:\\\/\\\/www.katiakud.com\\\/#organization\",\"name\":\"Katia Kud Design | Graphic and Web Designer\",\"url\":\"https:\\\/\\\/www.katiakud.com\\\/\",\"logo\":{\"@type\":\"ImageObject\",\"inLanguage\":\"fr-CA\",\"@id\":\"https:\\\/\\\/www.katiakud.com\\\/#\\\/schema\\\/logo\\\/image\\\/\",\"url\":\"https:\\\/\\\/www.katiakud.com\\\/wp-content\\\/uploads\\\/2024\\\/09\\\/KatiaKud_Rev.svg\",\"contentUrl\":\"https:\\\/\\\/www.katiakud.com\\\/wp-content\\\/uploads\\\/2024\\\/09\\\/KatiaKud_Rev.svg\",\"width\":666,\"height\":170,\"caption\":\"Katia Kud Design | Graphic and Web Designer\"},\"image\":{\"@id\":\"https:\\\/\\\/www.katiakud.com\\\/#\\\/schema\\\/logo\\\/image\\\/\"}}]}<\/script>\n<!-- \/ Yoast SEO plugin. -->","yoast_head_json":{"title":"Living World Playground Series - Katia Kud Design | Graphic and Web Designer","description":"Packaging for the Living World Playground Series features captivating images of real animals and a fun design, highlighting the range of accessories that ensure secure and entertaining playtime for small pets.","robots":{"index":"index","follow":"follow","max-snippet":"max-snippet:-1","max-image-preview":"max-image-preview:large","max-video-preview":"max-video-preview:-1"},"canonical":"https:\/\/www.katiakud.com\/fr\/living-world-playground-series\/","og_locale":"fr_CA","og_type":"article","og_title":"Living World Playground Series - Katia Kud Design | Graphic and Web Designer","og_description":"Packaging for the Living World Playground Series features captivating images of real animals and a fun design, highlighting the range of accessories that ensure secure and entertaining playtime for small pets.","og_url":"https:\/\/www.katiakud.com\/fr\/living-world-playground-series\/","og_site_name":"Katia Kud Design | Graphic and Web Designer","article_modified_time":"2025-06-09T14:24:23+00:00","og_image":[{"url":"https:\/\/www.katiakud.com\/wp-content\/uploads\/2023\/07\/Playground_4-1024x1024.jpg","type":"","width":"","height":""}],"twitter_card":"summary_large_image","twitter_misc":{"Estimation du temps de lecture":"2 minutes"},"schema":{"@context":"https:\/\/schema.org","@graph":[{"@type":"WebPage","@id":"https:\/\/www.katiakud.com\/fr\/living-world-playground-series\/","url":"https:\/\/www.katiakud.com\/fr\/living-world-playground-series\/","name":"Living World Playground Series - Katia Kud Design | Graphic and Web Designer","isPartOf":{"@id":"https:\/\/www.katiakud.com\/#website"},"primaryImageOfPage":{"@id":"https:\/\/www.katiakud.com\/fr\/living-world-playground-series\/#primaryimage"},"image":{"@id":"https:\/\/www.katiakud.com\/fr\/living-world-playground-series\/#primaryimage"},"thumbnailUrl":"https:\/\/www.katiakud.com\/wp-content\/uploads\/2023\/07\/Playground_4-1024x1024.jpg","datePublished":"2023-07-17T21:40:56+00:00","dateModified":"2025-06-09T14:24:23+00:00","description":"Packaging for the Living World Playground Series features captivating images of real animals and a fun design, highlighting the range of accessories that ensure secure and entertaining playtime for small pets.","breadcrumb":{"@id":"https:\/\/www.katiakud.com\/fr\/living-world-playground-series\/#breadcrumb"},"inLanguage":"fr-CA","potentialAction":[{"@type":"ReadAction","target":["https:\/\/www.katiakud.com\/fr\/living-world-playground-series\/"]}]},{"@type":"ImageObject","inLanguage":"fr-CA","@id":"https:\/\/www.katiakud.com\/fr\/living-world-playground-series\/#primaryimage","url":"https:\/\/www.katiakud.com\/wp-content\/uploads\/2023\/07\/Playground_4-1024x1024.jpg","contentUrl":"https:\/\/www.katiakud.com\/wp-content\/uploads\/2023\/07\/Playground_4-1024x1024.jpg"},{"@type":"BreadcrumbList","@id":"https:\/\/www.katiakud.com\/fr\/living-world-playground-series\/#breadcrumb","itemListElement":[{"@type":"ListItem","position":1,"name":"Home","item":"https:\/\/www.katiakud.com\/"},{"@type":"ListItem","position":2,"name":"Living World Playground Series"}]},{"@type":"WebSite","@id":"https:\/\/www.katiakud.com\/#website","url":"https:\/\/www.katiakud.com\/","name":"Katia Kud Design | Graphic and Web Designer","description":"Graphic &amp; Web Designer Creating Marketing Materials, Reports and Infographics","publisher":{"@id":"https:\/\/www.katiakud.com\/#organization"},"potentialAction":[{"@type":"SearchAction","target":{"@type":"EntryPoint","urlTemplate":"https:\/\/www.katiakud.com\/?s={search_term_string}"},"query-input":{"@type":"PropertyValueSpecification","valueRequired":true,"valueName":"search_term_string"}}],"inLanguage":"fr-CA"},{"@type":"Organization","@id":"https:\/\/www.katiakud.com\/#organization","name":"Katia Kud Design | Graphic and Web Designer","url":"https:\/\/www.katiakud.com\/","logo":{"@type":"ImageObject","inLanguage":"fr-CA","@id":"https:\/\/www.katiakud.com\/#\/schema\/logo\/image\/","url":"https:\/\/www.katiakud.com\/wp-content\/uploads\/2024\/09\/KatiaKud_Rev.svg","contentUrl":"https:\/\/www.katiakud.com\/wp-content\/uploads\/2024\/09\/KatiaKud_Rev.svg","width":666,"height":170,"caption":"Katia Kud Design | Graphic and Web Designer"},"image":{"@id":"https:\/\/www.katiakud.com\/#\/schema\/logo\/image\/"}}]}},"_links":{"self":[{"href":"https:\/\/www.katiakud.com\/fr\/wp-json\/wp\/v2\/pages\/3240","targetHints":{"allow":["GET"]}}],"collection":[{"href":"https:\/\/www.katiakud.com\/fr\/wp-json\/wp\/v2\/pages"}],"about":[{"href":"https:\/\/www.katiakud.com\/fr\/wp-json\/wp\/v2\/types\/page"}],"author":[{"embeddable":true,"href":"https:\/\/www.katiakud.com\/fr\/wp-json\/wp\/v2\/users\/2"}],"replies":[{"embeddable":true,"href":"https:\/\/www.katiakud.com\/fr\/wp-json\/wp\/v2\/comments?post=3240"}],"version-history":[{"count":22,"href":"https:\/\/www.katiakud.com\/fr\/wp-json\/wp\/v2\/pages\/3240\/revisions"}],"predecessor-version":[{"id":5263,"href":"https:\/\/www.katiakud.com\/fr\/wp-json\/wp\/v2\/pages\/3240\/revisions\/5263"}],"wp:attachment":[{"href":"https:\/\/www.katiakud.com\/fr\/wp-json\/wp\/v2\/media?parent=3240"}],"curies":[{"name":"wp","href":"https:\/\/api.w.org\/{rel}","templated":true}]}}