{"id":3210,"date":"2023-07-17T15:57:59","date_gmt":"2023-07-17T20:57:59","guid":{"rendered":"http:\/\/3.94.137.79\/?page_id=3210"},"modified":"2026-03-25T09:07:19","modified_gmt":"2026-03-25T14:07:19","slug":"durasport-packaging","status":"publish","type":"page","link":"https:\/\/www.katiakud.com\/fr\/durasport-packaging\/","title":{"rendered":"DuraSport Dog Toys"},"content":{"rendered":"<div data-elementor-type=\"wp-page\" data-elementor-id=\"3210\" class=\"elementor elementor-3210\" data-elementor-post-type=\"page\">\n\t\t\t\t<div class=\"has_eae_slider elementor-element elementor-element-79c539a3 e-flex e-con-boxed wpr-particle-no wpr-jarallax-no wpr-parallax-no wpr-sticky-section-no wpr-equal-height-no e-con e-parent\" data-eae-slider=\"48674\" data-id=\"79c539a3\" data-element_type=\"container\" data-e-type=\"container\" data-settings=\"{&quot;background_background&quot;:&quot;classic&quot;}\">\n\t\t\t\t\t<div class=\"e-con-inner\">\n\t\t\t\t<div class=\"elementor-element elementor-element-746b1bdc elementor-widget elementor-widget-heading\" data-id=\"746b1bdc\" data-element_type=\"widget\" data-e-type=\"widget\" data-widget_type=\"heading.default\">\n\t\t\t\t<div class=\"elementor-widget-container\">\n\t\t\t\t\t<h1 class=\"elementor-heading-title elementor-size-default\">Emballage et pr\u00e9sentoir au sol pour jouets pour chiens DuraSport<\/h1>\t\t\t\t<\/div>\n\t\t\t\t<\/div>\n\t\t\t\t<div class=\"elementor-element elementor-element-4c1c8cbc elementor-widget elementor-widget-text-editor\" data-id=\"4c1c8cbc\" data-element_type=\"widget\" data-e-type=\"widget\" data-widget_type=\"text-editor.default\">\n\t\t\t\t<div class=\"elementor-widget-container\">\n\t\t\t\t\t\t\t\t\t<p>L\u2019emballage ludique et attrayant, associ\u00e9 au pr\u00e9sentoir au sol bien visible, permet aux clients de rep\u00e9rer facilement ces jouets ravissants et les incite \u00e0 offrir des heures de plaisir et de joie \u00e0 leurs compagnons canins. L\u2019emballage et le pr\u00e9sentoir DuraSport fonctionnent en parfaite harmonie, offrant une exp\u00e9rience d\u2019achat inoubliable et transformant le passage de l\u2019\u00e9tag\u00e8re \u00e0 la maison en une aventure joyeuse pour les animaux et leurs propri\u00e9taires.<\/p>\t\t\t\t\t\t\t\t<\/div>\n\t\t\t\t<\/div>\n\t\t\t\t<div class=\"elementor-element elementor-element-4ef3a9e elementor-widget elementor-widget-heading\" data-id=\"4ef3a9e\" data-element_type=\"widget\" data-e-type=\"widget\" data-widget_type=\"heading.default\">\n\t\t\t\t<div class=\"elementor-widget-container\">\n\t\t\t\t\t<h2 class=\"elementor-heading-title elementor-size-medium\">Image de marque | emballage<\/h2>\t\t\t\t<\/div>\n\t\t\t\t<\/div>\n\t\t\t\t<div class=\"elementor-element elementor-element-4595c2f7 elementor-widget__width-initial elementor-widget elementor-widget-image\" data-id=\"4595c2f7\" data-element_type=\"widget\" data-e-type=\"widget\" data-widget_type=\"image.default\">\n\t\t\t\t<div class=\"elementor-widget-container\">\n\t\t\t\t\t\t\t\t\t\t\t\t\t\t\t<img fetchpriority=\"high\" decoding=\"async\" width=\"1024\" height=\"1024\" src=\"https:\/\/www.katiakud.com\/wp-content\/uploads\/2023\/07\/Durasport_1-1024x1024.jpg\" class=\"attachment-large size-large wp-image-3212\" alt=\"Dog toy tag toy packaging\" srcset=\"https:\/\/www.katiakud.com\/wp-content\/uploads\/2023\/07\/Durasport_1-1024x1024.jpg 1024w, https:\/\/www.katiakud.com\/wp-content\/uploads\/2023\/07\/Durasport_1-300x300.jpg 300w, https:\/\/www.katiakud.com\/wp-content\/uploads\/2023\/07\/Durasport_1-150x150.jpg 150w, https:\/\/www.katiakud.com\/wp-content\/uploads\/2023\/07\/Durasport_1-768x768.jpg 768w, https:\/\/www.katiakud.com\/wp-content\/uploads\/2023\/07\/Durasport_1.jpg 1140w\" sizes=\"(max-width: 1024px) 100vw, 1024px\" \/>\t\t\t\t\t\t\t\t\t\t\t\t\t\t\t<\/div>\n\t\t\t\t<\/div>\n\t\t\t\t<div class=\"elementor-element elementor-element-4782f32b elementor-widget__width-initial elementor-widget elementor-widget-image\" data-id=\"4782f32b\" data-element_type=\"widget\" data-e-type=\"widget\" data-widget_type=\"image.default\">\n\t\t\t\t<div class=\"elementor-widget-container\">\n\t\t\t\t\t\t\t\t\t\t\t\t\t\t\t<img decoding=\"async\" width=\"1024\" height=\"1024\" src=\"https:\/\/www.katiakud.com\/wp-content\/uploads\/2023\/07\/Durasport_4-1024x1024.jpg\" class=\"attachment-large size-large wp-image-3215\" alt=\"Ring dog toy packaging\" srcset=\"https:\/\/www.katiakud.com\/wp-content\/uploads\/2023\/07\/Durasport_4-1024x1024.jpg 1024w, https:\/\/www.katiakud.com\/wp-content\/uploads\/2023\/07\/Durasport_4-300x300.jpg 300w, https:\/\/www.katiakud.com\/wp-content\/uploads\/2023\/07\/Durasport_4-150x150.jpg 150w, https:\/\/www.katiakud.com\/wp-content\/uploads\/2023\/07\/Durasport_4-768x768.jpg 768w, https:\/\/www.katiakud.com\/wp-content\/uploads\/2023\/07\/Durasport_4.jpg 1140w\" sizes=\"(max-width: 1024px) 100vw, 1024px\" \/>\t\t\t\t\t\t\t\t\t\t\t\t\t\t\t<\/div>\n\t\t\t\t<\/div>\n\t\t\t\t<div class=\"elementor-element elementor-element-91c33af elementor-widget__width-initial elementor-widget elementor-widget-image\" data-id=\"91c33af\" data-element_type=\"widget\" data-e-type=\"widget\" data-widget_type=\"image.default\">\n\t\t\t\t<div class=\"elementor-widget-container\">\n\t\t\t\t\t\t\t\t\t\t\t\t\t\t\t<img decoding=\"async\" width=\"1024\" height=\"1024\" src=\"https:\/\/www.katiakud.com\/wp-content\/uploads\/2023\/07\/Durasport_2-1024x1024.jpg\" class=\"attachment-large size-large wp-image-3213\" alt=\"Dog toy Yellow packaging\" srcset=\"https:\/\/www.katiakud.com\/wp-content\/uploads\/2023\/07\/Durasport_2-1024x1024.jpg 1024w, https:\/\/www.katiakud.com\/wp-content\/uploads\/2023\/07\/Durasport_2-300x300.jpg 300w, https:\/\/www.katiakud.com\/wp-content\/uploads\/2023\/07\/Durasport_2-150x150.jpg 150w, https:\/\/www.katiakud.com\/wp-content\/uploads\/2023\/07\/Durasport_2-768x768.jpg 768w, https:\/\/www.katiakud.com\/wp-content\/uploads\/2023\/07\/Durasport_2.jpg 1140w\" sizes=\"(max-width: 1024px) 100vw, 1024px\" \/>\t\t\t\t\t\t\t\t\t\t\t\t\t\t\t<\/div>\n\t\t\t\t<\/div>\n\t\t\t\t<div class=\"elementor-element elementor-element-521fc9f0 elementor-widget__width-initial elementor-widget elementor-widget-image\" data-id=\"521fc9f0\" data-element_type=\"widget\" data-e-type=\"widget\" data-widget_type=\"image.default\">\n\t\t\t\t<div class=\"elementor-widget-container\">\n\t\t\t\t\t\t\t\t\t\t\t\t\t\t\t<img loading=\"lazy\" decoding=\"async\" width=\"1024\" height=\"1024\" src=\"https:\/\/www.katiakud.com\/wp-content\/uploads\/2023\/07\/Durasport_5-1024x1024.jpg\" class=\"attachment-large size-large wp-image-3216\" alt=\"Bone rubber dog toy packaging\" srcset=\"https:\/\/www.katiakud.com\/wp-content\/uploads\/2023\/07\/Durasport_5-1024x1024.jpg 1024w, https:\/\/www.katiakud.com\/wp-content\/uploads\/2023\/07\/Durasport_5-300x300.jpg 300w, https:\/\/www.katiakud.com\/wp-content\/uploads\/2023\/07\/Durasport_5-150x150.jpg 150w, https:\/\/www.katiakud.com\/wp-content\/uploads\/2023\/07\/Durasport_5-768x768.jpg 768w, https:\/\/www.katiakud.com\/wp-content\/uploads\/2023\/07\/Durasport_5.jpg 1140w\" sizes=\"(max-width: 1024px) 100vw, 1024px\" \/>\t\t\t\t\t\t\t\t\t\t\t\t\t\t\t<\/div>\n\t\t\t\t<\/div>\n\t\t\t\t<div class=\"elementor-element elementor-element-3197bea elementor-widget__width-initial elementor-widget elementor-widget-image\" data-id=\"3197bea\" data-element_type=\"widget\" data-e-type=\"widget\" data-widget_type=\"image.default\">\n\t\t\t\t<div class=\"elementor-widget-container\">\n\t\t\t\t\t\t\t\t\t\t\t\t\t\t\t<img loading=\"lazy\" decoding=\"async\" width=\"1024\" height=\"1024\" src=\"https:\/\/www.katiakud.com\/wp-content\/uploads\/2023\/07\/Durasport_Display-1024x1024.gif\" class=\"attachment-large size-large wp-image-3220\" alt=\"playful dog toy floor display\" srcset=\"https:\/\/www.katiakud.com\/wp-content\/uploads\/2023\/07\/Durasport_Display-1024x1024.gif 1024w, https:\/\/www.katiakud.com\/wp-content\/uploads\/2023\/07\/Durasport_Display-300x300.gif 300w, https:\/\/www.katiakud.com\/wp-content\/uploads\/2023\/07\/Durasport_Display-150x150.gif 150w, https:\/\/www.katiakud.com\/wp-content\/uploads\/2023\/07\/Durasport_Display-768x768.gif 768w\" sizes=\"(max-width: 1024px) 100vw, 1024px\" \/>\t\t\t\t\t\t\t\t\t\t\t\t\t\t\t<\/div>\n\t\t\t\t<\/div>\n\t\t\t\t\t<\/div>\n\t\t\t\t<\/div>\n\t\t<div class=\"has_eae_slider elementor-element elementor-element-55d83254 e-flex e-con-boxed wpr-particle-no wpr-jarallax-no wpr-parallax-no wpr-sticky-section-no wpr-equal-height-no e-con e-parent\" data-eae-slider=\"54962\" data-id=\"55d83254\" data-element_type=\"container\" data-e-type=\"container\" data-settings=\"{&quot;background_background&quot;:&quot;classic&quot;}\">\n\t\t\t\t\t<div class=\"e-con-inner\">\n\t\t<div class=\"has_eae_slider elementor-element elementor-element-2c00f0bc e-con-full e-flex wpr-particle-no wpr-jarallax-no wpr-parallax-no wpr-sticky-section-no wpr-equal-height-no e-con e-child\" data-eae-slider=\"81103\" data-id=\"2c00f0bc\" data-element_type=\"container\" data-e-type=\"container\">\n\t\t\t\t<div class=\"elementor-element elementor-element-8f5ee7c elementor-widget elementor-widget-heading\" data-id=\"8f5ee7c\" data-element_type=\"widget\" data-e-type=\"widget\" data-widget_type=\"heading.default\">\n\t\t\t\t<div class=\"elementor-widget-container\">\n\t\t\t\t\t<h2 class=\"elementor-heading-title elementor-size-default\">Collaborons ensemble !<\/h2>\t\t\t\t<\/div>\n\t\t\t\t<\/div>\n\t\t\t\t<div class=\"elementor-element elementor-element-5921be6b elementor-widget elementor-widget-text-editor\" data-id=\"5921be6b\" data-element_type=\"widget\" data-e-type=\"widget\" data-widget_type=\"text-editor.default\">\n\t\t\t\t<div class=\"elementor-widget-container translation-block\">Vous avez un projet en t\u00eate ? Je suis enthousiaste \u00e0 l\u2019id\u00e9e de discuter avec vous et d\u2019explorer comment  <strong><i>transformer vos id\u00e9es en quelque chose de vraiment cr\u00e9atif <\/strong><\/i>. Construisons quelque chose de formidable ensemble !<\/div>\n\t\t\t\t<\/div>\n\t\t\t\t<\/div>\n\t\t<div class=\"has_eae_slider elementor-element elementor-element-43af43bc e-con-full e-flex wpr-particle-no wpr-jarallax-no wpr-parallax-no wpr-sticky-section-no wpr-equal-height-no e-con e-child\" data-eae-slider=\"92225\" data-id=\"43af43bc\" data-element_type=\"container\" data-e-type=\"container\">\n\t\t\t\t<div class=\"elementor-element elementor-element-37e3f217 elementor-align-center elementor-widget elementor-widget-button\" data-id=\"37e3f217\" data-element_type=\"widget\" data-e-type=\"widget\" data-widget_type=\"button.default\">\n\t\t\t\t<div class=\"elementor-widget-container\">\n\t\t\t\t\t\t\t\t\t<div class=\"elementor-button-wrapper\">\n\t\t\t\t\t<a class=\"elementor-button elementor-button-link elementor-size-sm\" href=\"https:\/\/www.katiakud.com\/fr\/contact-katia-kud\/\" target=\"_blank\">\n\t\t\t\t\t\t<span class=\"elementor-button-content-wrapper\">\n\t\t\t\t\t\t\t\t\t<span class=\"elementor-button-text\">Connectons-nous<\/span>\n\t\t\t\t\t<\/span>\n\t\t\t\t\t<\/a>\n\t\t\t\t<\/div>\n\t\t\t\t\t\t\t\t<\/div>\n\t\t\t\t<\/div>\n\t\t\t\t<div class=\"elementor-element elementor-element-490fd700 elementor-align-center elementor-widget elementor-widget-button\" data-id=\"490fd700\" data-element_type=\"widget\" data-e-type=\"widget\" data-widget_type=\"button.default\">\n\t\t\t\t<div class=\"elementor-widget-container\">\n\t\t\t\t\t\t\t\t\t<div class=\"elementor-button-wrapper\">\n\t\t\t\t\t<a class=\"elementor-button elementor-button-link elementor-size-sm\" href=\"https:\/\/www.katiakud.com\/wp-content\/uploads\/2024\/09\/KatiaKudriavtsev-CV.pdf\" target=\"_blank\">\n\t\t\t\t\t\t<span class=\"elementor-button-content-wrapper\">\n\t\t\t\t\t\t\t\t\t<span class=\"elementor-button-text\">T\u00e9l\u00e9chargez mon CV<\/span>\n\t\t\t\t\t<\/span>\n\t\t\t\t\t<\/a>\n\t\t\t\t<\/div>\n\t\t\t\t\t\t\t\t<\/div>\n\t\t\t\t<\/div>\n\t\t\t\t<\/div>\n\t\t\t\t\t<\/div>\n\t\t\t\t<\/div>\n\t\t\t\t<\/div>","protected":false},"excerpt":{"rendered":"<p>DuraSport Dog Toy Packaging &amp; Floor display The playful and engaging packaging, combined with the prominent floor display, ensures that customers can easily spot these delightful toys and are enticed to bring home hours of fun and joy for their beloved canine companions. The DuraSport packaging and display work in perfect harmony, delivering an unforgettable shopping experience and making the journey from shelf to home a joyful adventure for both pets and their owners. branding | packaging\u200b\u200b Let\u2019s Collaborate! Have a project in mind? I\u2019m excited to connect and explore how we can turn your ideas into something truly creative. Let\u2019s build something great together! Let&#8217;s Connect Download my CV<\/p>","protected":false},"author":2,"featured_media":3219,"parent":0,"menu_order":0,"comment_status":"closed","ping_status":"closed","template":"","meta":{"_monsterinsights_skip_tracking":false,"_monsterinsights_sitenote_active":false,"_monsterinsights_sitenote_note":"","_monsterinsights_sitenote_category":0,"footnotes":""},"class_list":["post-3210","page","type-page","status-publish","has-post-thumbnail","hentry"],"blocksy_meta":[],"yoast_head":"<!-- This site is optimized with the Yoast SEO plugin v27.4 - https:\/\/yoast.com\/product\/yoast-seo-wordpress\/ -->\n<title>DuraSport Dog Toys - Katia Kud Design | Graphic and Web Designer<\/title>\n<meta name=\"description\" content=\"Playful packaging and eye-catching floor display make DuraSport toys irresistible to pet owners, ensuring a joyful shopping experience for dogs and their humans alike.\" \/>\n<meta name=\"robots\" content=\"index, follow, max-snippet:-1, max-image-preview:large, max-video-preview:-1\" \/>\n<link rel=\"canonical\" href=\"https:\/\/www.katiakud.com\/fr\/durasport-packaging\/\" \/>\n<meta property=\"og:locale\" content=\"fr_CA\" \/>\n<meta property=\"og:type\" content=\"article\" \/>\n<meta property=\"og:title\" content=\"DuraSport Dog Toys - Katia Kud Design | Graphic and Web Designer\" \/>\n<meta property=\"og:description\" content=\"Playful packaging and eye-catching floor display make DuraSport toys irresistible to pet owners, ensuring a joyful shopping experience for dogs and their humans alike.\" \/>\n<meta property=\"og:url\" content=\"https:\/\/www.katiakud.com\/fr\/durasport-packaging\/\" \/>\n<meta property=\"og:site_name\" content=\"Katia Kud Design | Graphic and Web Designer\" \/>\n<meta property=\"article:modified_time\" content=\"2026-03-25T14:07:19+00:00\" \/>\n<meta property=\"og:image\" content=\"https:\/\/www.katiakud.com\/wp-content\/uploads\/2023\/07\/Durasport_8.jpg\" \/>\n\t<meta property=\"og:image:width\" content=\"1140\" \/>\n\t<meta property=\"og:image:height\" content=\"1140\" \/>\n\t<meta property=\"og:image:type\" content=\"image\/jpeg\" \/>\n<meta name=\"twitter:card\" content=\"summary_large_image\" \/>\n<meta name=\"twitter:label1\" content=\"Estimation du temps de lecture\" \/>\n\t<meta name=\"twitter:data1\" content=\"2 minutes\" \/>\n<script type=\"application\/ld+json\" class=\"yoast-schema-graph\">{\"@context\":\"https:\\\/\\\/schema.org\",\"@graph\":[{\"@type\":\"WebPage\",\"@id\":\"https:\\\/\\\/www.katiakud.com\\\/durasport-packaging\\\/\",\"url\":\"https:\\\/\\\/www.katiakud.com\\\/durasport-packaging\\\/\",\"name\":\"DuraSport Dog Toys - Katia Kud Design | Graphic and Web Designer\",\"isPartOf\":{\"@id\":\"https:\\\/\\\/www.katiakud.com\\\/#website\"},\"primaryImageOfPage\":{\"@id\":\"https:\\\/\\\/www.katiakud.com\\\/durasport-packaging\\\/#primaryimage\"},\"image\":{\"@id\":\"https:\\\/\\\/www.katiakud.com\\\/durasport-packaging\\\/#primaryimage\"},\"thumbnailUrl\":\"https:\\\/\\\/www.katiakud.com\\\/wp-content\\\/uploads\\\/2023\\\/07\\\/Durasport_8.jpg\",\"datePublished\":\"2023-07-17T20:57:59+00:00\",\"dateModified\":\"2026-03-25T14:07:19+00:00\",\"description\":\"Playful packaging and eye-catching floor display make DuraSport toys irresistible to pet owners, ensuring a joyful shopping experience for dogs and their humans alike.\",\"breadcrumb\":{\"@id\":\"https:\\\/\\\/www.katiakud.com\\\/durasport-packaging\\\/#breadcrumb\"},\"inLanguage\":\"fr-CA\",\"potentialAction\":[{\"@type\":\"ReadAction\",\"target\":[\"https:\\\/\\\/www.katiakud.com\\\/durasport-packaging\\\/\"]}]},{\"@type\":\"ImageObject\",\"inLanguage\":\"fr-CA\",\"@id\":\"https:\\\/\\\/www.katiakud.com\\\/durasport-packaging\\\/#primaryimage\",\"url\":\"https:\\\/\\\/www.katiakud.com\\\/wp-content\\\/uploads\\\/2023\\\/07\\\/Durasport_8.jpg\",\"contentUrl\":\"https:\\\/\\\/www.katiakud.com\\\/wp-content\\\/uploads\\\/2023\\\/07\\\/Durasport_8.jpg\",\"width\":1140,\"height\":1140,\"caption\":\"Dof toy gloor display side view\"},{\"@type\":\"BreadcrumbList\",\"@id\":\"https:\\\/\\\/www.katiakud.com\\\/durasport-packaging\\\/#breadcrumb\",\"itemListElement\":[{\"@type\":\"ListItem\",\"position\":1,\"name\":\"Home\",\"item\":\"https:\\\/\\\/www.katiakud.com\\\/\"},{\"@type\":\"ListItem\",\"position\":2,\"name\":\"DuraSport Dog Toys\"}]},{\"@type\":\"WebSite\",\"@id\":\"https:\\\/\\\/www.katiakud.com\\\/#website\",\"url\":\"https:\\\/\\\/www.katiakud.com\\\/\",\"name\":\"Katia Kud Design | Graphic and Web Designer\",\"description\":\"Graphic &amp; Web Designer Creating Marketing Materials, Reports and Infographics\",\"publisher\":{\"@id\":\"https:\\\/\\\/www.katiakud.com\\\/#organization\"},\"potentialAction\":[{\"@type\":\"SearchAction\",\"target\":{\"@type\":\"EntryPoint\",\"urlTemplate\":\"https:\\\/\\\/www.katiakud.com\\\/?s={search_term_string}\"},\"query-input\":{\"@type\":\"PropertyValueSpecification\",\"valueRequired\":true,\"valueName\":\"search_term_string\"}}],\"inLanguage\":\"fr-CA\"},{\"@type\":\"Organization\",\"@id\":\"https:\\\/\\\/www.katiakud.com\\\/#organization\",\"name\":\"Katia Kud Design | Graphic and Web Designer\",\"url\":\"https:\\\/\\\/www.katiakud.com\\\/\",\"logo\":{\"@type\":\"ImageObject\",\"inLanguage\":\"fr-CA\",\"@id\":\"https:\\\/\\\/www.katiakud.com\\\/#\\\/schema\\\/logo\\\/image\\\/\",\"url\":\"https:\\\/\\\/www.katiakud.com\\\/wp-content\\\/uploads\\\/2024\\\/09\\\/KatiaKud_Rev.svg\",\"contentUrl\":\"https:\\\/\\\/www.katiakud.com\\\/wp-content\\\/uploads\\\/2024\\\/09\\\/KatiaKud_Rev.svg\",\"width\":666,\"height\":170,\"caption\":\"Katia Kud Design | Graphic and Web Designer\"},\"image\":{\"@id\":\"https:\\\/\\\/www.katiakud.com\\\/#\\\/schema\\\/logo\\\/image\\\/\"}}]}<\/script>\n<!-- \/ Yoast SEO plugin. -->","yoast_head_json":{"title":"DuraSport Dog Toys - Katia Kud Design | Graphic and Web Designer","description":"Playful packaging and eye-catching floor display make DuraSport toys irresistible to pet owners, ensuring a joyful shopping experience for dogs and their humans alike.","robots":{"index":"index","follow":"follow","max-snippet":"max-snippet:-1","max-image-preview":"max-image-preview:large","max-video-preview":"max-video-preview:-1"},"canonical":"https:\/\/www.katiakud.com\/fr\/durasport-packaging\/","og_locale":"fr_CA","og_type":"article","og_title":"DuraSport Dog Toys - Katia Kud Design | Graphic and Web Designer","og_description":"Playful packaging and eye-catching floor display make DuraSport toys irresistible to pet owners, ensuring a joyful shopping experience for dogs and their humans alike.","og_url":"https:\/\/www.katiakud.com\/fr\/durasport-packaging\/","og_site_name":"Katia Kud Design | Graphic and Web Designer","article_modified_time":"2026-03-25T14:07:19+00:00","og_image":[{"width":1140,"height":1140,"url":"https:\/\/www.katiakud.com\/wp-content\/uploads\/2023\/07\/Durasport_8.jpg","type":"image\/jpeg"}],"twitter_card":"summary_large_image","twitter_misc":{"Estimation du temps de lecture":"2 minutes"},"schema":{"@context":"https:\/\/schema.org","@graph":[{"@type":"WebPage","@id":"https:\/\/www.katiakud.com\/durasport-packaging\/","url":"https:\/\/www.katiakud.com\/durasport-packaging\/","name":"DuraSport Dog Toys - Katia Kud Design | Graphic and Web Designer","isPartOf":{"@id":"https:\/\/www.katiakud.com\/#website"},"primaryImageOfPage":{"@id":"https:\/\/www.katiakud.com\/durasport-packaging\/#primaryimage"},"image":{"@id":"https:\/\/www.katiakud.com\/durasport-packaging\/#primaryimage"},"thumbnailUrl":"https:\/\/www.katiakud.com\/wp-content\/uploads\/2023\/07\/Durasport_8.jpg","datePublished":"2023-07-17T20:57:59+00:00","dateModified":"2026-03-25T14:07:19+00:00","description":"Playful packaging and eye-catching floor display make DuraSport toys irresistible to pet owners, ensuring a joyful shopping experience for dogs and their humans alike.","breadcrumb":{"@id":"https:\/\/www.katiakud.com\/durasport-packaging\/#breadcrumb"},"inLanguage":"fr-CA","potentialAction":[{"@type":"ReadAction","target":["https:\/\/www.katiakud.com\/durasport-packaging\/"]}]},{"@type":"ImageObject","inLanguage":"fr-CA","@id":"https:\/\/www.katiakud.com\/durasport-packaging\/#primaryimage","url":"https:\/\/www.katiakud.com\/wp-content\/uploads\/2023\/07\/Durasport_8.jpg","contentUrl":"https:\/\/www.katiakud.com\/wp-content\/uploads\/2023\/07\/Durasport_8.jpg","width":1140,"height":1140,"caption":"Dof toy gloor display side view"},{"@type":"BreadcrumbList","@id":"https:\/\/www.katiakud.com\/durasport-packaging\/#breadcrumb","itemListElement":[{"@type":"ListItem","position":1,"name":"Home","item":"https:\/\/www.katiakud.com\/"},{"@type":"ListItem","position":2,"name":"DuraSport Dog Toys"}]},{"@type":"WebSite","@id":"https:\/\/www.katiakud.com\/#website","url":"https:\/\/www.katiakud.com\/","name":"Katia Kud Design | Graphic and Web Designer","description":"Graphic &amp; Web Designer Creating Marketing Materials, Reports and Infographics","publisher":{"@id":"https:\/\/www.katiakud.com\/#organization"},"potentialAction":[{"@type":"SearchAction","target":{"@type":"EntryPoint","urlTemplate":"https:\/\/www.katiakud.com\/?s={search_term_string}"},"query-input":{"@type":"PropertyValueSpecification","valueRequired":true,"valueName":"search_term_string"}}],"inLanguage":"fr-CA"},{"@type":"Organization","@id":"https:\/\/www.katiakud.com\/#organization","name":"Katia Kud Design | Graphic and Web Designer","url":"https:\/\/www.katiakud.com\/","logo":{"@type":"ImageObject","inLanguage":"fr-CA","@id":"https:\/\/www.katiakud.com\/#\/schema\/logo\/image\/","url":"https:\/\/www.katiakud.com\/wp-content\/uploads\/2024\/09\/KatiaKud_Rev.svg","contentUrl":"https:\/\/www.katiakud.com\/wp-content\/uploads\/2024\/09\/KatiaKud_Rev.svg","width":666,"height":170,"caption":"Katia Kud Design | Graphic and Web Designer"},"image":{"@id":"https:\/\/www.katiakud.com\/#\/schema\/logo\/image\/"}}]}},"_links":{"self":[{"href":"https:\/\/www.katiakud.com\/fr\/wp-json\/wp\/v2\/pages\/3210","targetHints":{"allow":["GET"]}}],"collection":[{"href":"https:\/\/www.katiakud.com\/fr\/wp-json\/wp\/v2\/pages"}],"about":[{"href":"https:\/\/www.katiakud.com\/fr\/wp-json\/wp\/v2\/types\/page"}],"author":[{"embeddable":true,"href":"https:\/\/www.katiakud.com\/fr\/wp-json\/wp\/v2\/users\/2"}],"replies":[{"embeddable":true,"href":"https:\/\/www.katiakud.com\/fr\/wp-json\/wp\/v2\/comments?post=3210"}],"version-history":[{"count":47,"href":"https:\/\/www.katiakud.com\/fr\/wp-json\/wp\/v2\/pages\/3210\/revisions"}],"predecessor-version":[{"id":5498,"href":"https:\/\/www.katiakud.com\/fr\/wp-json\/wp\/v2\/pages\/3210\/revisions\/5498"}],"wp:featuredmedia":[{"embeddable":true,"href":"https:\/\/www.katiakud.com\/fr\/wp-json\/wp\/v2\/media\/3219"}],"wp:attachment":[{"href":"https:\/\/www.katiakud.com\/fr\/wp-json\/wp\/v2\/media?parent=3210"}],"curies":[{"name":"wp","href":"https:\/\/api.w.org\/{rel}","templated":true}]}}