{"id":2958,"date":"2023-04-04T15:01:51","date_gmt":"2023-04-04T20:01:51","guid":{"rendered":"http:\/\/3.94.137.79\/?page_id=2958"},"modified":"2026-03-25T09:08:38","modified_gmt":"2026-03-25T14:08:38","slug":"tripican-tropimix","status":"publish","type":"page","link":"https:\/\/www.katiakud.com\/fr\/tripican-tropimix\/","title":{"rendered":"Tripican &#038; Tropimix"},"content":{"rendered":"<div data-elementor-type=\"wp-page\" data-elementor-id=\"2958\" class=\"elementor elementor-2958\" data-elementor-post-type=\"page\">\n\t\t\t\t<div class=\"has_eae_slider elementor-element elementor-element-5e45567e e-flex e-con-boxed wpr-particle-no wpr-jarallax-no wpr-parallax-no wpr-sticky-section-no wpr-equal-height-no e-con e-parent\" data-eae-slider=\"96693\" data-id=\"5e45567e\" data-element_type=\"container\" data-e-type=\"container\" data-settings=\"{&quot;background_background&quot;:&quot;classic&quot;}\">\n\t\t\t\t\t<div class=\"e-con-inner\">\n\t\t\t\t<div class=\"elementor-element elementor-element-e57f22d elementor-widget elementor-widget-heading\" data-id=\"e57f22d\" data-element_type=\"widget\" data-e-type=\"widget\" data-widget_type=\"heading.default\">\n\t\t\t\t<div class=\"elementor-widget-container\">\n\t\t\t\t\t<h1 class=\"elementor-heading-title elementor-size-default\">Emballage des aliments pour oiseaux Tropican &amp; Tropimix<\/h1>\t\t\t\t<\/div>\n\t\t\t\t<\/div>\n\t\t\t\t<div class=\"elementor-element elementor-element-30b639fd elementor-widget elementor-widget-text-editor\" data-id=\"30b639fd\" data-element_type=\"widget\" data-e-type=\"widget\" data-widget_type=\"text-editor.default\">\n\t\t\t\t<div class=\"elementor-widget-container\">\n\t\t\t\t\t\t\t\t\t<p class=\"translation-block\">Depuis 2014, je suis profond\u00e9ment impliqu\u00e9e dans la mise \u00e0 jour des emballages des produits HARI Tropican et Tropimix, des gammes renomm\u00e9es d\u2019aliments pour oiseaux. De la conceptualisation au d\u00e9veloppement du design, j\u2019ai jou\u00e9 un r\u00f4le cl\u00e9 dans la cr\u00e9ation d\u2019emballages visuellement attrayants et facilement reconnaissables.<\/p><p>En collaboration \u00e9troite avec l\u2019\u00e9quipe marketing sp\u00e9cialis\u00e9e dans les oiseaux, j\u2019ai apport\u00e9 des id\u00e9es pr\u00e9cieuses et cr\u00e9\u00e9 des ic\u00f4nes attrayantes pour les emballages. De plus, j\u2019ai assur\u00e9 une qualit\u00e9 optimale en r\u00e9visant et approuvant tous les bons \u00e0 tirer imprim\u00e9s. Apr\u00e8s un lancement r\u00e9ussi, j\u2019ai pris la pleine responsabilit\u00e9 de la gestion de la gamme de produits, en mettant en \u0153uvre des am\u00e9liorations ult\u00e9rieures et en introduisant de nouvelles offres telles que les granul\u00e9s Tropican Egg et le m\u00e9lange Tropimix Egg.<\/p><p>Je suis fi\u00e8re de contribuer \u00e0 des designs d\u2019emballage qui se d\u00e9marquent tout en r\u00e9pondant aux besoins nutritionnels des oiseaux et en satisfaisant les propri\u00e9taires d\u2019animaux les plus exigeants.<\/p>\t\t\t\t\t\t\t\t<\/div>\n\t\t\t\t<\/div>\n\t\t\t\t<div class=\"elementor-element elementor-element-028dc38 elementor-widget elementor-widget-heading\" data-id=\"028dc38\" data-element_type=\"widget\" data-e-type=\"widget\" data-widget_type=\"heading.default\">\n\t\t\t\t<div class=\"elementor-widget-container\">\n\t\t\t\t\t<h2 class=\"elementor-heading-title elementor-size-medium\">Image de marque | emballage<\/h2>\t\t\t\t<\/div>\n\t\t\t\t<\/div>\n\t\t\t\t<div class=\"elementor-element elementor-element-26ae096 elementor-widget__width-initial elementor-widget elementor-widget-image\" data-id=\"26ae096\" data-element_type=\"widget\" data-e-type=\"widget\" data-widget_type=\"image.default\">\n\t\t\t\t<div class=\"elementor-widget-container\">\n\t\t\t\t\t\t\t\t\t\t\t\t\t\t\t<img fetchpriority=\"high\" decoding=\"async\" width=\"1024\" height=\"1024\" src=\"https:\/\/www.katiakud.com\/wp-content\/uploads\/2023\/04\/Tropimix-1024x1024.jpg\" class=\"attachment-large size-large wp-image-2965\" alt=\"\" srcset=\"https:\/\/www.katiakud.com\/wp-content\/uploads\/2023\/04\/Tropimix-1024x1024.jpg 1024w, https:\/\/www.katiakud.com\/wp-content\/uploads\/2023\/04\/Tropimix-300x300.jpg 300w, https:\/\/www.katiakud.com\/wp-content\/uploads\/2023\/04\/Tropimix-150x150.jpg 150w, https:\/\/www.katiakud.com\/wp-content\/uploads\/2023\/04\/Tropimix-768x768.jpg 768w, https:\/\/www.katiakud.com\/wp-content\/uploads\/2023\/04\/Tropimix.jpg 1140w\" sizes=\"(max-width: 1024px) 100vw, 1024px\" \/>\t\t\t\t\t\t\t\t\t\t\t\t\t\t\t<\/div>\n\t\t\t\t<\/div>\n\t\t\t\t<div class=\"elementor-element elementor-element-c9df549 elementor-widget__width-initial elementor-widget elementor-widget-image\" data-id=\"c9df549\" data-element_type=\"widget\" data-e-type=\"widget\" data-widget_type=\"image.default\">\n\t\t\t\t<div class=\"elementor-widget-container\">\n\t\t\t\t\t\t\t\t\t\t\t\t\t\t\t<img decoding=\"async\" width=\"1024\" height=\"1024\" src=\"https:\/\/www.katiakud.com\/wp-content\/uploads\/2023\/04\/Tropican-1024x1024.jpg\" class=\"attachment-large size-large wp-image-2964\" alt=\"Tropican Egg Packaging design\" srcset=\"https:\/\/www.katiakud.com\/wp-content\/uploads\/2023\/04\/Tropican-1024x1024.jpg 1024w, https:\/\/www.katiakud.com\/wp-content\/uploads\/2023\/04\/Tropican-300x300.jpg 300w, https:\/\/www.katiakud.com\/wp-content\/uploads\/2023\/04\/Tropican-150x150.jpg 150w, https:\/\/www.katiakud.com\/wp-content\/uploads\/2023\/04\/Tropican-768x768.jpg 768w, https:\/\/www.katiakud.com\/wp-content\/uploads\/2023\/04\/Tropican.jpg 1140w\" sizes=\"(max-width: 1024px) 100vw, 1024px\" \/>\t\t\t\t\t\t\t\t\t\t\t\t\t\t\t<\/div>\n\t\t\t\t<\/div>\n\t\t\t\t<div class=\"elementor-element elementor-element-158b463 elementor-widget__width-initial elementor-widget elementor-widget-image\" data-id=\"158b463\" data-element_type=\"widget\" data-e-type=\"widget\" data-widget_type=\"image.default\">\n\t\t\t\t<div class=\"elementor-widget-container\">\n\t\t\t\t\t\t\t\t\t\t\t\t\t\t\t<img decoding=\"async\" width=\"1024\" height=\"1024\" src=\"https:\/\/www.katiakud.com\/wp-content\/uploads\/2023\/04\/BulkBag-1024x1024.jpg\" class=\"attachment-large size-large wp-image-3093\" alt=\"\" srcset=\"https:\/\/www.katiakud.com\/wp-content\/uploads\/2023\/04\/BulkBag-1024x1024.jpg 1024w, https:\/\/www.katiakud.com\/wp-content\/uploads\/2023\/04\/BulkBag-300x300.jpg 300w, https:\/\/www.katiakud.com\/wp-content\/uploads\/2023\/04\/BulkBag-150x150.jpg 150w, https:\/\/www.katiakud.com\/wp-content\/uploads\/2023\/04\/BulkBag-768x768.jpg 768w, https:\/\/www.katiakud.com\/wp-content\/uploads\/2023\/04\/BulkBag.jpg 1140w\" sizes=\"(max-width: 1024px) 100vw, 1024px\" \/>\t\t\t\t\t\t\t\t\t\t\t\t\t\t\t<\/div>\n\t\t\t\t<\/div>\n\t\t\t\t<div class=\"elementor-element elementor-element-75cd017 elementor-widget__width-initial elementor-widget elementor-widget-image\" data-id=\"75cd017\" data-element_type=\"widget\" data-e-type=\"widget\" data-widget_type=\"image.default\">\n\t\t\t\t<div class=\"elementor-widget-container\">\n\t\t\t\t\t\t\t\t\t\t\t\t\t\t\t<img loading=\"lazy\" decoding=\"async\" width=\"1024\" height=\"1024\" src=\"https:\/\/www.katiakud.com\/wp-content\/uploads\/2023\/04\/Tropimix-Tropican_Showcase-1024x1024.jpg\" class=\"attachment-large size-large wp-image-2966\" alt=\"\" srcset=\"https:\/\/www.katiakud.com\/wp-content\/uploads\/2023\/04\/Tropimix-Tropican_Showcase-1024x1024.jpg 1024w, https:\/\/www.katiakud.com\/wp-content\/uploads\/2023\/04\/Tropimix-Tropican_Showcase-300x300.jpg 300w, https:\/\/www.katiakud.com\/wp-content\/uploads\/2023\/04\/Tropimix-Tropican_Showcase-150x150.jpg 150w, https:\/\/www.katiakud.com\/wp-content\/uploads\/2023\/04\/Tropimix-Tropican_Showcase-768x768.jpg 768w, https:\/\/www.katiakud.com\/wp-content\/uploads\/2023\/04\/Tropimix-Tropican_Showcase.jpg 1140w\" sizes=\"(max-width: 1024px) 100vw, 1024px\" \/>\t\t\t\t\t\t\t\t\t\t\t\t\t\t\t<\/div>\n\t\t\t\t<\/div>\n\t\t\t\t\t<\/div>\n\t\t\t\t<\/div>\n\t\t<div class=\"has_eae_slider elementor-element elementor-element-1b8b1dc4 e-flex e-con-boxed wpr-particle-no wpr-jarallax-no wpr-parallax-no wpr-sticky-section-no wpr-equal-height-no e-con e-parent\" data-eae-slider=\"58379\" data-id=\"1b8b1dc4\" data-element_type=\"container\" data-e-type=\"container\" data-settings=\"{&quot;background_background&quot;:&quot;classic&quot;}\">\n\t\t\t\t\t<div class=\"e-con-inner\">\n\t\t<div class=\"has_eae_slider elementor-element elementor-element-691ff5c1 e-con-full e-flex wpr-particle-no wpr-jarallax-no wpr-parallax-no wpr-sticky-section-no wpr-equal-height-no e-con e-child\" data-eae-slider=\"58022\" data-id=\"691ff5c1\" data-element_type=\"container\" data-e-type=\"container\">\n\t\t\t\t<div class=\"elementor-element elementor-element-1fcc52fb elementor-widget elementor-widget-heading\" data-id=\"1fcc52fb\" data-element_type=\"widget\" data-e-type=\"widget\" data-widget_type=\"heading.default\">\n\t\t\t\t<div class=\"elementor-widget-container\">\n\t\t\t\t\t<h2 class=\"elementor-heading-title elementor-size-default\">Collaborons ensemble !<\/h2>\t\t\t\t<\/div>\n\t\t\t\t<\/div>\n\t\t\t\t<div class=\"elementor-element elementor-element-626fca2d elementor-widget elementor-widget-text-editor\" data-id=\"626fca2d\" data-element_type=\"widget\" data-e-type=\"widget\" data-widget_type=\"text-editor.default\">\n\t\t\t\t<div class=\"elementor-widget-container translation-block\">Vous avez un projet en t\u00eate ? Je suis enthousiaste \u00e0 l\u2019id\u00e9e de discuter avec vous et d\u2019explorer comment  <strong><i>transformer vos id\u00e9es en quelque chose de vraiment cr\u00e9atif <\/strong><\/i>. Construisons quelque chose de formidable ensemble !<\/div>\n\t\t\t\t<\/div>\n\t\t\t\t<\/div>\n\t\t<div class=\"has_eae_slider elementor-element elementor-element-3f8c6e20 e-con-full e-flex wpr-particle-no wpr-jarallax-no wpr-parallax-no wpr-sticky-section-no wpr-equal-height-no e-con e-child\" data-eae-slider=\"24811\" data-id=\"3f8c6e20\" data-element_type=\"container\" data-e-type=\"container\">\n\t\t\t\t<div class=\"elementor-element elementor-element-cd8f1d8 elementor-align-center elementor-widget elementor-widget-button\" data-id=\"cd8f1d8\" data-element_type=\"widget\" data-e-type=\"widget\" data-widget_type=\"button.default\">\n\t\t\t\t<div class=\"elementor-widget-container\">\n\t\t\t\t\t\t\t\t\t<div class=\"elementor-button-wrapper\">\n\t\t\t\t\t<a class=\"elementor-button elementor-button-link elementor-size-sm\" href=\"https:\/\/www.katiakud.com\/fr\/contact-katia-kud\/\" target=\"_blank\">\n\t\t\t\t\t\t<span class=\"elementor-button-content-wrapper\">\n\t\t\t\t\t\t\t\t\t<span class=\"elementor-button-text\">Connectons-nous<\/span>\n\t\t\t\t\t<\/span>\n\t\t\t\t\t<\/a>\n\t\t\t\t<\/div>\n\t\t\t\t\t\t\t\t<\/div>\n\t\t\t\t<\/div>\n\t\t\t\t<div class=\"elementor-element elementor-element-4a85abbc elementor-align-center elementor-widget elementor-widget-button\" data-id=\"4a85abbc\" data-element_type=\"widget\" data-e-type=\"widget\" data-widget_type=\"button.default\">\n\t\t\t\t<div class=\"elementor-widget-container\">\n\t\t\t\t\t\t\t\t\t<div class=\"elementor-button-wrapper\">\n\t\t\t\t\t<a class=\"elementor-button elementor-button-link elementor-size-sm\" href=\"https:\/\/www.katiakud.com\/wp-content\/uploads\/2024\/09\/KatiaKudriavtsev-CV.pdf\" target=\"_blank\">\n\t\t\t\t\t\t<span class=\"elementor-button-content-wrapper\">\n\t\t\t\t\t\t\t\t\t<span class=\"elementor-button-text\">T\u00e9l\u00e9chargez mon CV<\/span>\n\t\t\t\t\t<\/span>\n\t\t\t\t\t<\/a>\n\t\t\t\t<\/div>\n\t\t\t\t\t\t\t\t<\/div>\n\t\t\t\t<\/div>\n\t\t\t\t<\/div>\n\t\t\t\t\t<\/div>\n\t\t\t\t<\/div>\n\t\t\t\t<\/div>","protected":false},"excerpt":{"rendered":"<p>Tropican &amp; Tropimix Bird Food Packaging Since 2014, I have been deeply involved in updating the product packaging for HARI Tropican &amp; Tropimix, renowned bird food lines. From conceptualization to design development, I played a key role in creating visually appealing and recognizable packaging. Working closely with the Bird Marketing team, I contributed valuable input and crafted captivating icons for the packaging. Additionally, I ensured top-notch quality by reviewing and approving all Printer Proofs. After a successful launch, I took full responsibility for managing the product line, implementing subsequent improvements, and introducing new offerings such as Tropican Egg Granules and Tropimix Egg Mix. I take pride in contributing to packaging design that not only stands out but also meets the dietary needs of birds and satisfies discerning pet owners. branding | packaging\u200b\u200b Let\u2019s Collaborate! Have a project in mind? I\u2019m excited to connect and explore how we can turn your ideas into something truly creative. Let\u2019s build something great together! Let&#8217;s Connect Download my CV<\/p>","protected":false},"author":2,"featured_media":2964,"parent":0,"menu_order":0,"comment_status":"closed","ping_status":"closed","template":"","meta":{"_monsterinsights_skip_tracking":false,"_monsterinsights_sitenote_active":false,"_monsterinsights_sitenote_note":"","_monsterinsights_sitenote_category":0,"footnotes":""},"class_list":["post-2958","page","type-page","status-publish","has-post-thumbnail","hentry"],"blocksy_meta":[],"yoast_head":"<!-- This site is optimized with the Yoast SEO plugin v27.4 - https:\/\/yoast.com\/product\/yoast-seo-wordpress\/ -->\n<title>Tripican &amp; Tropimix - Katia Kud Design | Graphic and Web Designer<\/title>\n<meta name=\"description\" content=\"Since 2014, I played a key role in updating HARI Tropican &amp; Tropimix bird food packaging. Led design efforts, crafted distinctive icons, and ensured quality through detailed proof reviews.\" \/>\n<meta name=\"robots\" content=\"index, follow, max-snippet:-1, max-image-preview:large, max-video-preview:-1\" \/>\n<link rel=\"canonical\" href=\"https:\/\/www.katiakud.com\/fr\/tripican-tropimix\/\" \/>\n<meta property=\"og:locale\" content=\"fr_CA\" \/>\n<meta property=\"og:type\" content=\"article\" \/>\n<meta property=\"og:title\" content=\"Tripican &amp; Tropimix - Katia Kud Design | Graphic and Web Designer\" \/>\n<meta property=\"og:description\" content=\"Since 2014, I played a key role in updating HARI Tropican &amp; Tropimix bird food packaging. Led design efforts, crafted distinctive icons, and ensured quality through detailed proof reviews.\" \/>\n<meta property=\"og:url\" content=\"https:\/\/www.katiakud.com\/fr\/tripican-tropimix\/\" \/>\n<meta property=\"og:site_name\" content=\"Katia Kud Design | Graphic and Web Designer\" \/>\n<meta property=\"article:modified_time\" content=\"2026-03-25T14:08:38+00:00\" \/>\n<meta property=\"og:image\" content=\"https:\/\/www.katiakud.com\/wp-content\/uploads\/2023\/04\/Tropican.jpg\" \/>\n\t<meta property=\"og:image:width\" content=\"1140\" \/>\n\t<meta property=\"og:image:height\" content=\"1140\" \/>\n\t<meta property=\"og:image:type\" content=\"image\/jpeg\" \/>\n<meta name=\"twitter:card\" content=\"summary_large_image\" \/>\n<meta name=\"twitter:label1\" content=\"Estimation du temps de lecture\" \/>\n\t<meta name=\"twitter:data1\" content=\"2 minutes\" \/>\n<script type=\"application\/ld+json\" class=\"yoast-schema-graph\">{\"@context\":\"https:\\\/\\\/schema.org\",\"@graph\":[{\"@type\":\"WebPage\",\"@id\":\"https:\\\/\\\/www.katiakud.com\\\/tripican-tropimix\\\/\",\"url\":\"https:\\\/\\\/www.katiakud.com\\\/tripican-tropimix\\\/\",\"name\":\"Tripican & Tropimix - Katia Kud Design | Graphic and Web Designer\",\"isPartOf\":{\"@id\":\"https:\\\/\\\/3.94.137.79\\\/#website\"},\"primaryImageOfPage\":{\"@id\":\"https:\\\/\\\/www.katiakud.com\\\/tripican-tropimix\\\/#primaryimage\"},\"image\":{\"@id\":\"https:\\\/\\\/www.katiakud.com\\\/tripican-tropimix\\\/#primaryimage\"},\"thumbnailUrl\":\"https:\\\/\\\/www.katiakud.com\\\/wp-content\\\/uploads\\\/2023\\\/04\\\/Tropican.jpg\",\"datePublished\":\"2023-04-04T20:01:51+00:00\",\"dateModified\":\"2026-03-25T14:08:38+00:00\",\"description\":\"Since 2014, I played a key role in updating HARI Tropican & Tropimix bird food packaging. Led design efforts, crafted distinctive icons, and ensured quality through detailed proof reviews.\",\"breadcrumb\":{\"@id\":\"https:\\\/\\\/www.katiakud.com\\\/tripican-tropimix\\\/#breadcrumb\"},\"inLanguage\":\"fr-CA\",\"potentialAction\":[{\"@type\":\"ReadAction\",\"target\":[\"https:\\\/\\\/www.katiakud.com\\\/tripican-tropimix\\\/\"]}]},{\"@type\":\"ImageObject\",\"inLanguage\":\"fr-CA\",\"@id\":\"https:\\\/\\\/www.katiakud.com\\\/tripican-tropimix\\\/#primaryimage\",\"url\":\"https:\\\/\\\/www.katiakud.com\\\/wp-content\\\/uploads\\\/2023\\\/04\\\/Tropican.jpg\",\"contentUrl\":\"https:\\\/\\\/www.katiakud.com\\\/wp-content\\\/uploads\\\/2023\\\/04\\\/Tropican.jpg\",\"width\":1140,\"height\":1140,\"caption\":\"Tropican Egg Packaging design\"},{\"@type\":\"BreadcrumbList\",\"@id\":\"https:\\\/\\\/www.katiakud.com\\\/tripican-tropimix\\\/#breadcrumb\",\"itemListElement\":[{\"@type\":\"ListItem\",\"position\":1,\"name\":\"Home\",\"item\":\"https:\\\/\\\/www.katiakud.com\\\/\"},{\"@type\":\"ListItem\",\"position\":2,\"name\":\"Tripican &#038; Tropimix\"}]},{\"@type\":\"WebSite\",\"@id\":\"https:\\\/\\\/3.94.137.79\\\/#website\",\"url\":\"https:\\\/\\\/3.94.137.79\\\/\",\"name\":\"Katia Kud Design | Graphic and Web Designer\",\"description\":\"Graphic &amp; Web Designer Creating Marketing Materials, Reports and Infographics\",\"publisher\":{\"@id\":\"https:\\\/\\\/3.94.137.79\\\/#organization\"},\"potentialAction\":[{\"@type\":\"SearchAction\",\"target\":{\"@type\":\"EntryPoint\",\"urlTemplate\":\"https:\\\/\\\/3.94.137.79\\\/?s={search_term_string}\"},\"query-input\":{\"@type\":\"PropertyValueSpecification\",\"valueRequired\":true,\"valueName\":\"search_term_string\"}}],\"inLanguage\":\"fr-CA\"},{\"@type\":\"Organization\",\"@id\":\"https:\\\/\\\/3.94.137.79\\\/#organization\",\"name\":\"Katia Kud Design | Graphic and Web Designer\",\"url\":\"https:\\\/\\\/3.94.137.79\\\/\",\"logo\":{\"@type\":\"ImageObject\",\"inLanguage\":\"fr-CA\",\"@id\":\"https:\\\/\\\/3.94.137.79\\\/#\\\/schema\\\/logo\\\/image\\\/\",\"url\":\"https:\\\/\\\/www.katiakud.com\\\/wp-content\\\/uploads\\\/2024\\\/09\\\/KatiaKud_Rev.svg\",\"contentUrl\":\"https:\\\/\\\/www.katiakud.com\\\/wp-content\\\/uploads\\\/2024\\\/09\\\/KatiaKud_Rev.svg\",\"width\":666,\"height\":170,\"caption\":\"Katia Kud Design | Graphic and Web Designer\"},\"image\":{\"@id\":\"https:\\\/\\\/3.94.137.79\\\/#\\\/schema\\\/logo\\\/image\\\/\"}}]}<\/script>\n<!-- \/ Yoast SEO plugin. -->","yoast_head_json":{"title":"Tripican & Tropimix - Katia Kud Design | Graphic and Web Designer","description":"Since 2014, I played a key role in updating HARI Tropican & Tropimix bird food packaging. Led design efforts, crafted distinctive icons, and ensured quality through detailed proof reviews.","robots":{"index":"index","follow":"follow","max-snippet":"max-snippet:-1","max-image-preview":"max-image-preview:large","max-video-preview":"max-video-preview:-1"},"canonical":"https:\/\/www.katiakud.com\/fr\/tripican-tropimix\/","og_locale":"fr_CA","og_type":"article","og_title":"Tripican & Tropimix - Katia Kud Design | Graphic and Web Designer","og_description":"Since 2014, I played a key role in updating HARI Tropican & Tropimix bird food packaging. Led design efforts, crafted distinctive icons, and ensured quality through detailed proof reviews.","og_url":"https:\/\/www.katiakud.com\/fr\/tripican-tropimix\/","og_site_name":"Katia Kud Design | Graphic and Web Designer","article_modified_time":"2026-03-25T14:08:38+00:00","og_image":[{"width":1140,"height":1140,"url":"https:\/\/www.katiakud.com\/wp-content\/uploads\/2023\/04\/Tropican.jpg","type":"image\/jpeg"}],"twitter_card":"summary_large_image","twitter_misc":{"Estimation du temps de lecture":"2 minutes"},"schema":{"@context":"https:\/\/schema.org","@graph":[{"@type":"WebPage","@id":"https:\/\/www.katiakud.com\/tripican-tropimix\/","url":"https:\/\/www.katiakud.com\/tripican-tropimix\/","name":"Tripican & Tropimix - Katia Kud Design | Graphic and Web Designer","isPartOf":{"@id":"https:\/\/3.94.137.79\/#website"},"primaryImageOfPage":{"@id":"https:\/\/www.katiakud.com\/tripican-tropimix\/#primaryimage"},"image":{"@id":"https:\/\/www.katiakud.com\/tripican-tropimix\/#primaryimage"},"thumbnailUrl":"https:\/\/www.katiakud.com\/wp-content\/uploads\/2023\/04\/Tropican.jpg","datePublished":"2023-04-04T20:01:51+00:00","dateModified":"2026-03-25T14:08:38+00:00","description":"Since 2014, I played a key role in updating HARI Tropican & Tropimix bird food packaging. Led design efforts, crafted distinctive icons, and ensured quality through detailed proof reviews.","breadcrumb":{"@id":"https:\/\/www.katiakud.com\/tripican-tropimix\/#breadcrumb"},"inLanguage":"fr-CA","potentialAction":[{"@type":"ReadAction","target":["https:\/\/www.katiakud.com\/tripican-tropimix\/"]}]},{"@type":"ImageObject","inLanguage":"fr-CA","@id":"https:\/\/www.katiakud.com\/tripican-tropimix\/#primaryimage","url":"https:\/\/www.katiakud.com\/wp-content\/uploads\/2023\/04\/Tropican.jpg","contentUrl":"https:\/\/www.katiakud.com\/wp-content\/uploads\/2023\/04\/Tropican.jpg","width":1140,"height":1140,"caption":"Tropican Egg Packaging design"},{"@type":"BreadcrumbList","@id":"https:\/\/www.katiakud.com\/tripican-tropimix\/#breadcrumb","itemListElement":[{"@type":"ListItem","position":1,"name":"Home","item":"https:\/\/www.katiakud.com\/"},{"@type":"ListItem","position":2,"name":"Tripican &#038; Tropimix"}]},{"@type":"WebSite","@id":"https:\/\/3.94.137.79\/#website","url":"https:\/\/3.94.137.79\/","name":"Katia Kud Design | Graphic and Web Designer","description":"Graphic &amp; Web Designer Creating Marketing Materials, Reports and Infographics","publisher":{"@id":"https:\/\/3.94.137.79\/#organization"},"potentialAction":[{"@type":"SearchAction","target":{"@type":"EntryPoint","urlTemplate":"https:\/\/3.94.137.79\/?s={search_term_string}"},"query-input":{"@type":"PropertyValueSpecification","valueRequired":true,"valueName":"search_term_string"}}],"inLanguage":"fr-CA"},{"@type":"Organization","@id":"https:\/\/3.94.137.79\/#organization","name":"Katia Kud Design | Graphic and Web Designer","url":"https:\/\/3.94.137.79\/","logo":{"@type":"ImageObject","inLanguage":"fr-CA","@id":"https:\/\/3.94.137.79\/#\/schema\/logo\/image\/","url":"https:\/\/www.katiakud.com\/wp-content\/uploads\/2024\/09\/KatiaKud_Rev.svg","contentUrl":"https:\/\/www.katiakud.com\/wp-content\/uploads\/2024\/09\/KatiaKud_Rev.svg","width":666,"height":170,"caption":"Katia Kud Design | Graphic and Web Designer"},"image":{"@id":"https:\/\/3.94.137.79\/#\/schema\/logo\/image\/"}}]}},"_links":{"self":[{"href":"https:\/\/www.katiakud.com\/fr\/wp-json\/wp\/v2\/pages\/2958","targetHints":{"allow":["GET"]}}],"collection":[{"href":"https:\/\/www.katiakud.com\/fr\/wp-json\/wp\/v2\/pages"}],"about":[{"href":"https:\/\/www.katiakud.com\/fr\/wp-json\/wp\/v2\/types\/page"}],"author":[{"embeddable":true,"href":"https:\/\/www.katiakud.com\/fr\/wp-json\/wp\/v2\/users\/2"}],"replies":[{"embeddable":true,"href":"https:\/\/www.katiakud.com\/fr\/wp-json\/wp\/v2\/comments?post=2958"}],"version-history":[{"count":74,"href":"https:\/\/www.katiakud.com\/fr\/wp-json\/wp\/v2\/pages\/2958\/revisions"}],"predecessor-version":[{"id":5513,"href":"https:\/\/www.katiakud.com\/fr\/wp-json\/wp\/v2\/pages\/2958\/revisions\/5513"}],"wp:featuredmedia":[{"embeddable":true,"href":"https:\/\/www.katiakud.com\/fr\/wp-json\/wp\/v2\/media\/2964"}],"wp:attachment":[{"href":"https:\/\/www.katiakud.com\/fr\/wp-json\/wp\/v2\/media?parent=2958"}],"curies":[{"name":"wp","href":"https:\/\/api.w.org\/{rel}","templated":true}]}}