{"id":14,"date":"2021-11-21T15:14:19","date_gmt":"2021-11-21T15:14:19","guid":{"rendered":"http:\/\/3.94.137.79\/about\/"},"modified":"2026-03-14T08:48:16","modified_gmt":"2026-03-14T13:48:16","slug":"about-katia-kud-design","status":"publish","type":"page","link":"https:\/\/www.katiakud.com\/fr\/about-katia-kud-design\/","title":{"rendered":"\u00c0 propos"},"content":{"rendered":"<div data-elementor-type=\"wp-page\" data-elementor-id=\"14\" class=\"elementor elementor-14\" data-elementor-post-type=\"page\">\n\t\t\t\t<div class=\"has_eae_slider elementor-element elementor-element-a1d7dbd e-flex e-con-boxed wpr-particle-no wpr-jarallax-no wpr-parallax-no wpr-sticky-section-no wpr-equal-height-no e-con e-parent\" data-eae-slider=\"23090\" data-id=\"a1d7dbd\" data-element_type=\"container\" data-e-type=\"container\" data-settings=\"{&quot;background_background&quot;:&quot;classic&quot;}\">\n\t\t\t\t\t<div class=\"e-con-inner\">\n\t\t\t\t<div class=\"elementor-element elementor-element-dc198f8 elementor-widget elementor-widget-heading\" data-id=\"dc198f8\" data-element_type=\"widget\" data-e-type=\"widget\" data-widget_type=\"heading.default\">\n\t\t\t\t<div class=\"elementor-widget-container\">\n\t\t\t\t\t<h2 class=\"elementor-heading-title elementor-size-default\">About Katia Kud<\/h2>\t\t\t\t<\/div>\n\t\t\t\t<\/div>\n\t\t\t\t<div class=\"elementor-element elementor-element-6708444a elementor-widget elementor-widget-heading\" data-id=\"6708444a\" data-element_type=\"widget\" data-e-type=\"widget\" data-widget_type=\"heading.default\">\n\t\t\t\t<div class=\"elementor-widget-container\">\n\t\t\t\t\t<h2 class=\"elementor-heading-title elementor-size-default translation-block\">Derri\u00e8re les cr\u00e9ations : <strong> <i>D\u00e9couvrez Katia<\/strong> <\/i><\/h2>\t\t\t\t<\/div>\n\t\t\t\t<\/div>\n\t\t\t\t\t<\/div>\n\t\t\t\t<\/div>\n\t\t<div class=\"has_eae_slider elementor-element elementor-element-d3d223d e-flex e-con-boxed wpr-particle-no wpr-jarallax-no wpr-parallax-no wpr-sticky-section-no wpr-equal-height-no e-con e-parent\" data-eae-slider=\"78466\" data-id=\"d3d223d\" data-element_type=\"container\" data-e-type=\"container\" data-settings=\"{&quot;background_background&quot;:&quot;classic&quot;}\">\n\t\t\t\t\t<div class=\"e-con-inner\">\n\t\t<div class=\"has_eae_slider elementor-element elementor-element-1167eef e-con-full e-flex wpr-particle-no wpr-jarallax-no wpr-parallax-no wpr-sticky-section-no wpr-equal-height-no e-con e-child\" data-eae-slider=\"60042\" data-id=\"1167eef\" data-element_type=\"container\" data-e-type=\"container\">\n\t\t\t\t<div class=\"elementor-element elementor-element-e071e4d elementor-widget__width-initial elementor-widget-tablet__width-initial elementor-widget elementor-widget-image\" data-id=\"e071e4d\" data-element_type=\"widget\" data-e-type=\"widget\" data-widget_type=\"image.default\">\n\t\t\t\t<div class=\"elementor-widget-container\">\n\t\t\t\t\t\t\t\t\t\t\t\t\t\t\t<img fetchpriority=\"high\" decoding=\"async\" width=\"500\" height=\"757\" src=\"https:\/\/3.94.137.79\/wp-content\/uploads\/2024\/09\/KatiaKudriavtsev-1.webp\" class=\"attachment-large size-large wp-image-4467\" alt=\"\" srcset=\"https:\/\/3.94.137.79\/wp-content\/uploads\/2024\/09\/KatiaKudriavtsev-1.webp 500w, https:\/\/3.94.137.79\/wp-content\/uploads\/2024\/09\/KatiaKudriavtsev-1-198x300.webp 198w\" sizes=\"(max-width: 500px) 100vw, 500px\" \/>\t\t\t\t\t\t\t\t\t\t\t\t\t\t\t<\/div>\n\t\t\t\t<\/div>\n\t\t<div class=\"has_eae_slider elementor-element elementor-element-09666c2 e-con-full e-flex wpr-particle-no wpr-jarallax-no wpr-parallax-no wpr-sticky-section-no wpr-equal-height-no e-con e-child\" data-eae-slider=\"96916\" data-id=\"09666c2\" data-element_type=\"container\" data-e-type=\"container\">\n\t\t\t\t<div class=\"elementor-element elementor-element-7ee2540 elementor-widget elementor-widget-text-editor\" data-id=\"7ee2540\" data-element_type=\"widget\" data-e-type=\"widget\" data-widget_type=\"text-editor.default\">\n\t\t\t\t<div class=\"elementor-widget-container\">\n\t\t\t\t\t\t\t\t\t<p class=\"translation-block\">Bonjour ! Je suis graphiste et concepteur web et j'ai plusieurs ann\u00e9es d'exp\u00e9rience aupr\u00e8s d'entreprises, d'agences et d'entreprises familiales. Mon travail consiste \u00e0 transformer des id\u00e9es en une communication visuelle claire et captivante, afin d'aider les organisations \u00e0 pr\u00e9senter leur message de mani\u00e8re \u00e0 la fois convaincante et facile \u00e0 comprendre.<\/p><p>Au fil des ans, j'ai collabor\u00e9 avec des entreprises issues de divers secteurs, notamment la sant\u00e9, le conseil et les technologies.<\/p><p data-start=\"1724\" data-end=\"2020\">Qu'il s'agisse de concevoir un logo, de cr\u00e9er des supports marketing ou de d\u00e9velopper un site web, mon objectif est de vous aider \u00e0 donner vie \u00e0 votre vision gr\u00e2ce \u00e0 un design soign\u00e9. J'aime trouver des solutions visuelles qui, en plus d'\u00eatre esth\u00e9tiques, soutiennent vos objectifs commerciaux et transmettent efficacement votre message.<\/p><p data-start=\"2027\" data-end=\"2179\">I\u2019m especially drawn to projects that involve organizing complex information into clear visual layouts, such as reports, <a href=\"https:\/\/www.katiakud.com\/fr\/abilis-solutions-white-paper-design\/\" target=\"_blank\" rel=\"noopener\"><span><strong>livre blanc<\/strong><\/span><\/a>, and <a href=\"https:\/\/www.katiakud.com\/fr\/abilis-case-study\/\" target=\"_blank\" rel=\"noopener\"><span><strong>infographies<\/strong><\/span><\/a>.<\/p><p>Je m\u2019engage \u00e0 rester \u00e0 jour avec les derni\u00e8res tendances et technologies en design, en apprenant et en \u00e9voluant continuellement pour apporter des id\u00e9es fra\u00eeches et innovantes \u00e0 chaque projet. Une bonne gestion de mon temps me permet de livrer un travail de qualit\u00e9 dans les d\u00e9lais, et je suis toujours partante pour explorer de nouvelles pistes cr\u00e9atives.<\/p><p>La communication est essentielle pour moi. Je privil\u00e9gie un dialogue ouvert et collaboratif afin que vos besoins et objectifs restent au c\u0153ur du projet. En restant \u00e0 l\u2019\u00e9coute et en expliquant mes choix de design, je m\u2019assure que vous soyez impliqu\u00e9 \u00e0 chaque \u00e9tape du processus.<\/p><p class=\"translation-block\">Depuis mon passage au travail en freelance en septembre 2022, j\u2019ai eu le plaisir de collaborer avec une vari\u00e9t\u00e9 de clients, ce qui a grandement contribu\u00e9 \u00e0 mon \u00e9volution. Chaque projet apporte son lot de d\u00e9fis et d\u2019occasions d\u2019innover. En 2023, l\u2019un de mes stands d\u2019exposition a remport\u00e9 <a href=\"https:\/\/www.katiakud.com\/fr\/abilis-tradeshow\/\" target=\"_blank\" rel=\"noopener\"><span style=\"text-decoration: underline\"><strong> le prix du Meilleur stand<\/strong><\/span><\/a>, une belle reconnaissance de la cr\u00e9ativit\u00e9 et de l\u2019efficacit\u00e9 de mon travail.<\/p><p>Si vous cherchez une designer enthousiaste \u00e0 l\u2019id\u00e9e de donner vie \u00e0 vos id\u00e9es et de rester \u00e0 l\u2019avant-garde des tendances, discutons-en et cr\u00e9ons quelque chose de formidable ensemble !<\/p>\t\t\t\t\t\t\t\t<\/div>\n\t\t\t\t<\/div>\n\t\t\t\t<\/div>\n\t\t\t\t<\/div>\n\t\t\t\t\t<\/div>\n\t\t\t\t<\/div>\n\t\t<div class=\"has_eae_slider elementor-element elementor-element-4e69ef88 e-flex e-con-boxed wpr-particle-no wpr-jarallax-no wpr-parallax-no wpr-sticky-section-no wpr-equal-height-no e-con e-parent\" data-eae-slider=\"43986\" data-id=\"4e69ef88\" data-element_type=\"container\" data-e-type=\"container\" data-settings=\"{&quot;background_background&quot;:&quot;classic&quot;}\">\n\t\t\t\t\t<div class=\"e-con-inner\">\n\t\t<div class=\"has_eae_slider elementor-element elementor-element-1633a943 e-con-full e-flex wpr-particle-no wpr-jarallax-no wpr-parallax-no wpr-sticky-section-no wpr-equal-height-no e-con e-child\" data-eae-slider=\"54384\" data-id=\"1633a943\" data-element_type=\"container\" data-e-type=\"container\">\n\t\t\t\t<div class=\"elementor-element elementor-element-6e4f2a67 elementor-widget elementor-widget-heading\" data-id=\"6e4f2a67\" data-element_type=\"widget\" data-e-type=\"widget\" data-widget_type=\"heading.default\">\n\t\t\t\t<div class=\"elementor-widget-container\">\n\t\t\t\t\t<h2 class=\"elementor-heading-title elementor-size-default\">Transformons votre vision en r\u00e9alit\u00e9 !<\/h2>\t\t\t\t<\/div>\n\t\t\t\t<\/div>\n\t\t\t\t<div class=\"elementor-element elementor-element-55aabef3 elementor-widget elementor-widget-text-editor\" data-id=\"55aabef3\" data-element_type=\"widget\" data-e-type=\"widget\" data-widget_type=\"text-editor.default\">\n\t\t\t\t<div class=\"elementor-widget-container translation-block\">Maintenant que vous en savez un peu plus sur moi, <strong><i>j\u2019aimerais en savoir plus sur vous et votre projet !<\/strong><\/i> Que vous ayez une nouvelle id\u00e9e ou que vous ayez besoin d\u2019aide pour concr\u00e9tiser votre vision, n\u2019h\u00e9sitez pas \u00e0 me contacter \u2014 <strong><i>je suis toujours enthousiaste \u00e0 l\u2019id\u00e9e de collaborer sur quelque chose d\u2019unique.<\/strong><\/i><\/div>\n\t\t\t\t<\/div>\n\t\t\t\t<\/div>\n\t\t<div class=\"has_eae_slider elementor-element elementor-element-63533cd8 e-con-full e-flex wpr-particle-no wpr-jarallax-no wpr-parallax-no wpr-sticky-section-no wpr-equal-height-no e-con e-child\" data-eae-slider=\"15222\" data-id=\"63533cd8\" data-element_type=\"container\" data-e-type=\"container\">\n\t\t\t\t<div class=\"elementor-element elementor-element-1f30cf0c elementor-align-center elementor-widget elementor-widget-button\" data-id=\"1f30cf0c\" data-element_type=\"widget\" data-e-type=\"widget\" data-widget_type=\"button.default\">\n\t\t\t\t<div class=\"elementor-widget-container\">\n\t\t\t\t\t\t\t\t\t<div class=\"elementor-button-wrapper\">\n\t\t\t\t\t<a class=\"elementor-button elementor-button-link elementor-size-sm\" href=\"https:\/\/www.katiakud.com\/fr\/contact-katia-kud\/\" target=\"_blank\">\n\t\t\t\t\t\t<span class=\"elementor-button-content-wrapper\">\n\t\t\t\t\t\t\t\t\t<span class=\"elementor-button-text\">Connectons-nous<\/span>\n\t\t\t\t\t<\/span>\n\t\t\t\t\t<\/a>\n\t\t\t\t<\/div>\n\t\t\t\t\t\t\t\t<\/div>\n\t\t\t\t<\/div>\n\t\t\t\t<div class=\"elementor-element elementor-element-585d77ea elementor-align-center elementor-widget elementor-widget-button\" data-id=\"585d77ea\" data-element_type=\"widget\" data-e-type=\"widget\" data-widget_type=\"button.default\">\n\t\t\t\t<div class=\"elementor-widget-container\">\n\t\t\t\t\t\t\t\t\t<div class=\"elementor-button-wrapper\">\n\t\t\t\t\t<a class=\"elementor-button elementor-button-link elementor-size-sm\" href=\"https:\/\/www.katiakud.com\/wp-content\/uploads\/2024\/09\/KatiaKudriavtsev-CV.pdf\" target=\"_blank\">\n\t\t\t\t\t\t<span class=\"elementor-button-content-wrapper\">\n\t\t\t\t\t\t\t\t\t<span class=\"elementor-button-text\">T\u00e9l\u00e9chargez mon CV<\/span>\n\t\t\t\t\t<\/span>\n\t\t\t\t\t<\/a>\n\t\t\t\t<\/div>\n\t\t\t\t\t\t\t\t<\/div>\n\t\t\t\t<\/div>\n\t\t\t\t<\/div>\n\t\t\t\t\t<\/div>\n\t\t\t\t<\/div>\n\t\t\t\t<\/div>","protected":false},"excerpt":{"rendered":"<p>About Katia Kud Behind the Designs: Get to know Katia Hey there! I\u2019m a graphic and web designer with years of experience working with corporate, agency, and family-owned businesses. My work focuses on turning ideas into clear and engaging visual communication, helping organizations present their message in a way that is both compelling and easy to understand. Over the years, I\u2019ve worked with organizations across different industries, including healthcare, consulting, and technology. Whether it\u2019s designing a logo, creating marketing materials, or developing a website, my goal is to help bring your vision to life through thoughtful design. I enjoy finding visual solutions that not only look great but also support your business goals and communicate your message effectively. I\u2019m especially drawn to projects that involve organizing complex information into clear visual layouts, such as reports, white papers, and infographics. I\u2019m committed to staying on top of the latest design trends and technologies, continually learning and evolving to bring fresh, innovative ideas to every project. Managing my time well ensures I deliver quality work on schedule, and I\u2019m always up for exploring new creative possibilities. Communication is key for me. I prioritize open, collaborative dialogue to ensure your needs and goals are central to the project. By staying engaged and explaining my design choices, I make sure you\u2019re part of every step of the process. Since transitioning to freelancing in September 2022, I\u2019ve had the pleasure of working with a variety of clients, which has been fantastic for my growth. Each project brings new challenges and opportunities for innovation. In 2023, my tradeshow booth design won the Best Tradeshow Booth award, a testament to the effectiveness and creativity of my work. If you\u2019re looking for a designer who\u2019s excited to bring your ideas to life and stay ahead of design trends, let\u2019s chat and create something amazing together! Let\u2019s Bring Your Vision to Life! Now that you\u2019ve learned a bit about me, I\u2019d love to hear about you and your project! Whether you have a fresh idea or need help bringing your vision to life, reach out\u2014I\u2019m always excited to collaborate on something special. Let&#8217;s Connect Download my CV<\/p>","protected":false},"author":2,"featured_media":0,"parent":0,"menu_order":0,"comment_status":"closed","ping_status":"closed","template":"","meta":{"_monsterinsights_skip_tracking":false,"_monsterinsights_sitenote_active":false,"_monsterinsights_sitenote_note":"","_monsterinsights_sitenote_category":0,"footnotes":""},"class_list":["post-14","page","type-page","status-publish","hentry"],"blocksy_meta":[],"yoast_head":"<!-- This site is optimized with the Yoast SEO plugin v27.4 - https:\/\/yoast.com\/product\/yoast-seo-wordpress\/ -->\n<title>About - Katia Kud Design | Graphic and Web Designer<\/title>\n<meta name=\"description\" content=\"Meet Katia Kud, a freelance graphic and web designer helping businesses communicate clearly through logos, marketing materials, reports, and infographics.\" \/>\n<meta name=\"robots\" content=\"index, follow, max-snippet:-1, max-image-preview:large, max-video-preview:-1\" \/>\n<link rel=\"canonical\" href=\"https:\/\/www.katiakud.com\/fr\/about-katia-kud-design\/\" \/>\n<meta property=\"og:locale\" content=\"fr_CA\" \/>\n<meta property=\"og:type\" content=\"article\" \/>\n<meta property=\"og:title\" content=\"About - Katia Kud Design | Graphic and Web Designer\" \/>\n<meta property=\"og:description\" content=\"Meet Katia Kud, a freelance graphic and web designer helping businesses communicate clearly through logos, marketing materials, reports, and infographics.\" \/>\n<meta property=\"og:url\" content=\"https:\/\/www.katiakud.com\/fr\/about-katia-kud-design\/\" \/>\n<meta property=\"og:site_name\" content=\"Katia Kud Design | Graphic and Web Designer\" \/>\n<meta property=\"article:modified_time\" content=\"2026-03-14T13:48:16+00:00\" \/>\n<meta property=\"og:image\" content=\"https:\/\/www.katiakud.com\/wp-content\/uploads\/2024\/09\/KatiaKudriavtsev-1.webp\" \/>\n<meta name=\"twitter:card\" content=\"summary_large_image\" \/>\n<meta name=\"twitter:label1\" content=\"Estimation du temps de lecture\" \/>\n\t<meta name=\"twitter:data1\" content=\"2 minutes\" \/>\n<script type=\"application\/ld+json\" class=\"yoast-schema-graph\">{\"@context\":\"https:\\\/\\\/schema.org\",\"@graph\":[{\"@type\":\"WebPage\",\"@id\":\"https:\\\/\\\/www.katiakud.com\\\/about-katia-kud-design\\\/\",\"url\":\"https:\\\/\\\/www.katiakud.com\\\/about-katia-kud-design\\\/\",\"name\":\"About - Katia Kud Design | Graphic and Web Designer\",\"isPartOf\":{\"@id\":\"https:\\\/\\\/www.katiakud.com\\\/#website\"},\"primaryImageOfPage\":{\"@id\":\"https:\\\/\\\/www.katiakud.com\\\/about-katia-kud-design\\\/#primaryimage\"},\"image\":{\"@id\":\"https:\\\/\\\/www.katiakud.com\\\/about-katia-kud-design\\\/#primaryimage\"},\"thumbnailUrl\":\"https:\\\/\\\/www.katiakud.com\\\/wp-content\\\/uploads\\\/2024\\\/09\\\/KatiaKudriavtsev-1.webp\",\"datePublished\":\"2021-11-21T15:14:19+00:00\",\"dateModified\":\"2026-03-14T13:48:16+00:00\",\"description\":\"Meet Katia Kud, a freelance graphic and web designer helping businesses communicate clearly through logos, marketing materials, reports, and infographics.\",\"breadcrumb\":{\"@id\":\"https:\\\/\\\/www.katiakud.com\\\/about-katia-kud-design\\\/#breadcrumb\"},\"inLanguage\":\"fr-CA\",\"potentialAction\":[{\"@type\":\"ReadAction\",\"target\":[\"https:\\\/\\\/www.katiakud.com\\\/about-katia-kud-design\\\/\"]}]},{\"@type\":\"ImageObject\",\"inLanguage\":\"fr-CA\",\"@id\":\"https:\\\/\\\/www.katiakud.com\\\/about-katia-kud-design\\\/#primaryimage\",\"url\":\"https:\\\/\\\/www.katiakud.com\\\/wp-content\\\/uploads\\\/2024\\\/09\\\/KatiaKudriavtsev-1.webp\",\"contentUrl\":\"https:\\\/\\\/www.katiakud.com\\\/wp-content\\\/uploads\\\/2024\\\/09\\\/KatiaKudriavtsev-1.webp\"},{\"@type\":\"BreadcrumbList\",\"@id\":\"https:\\\/\\\/www.katiakud.com\\\/about-katia-kud-design\\\/#breadcrumb\",\"itemListElement\":[{\"@type\":\"ListItem\",\"position\":1,\"name\":\"Home\",\"item\":\"https:\\\/\\\/www.katiakud.com\\\/\"},{\"@type\":\"ListItem\",\"position\":2,\"name\":\"About\"}]},{\"@type\":\"WebSite\",\"@id\":\"https:\\\/\\\/www.katiakud.com\\\/#website\",\"url\":\"https:\\\/\\\/www.katiakud.com\\\/\",\"name\":\"Katia Kud Design | Graphic and Web Designer\",\"description\":\"Graphic &amp; Web Designer Creating Marketing Materials, Reports and Infographics\",\"publisher\":{\"@id\":\"https:\\\/\\\/www.katiakud.com\\\/#organization\"},\"potentialAction\":[{\"@type\":\"SearchAction\",\"target\":{\"@type\":\"EntryPoint\",\"urlTemplate\":\"https:\\\/\\\/www.katiakud.com\\\/?s={search_term_string}\"},\"query-input\":{\"@type\":\"PropertyValueSpecification\",\"valueRequired\":true,\"valueName\":\"search_term_string\"}}],\"inLanguage\":\"fr-CA\"},{\"@type\":\"Organization\",\"@id\":\"https:\\\/\\\/www.katiakud.com\\\/#organization\",\"name\":\"Katia Kud Design | Graphic and Web Designer\",\"url\":\"https:\\\/\\\/www.katiakud.com\\\/\",\"logo\":{\"@type\":\"ImageObject\",\"inLanguage\":\"fr-CA\",\"@id\":\"https:\\\/\\\/www.katiakud.com\\\/#\\\/schema\\\/logo\\\/image\\\/\",\"url\":\"https:\\\/\\\/www.katiakud.com\\\/wp-content\\\/uploads\\\/2024\\\/09\\\/KatiaKud_Rev.svg\",\"contentUrl\":\"https:\\\/\\\/www.katiakud.com\\\/wp-content\\\/uploads\\\/2024\\\/09\\\/KatiaKud_Rev.svg\",\"width\":666,\"height\":170,\"caption\":\"Katia Kud Design | Graphic and Web Designer\"},\"image\":{\"@id\":\"https:\\\/\\\/www.katiakud.com\\\/#\\\/schema\\\/logo\\\/image\\\/\"}}]}<\/script>\n<!-- \/ Yoast SEO plugin. -->","yoast_head_json":{"title":"About - Katia Kud Design | Graphic and Web Designer","description":"Meet Katia Kud, a freelance graphic and web designer helping businesses communicate clearly through logos, marketing materials, reports, and infographics.","robots":{"index":"index","follow":"follow","max-snippet":"max-snippet:-1","max-image-preview":"max-image-preview:large","max-video-preview":"max-video-preview:-1"},"canonical":"https:\/\/www.katiakud.com\/fr\/about-katia-kud-design\/","og_locale":"fr_CA","og_type":"article","og_title":"About - Katia Kud Design | Graphic and Web Designer","og_description":"Meet Katia Kud, a freelance graphic and web designer helping businesses communicate clearly through logos, marketing materials, reports, and infographics.","og_url":"https:\/\/www.katiakud.com\/fr\/about-katia-kud-design\/","og_site_name":"Katia Kud Design | Graphic and Web Designer","article_modified_time":"2026-03-14T13:48:16+00:00","og_image":[{"url":"https:\/\/www.katiakud.com\/wp-content\/uploads\/2024\/09\/KatiaKudriavtsev-1.webp","type":"","width":"","height":""}],"twitter_card":"summary_large_image","twitter_misc":{"Estimation du temps de lecture":"2 minutes"},"schema":{"@context":"https:\/\/schema.org","@graph":[{"@type":"WebPage","@id":"https:\/\/www.katiakud.com\/about-katia-kud-design\/","url":"https:\/\/www.katiakud.com\/about-katia-kud-design\/","name":"About - Katia Kud Design | Graphic and Web Designer","isPartOf":{"@id":"https:\/\/www.katiakud.com\/#website"},"primaryImageOfPage":{"@id":"https:\/\/www.katiakud.com\/about-katia-kud-design\/#primaryimage"},"image":{"@id":"https:\/\/www.katiakud.com\/about-katia-kud-design\/#primaryimage"},"thumbnailUrl":"https:\/\/www.katiakud.com\/wp-content\/uploads\/2024\/09\/KatiaKudriavtsev-1.webp","datePublished":"2021-11-21T15:14:19+00:00","dateModified":"2026-03-14T13:48:16+00:00","description":"Meet Katia Kud, a freelance graphic and web designer helping businesses communicate clearly through logos, marketing materials, reports, and infographics.","breadcrumb":{"@id":"https:\/\/www.katiakud.com\/about-katia-kud-design\/#breadcrumb"},"inLanguage":"fr-CA","potentialAction":[{"@type":"ReadAction","target":["https:\/\/www.katiakud.com\/about-katia-kud-design\/"]}]},{"@type":"ImageObject","inLanguage":"fr-CA","@id":"https:\/\/www.katiakud.com\/about-katia-kud-design\/#primaryimage","url":"https:\/\/www.katiakud.com\/wp-content\/uploads\/2024\/09\/KatiaKudriavtsev-1.webp","contentUrl":"https:\/\/www.katiakud.com\/wp-content\/uploads\/2024\/09\/KatiaKudriavtsev-1.webp"},{"@type":"BreadcrumbList","@id":"https:\/\/www.katiakud.com\/about-katia-kud-design\/#breadcrumb","itemListElement":[{"@type":"ListItem","position":1,"name":"Home","item":"https:\/\/www.katiakud.com\/"},{"@type":"ListItem","position":2,"name":"About"}]},{"@type":"WebSite","@id":"https:\/\/www.katiakud.com\/#website","url":"https:\/\/www.katiakud.com\/","name":"Katia Kud Design | Graphic and Web Designer","description":"Graphic &amp; Web Designer Creating Marketing Materials, Reports and Infographics","publisher":{"@id":"https:\/\/www.katiakud.com\/#organization"},"potentialAction":[{"@type":"SearchAction","target":{"@type":"EntryPoint","urlTemplate":"https:\/\/www.katiakud.com\/?s={search_term_string}"},"query-input":{"@type":"PropertyValueSpecification","valueRequired":true,"valueName":"search_term_string"}}],"inLanguage":"fr-CA"},{"@type":"Organization","@id":"https:\/\/www.katiakud.com\/#organization","name":"Katia Kud Design | Graphic and Web Designer","url":"https:\/\/www.katiakud.com\/","logo":{"@type":"ImageObject","inLanguage":"fr-CA","@id":"https:\/\/www.katiakud.com\/#\/schema\/logo\/image\/","url":"https:\/\/www.katiakud.com\/wp-content\/uploads\/2024\/09\/KatiaKud_Rev.svg","contentUrl":"https:\/\/www.katiakud.com\/wp-content\/uploads\/2024\/09\/KatiaKud_Rev.svg","width":666,"height":170,"caption":"Katia Kud Design | Graphic and Web Designer"},"image":{"@id":"https:\/\/www.katiakud.com\/#\/schema\/logo\/image\/"}}]}},"_links":{"self":[{"href":"https:\/\/www.katiakud.com\/fr\/wp-json\/wp\/v2\/pages\/14","targetHints":{"allow":["GET"]}}],"collection":[{"href":"https:\/\/www.katiakud.com\/fr\/wp-json\/wp\/v2\/pages"}],"about":[{"href":"https:\/\/www.katiakud.com\/fr\/wp-json\/wp\/v2\/types\/page"}],"author":[{"embeddable":true,"href":"https:\/\/www.katiakud.com\/fr\/wp-json\/wp\/v2\/users\/2"}],"replies":[{"embeddable":true,"href":"https:\/\/www.katiakud.com\/fr\/wp-json\/wp\/v2\/comments?post=14"}],"version-history":[{"count":226,"href":"https:\/\/www.katiakud.com\/fr\/wp-json\/wp\/v2\/pages\/14\/revisions"}],"predecessor-version":[{"id":5463,"href":"https:\/\/www.katiakud.com\/fr\/wp-json\/wp\/v2\/pages\/14\/revisions\/5463"}],"wp:attachment":[{"href":"https:\/\/www.katiakud.com\/fr\/wp-json\/wp\/v2\/media?parent=14"}],"curies":[{"name":"wp","href":"https:\/\/api.w.org\/{rel}","templated":true}]}}